{"id":987496767,"date":"2022-02-19T20:53:46","date_gmt":"2022-02-19T23:53:46","guid":{"rendered":"https:\/\/escolamodernademisterios.com\/path-of-progression\/"},"modified":"2023-07-12T17:02:16","modified_gmt":"2023-07-12T20:02:16","slug":"path-of-progression","status":"publish","type":"page","link":"https:\/\/escolamodernademisterios.com\/en\/path-of-progression\/","title":{"rendered":"Path of Progression"},"content":{"rendered":"<p>[et_pb_section fb_built=&#8221;1&#8243; admin_label=&#8221;Countdown Section&#8221; _builder_version=&#8221;4.16&#8243; custom_padding=&#8221;120px||100px|&#8221; animation_style=&#8221;zoom&#8221; animation_direction=&#8221;bottom&#8221; animation_intensity_zoom=&#8221;4%&#8221; global_colors_info=&#8221;{}&#8221;][et_pb_row admin_label=&#8221;Countdown Title&#8221; _builder_version=&#8221;4.16&#8243; background_color=&#8221;#FFFFFF&#8221; background_size=&#8221;initial&#8221; background_position=&#8221;top_left&#8221; background_repeat=&#8221;repeat&#8221; custom_padding=&#8221;1px|||||&#8221; global_colors_info=&#8221;{}&#8221;][et_pb_column type=&#8221;4_4&#8243; _builder_version=&#8221;4.16&#8243; custom_padding=&#8221;|||&#8221; global_colors_info=&#8221;{}&#8221; custom_padding__hover=&#8221;|||&#8221;][et_pb_text _builder_version=&#8221;4.21.0&#8243; _module_preset=&#8221;default&#8221; text_line_height=&#8221;1.5em&#8221; background_color=&#8221;#FFFFFF&#8221; width=&#8221;100%&#8221; custom_margin=&#8221;0px|-6px||1px|false|false&#8221; custom_padding=&#8221;|0px||0px|false|false&#8221; global_colors_info=&#8221;{}&#8221;]<\/p>\n<h2>THE PATH OF PROGRESSION<\/h2>\n<header class=\"entry-header\"><\/header>\n<div class=\"entry-content content\">\n<p>In any initatiory system there is a &#8220;Path of Progession&#8221;, or, in other words, steps you can choose to take to follow the tradition of the Modern Mystery School in the search for more light and knowledge. Each step is completely optional, although there are a few prerequisites and requirements to some of the steps along the way. Some initiations are by application only, to make sure that you are fully aware of each choice you make to continue your studies.<\/p>\n<p>This image bellow is a visual representation of how the Path of Progression unfolds, step by step. The time you spend on each step is unique, and no one is under any obligation of continuing to the next step.<\/p>\n<p>Consult with a Certified Guide or <a href=\"mailto:info@escolamodernademisterios.com.br\" target=\"_blank\" rel=\"noopener\"><strong>contact us<\/strong><\/a> to find out more about how the Path of Progression can assist and empower your spiritual life and life purpose!<\/p>\n<\/div>\n<p>&nbsp;<\/p>\n<p>[\/et_pb_text][et_pb_image src=&#8221;https:\/\/escolamodernademisterios.com\/wp-content\/uploads\/2022\/10\/path_of_progression-1.jpg&#8221; title_text=&#8221;path_of_progression&#8221; _builder_version=&#8221;4.18.0&#8243; _module_preset=&#8221;default&#8221; global_colors_info=&#8221;{}&#8221;][\/et_pb_image][\/et_pb_column][\/et_pb_row][\/et_pb_section][et_pb_section fb_built=&#8221;1&#8243; _builder_version=&#8221;4.18.0&#8243; _module_preset=&#8221;default&#8221; background_color=&#8221;#d3b779&#8243; custom_padding=&#8221;0px||0px|||&#8221; saved_tabs=&#8221;all&#8221; global_colors_info=&#8221;{}&#8221;][et_pb_row column_structure=&#8221;1_3,1_3,1_3&#8243; _builder_version=&#8221;4.18.0&#8243; _module_preset=&#8221;default&#8221; global_colors_info=&#8221;{}&#8221;][et_pb_column type=&#8221;1_3&#8243; _builder_version=&#8221;4.18.0&#8243; _module_preset=&#8221;default&#8221; global_colors_info=&#8221;{}&#8221;][et_pb_blurb use_icon=&#8221;on&#8221; font_icon=&#8221;&#xe081;||divi||400&#8243; icon_color=&#8221;#FFFFFF&#8221; icon_placement=&#8221;left&#8221; image_icon_width=&#8221;27px&#8221; _builder_version=&#8221;4.19.4&#8243; _module_preset=&#8221;default&#8221; header_text_color=&#8221;#FFFFFF&#8221; body_text_color=&#8221;#FFFFFF&#8221; body_font_size=&#8221;17px&#8221; body_line_height=&#8221;1.4em&#8221; global_colors_info=&#8221;{}&#8221;]<\/p>\n<p><span>Avenida Pequeno Pr\u00edncipe, 1482, loja 03 \u2013 Campeche, Florian\u00f3polis \u2013 SC, Brasil<\/span><\/p>\n<p>[\/et_pb_blurb][\/et_pb_column][et_pb_column type=&#8221;1_3&#8243; _builder_version=&#8221;4.18.0&#8243; _module_preset=&#8221;default&#8221; global_colors_info=&#8221;{}&#8221;][et_pb_blurb use_icon=&#8221;on&#8221; font_icon=&#8221;&#xe076;||divi||400&#8243; icon_color=&#8221;#FFFFFF&#8221; icon_placement=&#8221;left&#8221; image_icon_width=&#8221;27px&#8221; _builder_version=&#8221;4.18.0&#8243; _module_preset=&#8221;default&#8221; header_text_color=&#8221;#FFFFFF&#8221; body_text_color=&#8221;#FFFFFF&#8221; body_font_size=&#8221;17px&#8221; body_line_height=&#8221;1.4em&#8221; link_option_url=&#8221;mailto:info@escolamodernademisterios.com.br&#8221; global_colors_info=&#8221;{}&#8221;]<\/p>\n<p>info@escolamodernademisterios.com.br<\/p>\n<p>[\/et_pb_blurb][\/et_pb_column][et_pb_column type=&#8221;1_3&#8243; _builder_version=&#8221;4.18.0&#8243; _module_preset=&#8221;default&#8221; global_colors_info=&#8221;{}&#8221;][et_pb_blurb use_icon=&#8221;on&#8221; font_icon=&#8221;&#xe090;||divi||400&#8243; icon_color=&#8221;#FFFFFF&#8221; icon_placement=&#8221;left&#8221; image_icon_width=&#8221;27px&#8221; _builder_version=&#8221;4.18.0&#8243; _module_preset=&#8221;default&#8221; header_text_color=&#8221;#FFFFFF&#8221; body_text_color=&#8221;#FFFFFF&#8221; body_font_size=&#8221;17px&#8221; body_line_height=&#8221;1.4em&#8221; body_font_tablet=&#8221;&#8221; body_font_phone=&#8221;&#8221; body_font_last_edited=&#8221;on|desktop&#8221; global_colors_info=&#8221;{}&#8221;]<\/p>\n<p><span style=\"color: #ffffff;\">+55 48 9 9163 4824<\/span><\/p>\n<p>[\/et_pb_blurb][\/et_pb_column][\/et_pb_row][\/et_pb_section]<\/p>\n","protected":false},"excerpt":{"rendered":"<p>THE PATH OF PROGRESSION In any initatiory system there is a &#8220;Path of Progession&#8221;, or, in other words, steps you can choose to take to follow the tradition of the [&hellip;]<\/p>\n","protected":false},"author":1,"featured_media":0,"parent":0,"menu_order":0,"comment_status":"closed","ping_status":"closed","template":"","meta":{"_et_pb_use_builder":"on","_et_pb_old_content":"","_et_gb_content_width":"","footnotes":""},"class_list":["post-987496767","page","type-page","status-publish","hentry"],"yoast_head":"<!-- This site is optimized with the Yoast SEO plugin v27.2 - https:\/\/yoast.com\/product\/yoast-seo-wordpress\/ -->\n<title>Path of Progression | Escola Moderna de Mist\u00e9rios<\/title>\n<meta name=\"robots\" content=\"noindex, follow, max-snippet:-1, max-image-preview:large, max-video-preview:-1\" \/>\n<meta property=\"og:locale\" content=\"en_US\" \/>\n<meta property=\"og:type\" content=\"article\" \/>\n<meta property=\"og:title\" content=\"Path of Progression | Escola Moderna de Mist\u00e9rios\" \/>\n<meta property=\"og:description\" content=\"THE PATH OF PROGRESSION In any initatiory system there is a &quot;Path of Progession&quot;, or, in other words, steps you can choose to take to follow the tradition of the [&hellip;]\" \/>\n<meta property=\"og:url\" content=\"https:\/\/escolamodernademisterios.com\/en\/path-of-progression\/\" \/>\n<meta property=\"og:site_name\" content=\"Escola Moderna de Mist\u00e9rios\" \/>\n<meta property=\"article:publisher\" content=\"https:\/\/www.facebook.com\/EscolaDeMisteriosBrasil\" \/>\n<meta property=\"article:modified_time\" content=\"2023-07-12T20:02:16+00:00\" \/>\n<meta name=\"twitter:card\" content=\"summary_large_image\" \/>\n<meta name=\"twitter:label1\" content=\"Est. reading time\" \/>\n\t<meta name=\"twitter:data1\" content=\"3 minutes\" \/>\n<script type=\"application\/ld+json\" class=\"yoast-schema-graph\">{\"@context\":\"https:\/\/schema.org\",\"@graph\":[{\"@type\":\"WebPage\",\"@id\":\"https:\/\/escolamodernademisterios.com\/en\/path-of-progression\/\",\"url\":\"https:\/\/escolamodernademisterios.com\/en\/path-of-progression\/\",\"name\":\"Path of Progression | Escola Moderna de Mist\u00e9rios\",\"isPartOf\":{\"@id\":\"https:\/\/escolamodernademisterios.com\/en\/#website\"},\"datePublished\":\"2022-02-19T23:53:46+00:00\",\"dateModified\":\"2023-07-12T20:02:16+00:00\",\"breadcrumb\":{\"@id\":\"https:\/\/escolamodernademisterios.com\/en\/path-of-progression\/#breadcrumb\"},\"inLanguage\":\"en-US\",\"potentialAction\":[{\"@type\":\"ReadAction\",\"target\":[\"https:\/\/escolamodernademisterios.com\/en\/path-of-progression\/\"]}]},{\"@type\":\"BreadcrumbList\",\"@id\":\"https:\/\/escolamodernademisterios.com\/en\/path-of-progression\/#breadcrumb\",\"itemListElement\":[{\"@type\":\"ListItem\",\"position\":1,\"name\":\"In\u00edcio\",\"item\":\"https:\/\/escolamodernademisterios.com\/en\/\"},{\"@type\":\"ListItem\",\"position\":2,\"name\":\"Path of Progression\"}]},{\"@type\":\"WebSite\",\"@id\":\"https:\/\/escolamodernademisterios.com\/en\/#website\",\"url\":\"https:\/\/escolamodernademisterios.com\/en\/\",\"name\":\"Escola Moderna de Mist\u00e9rios\",\"description\":\"N\u00f3s somos uma Escola de Mist\u00e9rios que acredita no empoderamento de todos os seres humanos para viver uma vida de paz, alegria, sucesso, abund\u00e2ncia, harmonia e alinhamento com seu prop\u00f3sito individual. Acreditamos que a descoberta do potencial individual faz parte da experi\u00eancia da vida e \u00e9 parte do crescimento espiritual e f\u00edsico.\",\"publisher\":{\"@id\":\"https:\/\/escolamodernademisterios.com\/en\/#organization\"},\"potentialAction\":[{\"@type\":\"SearchAction\",\"target\":{\"@type\":\"EntryPoint\",\"urlTemplate\":\"https:\/\/escolamodernademisterios.com\/en\/?s={search_term_string}\"},\"query-input\":{\"@type\":\"PropertyValueSpecification\",\"valueRequired\":true,\"valueName\":\"search_term_string\"}}],\"inLanguage\":\"en-US\"},{\"@type\":\"Organization\",\"@id\":\"https:\/\/escolamodernademisterios.com\/en\/#organization\",\"name\":\"Escola Moderna de Mist\u00e9rios\",\"url\":\"https:\/\/escolamodernademisterios.com\/en\/\",\"logo\":{\"@type\":\"ImageObject\",\"inLanguage\":\"en-US\",\"@id\":\"https:\/\/escolamodernademisterios.com\/en\/#\/schema\/logo\/image\/\",\"url\":\"https:\/\/escolamodernademisterios.com\/wp-content\/uploads\/2023\/06\/Logo-696x696-1.png\",\"contentUrl\":\"https:\/\/escolamodernademisterios.com\/wp-content\/uploads\/2023\/06\/Logo-696x696-1.png\",\"width\":675,\"height\":696,\"caption\":\"Escola Moderna de Mist\u00e9rios\"},\"image\":{\"@id\":\"https:\/\/escolamodernademisterios.com\/en\/#\/schema\/logo\/image\/\"},\"sameAs\":[\"https:\/\/www.facebook.com\/EscolaDeMisteriosBrasil\",\"https:\/\/www.instagram.com\/escola_modernademisterios\/\"]}]}<\/script>\n<!-- \/ Yoast SEO plugin. -->","yoast_head_json":{"title":"Path of Progression | Escola Moderna de Mist\u00e9rios","robots":{"index":"noindex","follow":"follow","max-snippet":"max-snippet:-1","max-image-preview":"max-image-preview:large","max-video-preview":"max-video-preview:-1"},"og_locale":"en_US","og_type":"article","og_title":"Path of Progression | Escola Moderna de Mist\u00e9rios","og_description":"THE PATH OF PROGRESSION In any initatiory system there is a \"Path of Progession\", or, in other words, steps you can choose to take to follow the tradition of the [&hellip;]","og_url":"https:\/\/escolamodernademisterios.com\/en\/path-of-progression\/","og_site_name":"Escola Moderna de Mist\u00e9rios","article_publisher":"https:\/\/www.facebook.com\/EscolaDeMisteriosBrasil","article_modified_time":"2023-07-12T20:02:16+00:00","twitter_card":"summary_large_image","twitter_misc":{"Est. reading time":"3 minutes"},"schema":{"@context":"https:\/\/schema.org","@graph":[{"@type":"WebPage","@id":"https:\/\/escolamodernademisterios.com\/en\/path-of-progression\/","url":"https:\/\/escolamodernademisterios.com\/en\/path-of-progression\/","name":"Path of Progression | Escola Moderna de Mist\u00e9rios","isPartOf":{"@id":"https:\/\/escolamodernademisterios.com\/en\/#website"},"datePublished":"2022-02-19T23:53:46+00:00","dateModified":"2023-07-12T20:02:16+00:00","breadcrumb":{"@id":"https:\/\/escolamodernademisterios.com\/en\/path-of-progression\/#breadcrumb"},"inLanguage":"en-US","potentialAction":[{"@type":"ReadAction","target":["https:\/\/escolamodernademisterios.com\/en\/path-of-progression\/"]}]},{"@type":"BreadcrumbList","@id":"https:\/\/escolamodernademisterios.com\/en\/path-of-progression\/#breadcrumb","itemListElement":[{"@type":"ListItem","position":1,"name":"In\u00edcio","item":"https:\/\/escolamodernademisterios.com\/en\/"},{"@type":"ListItem","position":2,"name":"Path of Progression"}]},{"@type":"WebSite","@id":"https:\/\/escolamodernademisterios.com\/en\/#website","url":"https:\/\/escolamodernademisterios.com\/en\/","name":"Escola Moderna de Mist\u00e9rios","description":"N\u00f3s somos uma Escola de Mist\u00e9rios que acredita no empoderamento de todos os seres humanos para viver uma vida de paz, alegria, sucesso, abund\u00e2ncia, harmonia e alinhamento com seu prop\u00f3sito individual. Acreditamos que a descoberta do potencial individual faz parte da experi\u00eancia da vida e \u00e9 parte do crescimento espiritual e f\u00edsico.","publisher":{"@id":"https:\/\/escolamodernademisterios.com\/en\/#organization"},"potentialAction":[{"@type":"SearchAction","target":{"@type":"EntryPoint","urlTemplate":"https:\/\/escolamodernademisterios.com\/en\/?s={search_term_string}"},"query-input":{"@type":"PropertyValueSpecification","valueRequired":true,"valueName":"search_term_string"}}],"inLanguage":"en-US"},{"@type":"Organization","@id":"https:\/\/escolamodernademisterios.com\/en\/#organization","name":"Escola Moderna de Mist\u00e9rios","url":"https:\/\/escolamodernademisterios.com\/en\/","logo":{"@type":"ImageObject","inLanguage":"en-US","@id":"https:\/\/escolamodernademisterios.com\/en\/#\/schema\/logo\/image\/","url":"https:\/\/escolamodernademisterios.com\/wp-content\/uploads\/2023\/06\/Logo-696x696-1.png","contentUrl":"https:\/\/escolamodernademisterios.com\/wp-content\/uploads\/2023\/06\/Logo-696x696-1.png","width":675,"height":696,"caption":"Escola Moderna de Mist\u00e9rios"},"image":{"@id":"https:\/\/escolamodernademisterios.com\/en\/#\/schema\/logo\/image\/"},"sameAs":["https:\/\/www.facebook.com\/EscolaDeMisteriosBrasil","https:\/\/www.instagram.com\/escola_modernademisterios\/"]}]}},"_links":{"self":[{"href":"https:\/\/escolamodernademisterios.com\/en\/wp-json\/wp\/v2\/pages\/987496767","targetHints":{"allow":["GET"]}}],"collection":[{"href":"https:\/\/escolamodernademisterios.com\/en\/wp-json\/wp\/v2\/pages"}],"about":[{"href":"https:\/\/escolamodernademisterios.com\/en\/wp-json\/wp\/v2\/types\/page"}],"author":[{"embeddable":true,"href":"https:\/\/escolamodernademisterios.com\/en\/wp-json\/wp\/v2\/users\/1"}],"replies":[{"embeddable":true,"href":"https:\/\/escolamodernademisterios.com\/en\/wp-json\/wp\/v2\/comments?post=987496767"}],"version-history":[{"count":5,"href":"https:\/\/escolamodernademisterios.com\/en\/wp-json\/wp\/v2\/pages\/987496767\/revisions"}],"predecessor-version":[{"id":987498430,"href":"https:\/\/escolamodernademisterios.com\/en\/wp-json\/wp\/v2\/pages\/987496767\/revisions\/987498430"}],"wp:attachment":[{"href":"https:\/\/escolamodernademisterios.com\/en\/wp-json\/wp\/v2\/media?parent=987496767"}],"curies":[{"name":"wp","href":"https:\/\/api.w.org\/{rel}","templated":true}]}}