{"id":987496785,"date":"2022-02-11T16:41:37","date_gmt":"2022-02-11T19:41:37","guid":{"rendered":"https:\/\/escolamodernademisterios.com\/guide\/"},"modified":"2023-07-12T17:13:41","modified_gmt":"2023-07-12T20:13:41","slug":"guide","status":"publish","type":"page","link":"https:\/\/escolamodernademisterios.com\/en\/guide\/","title":{"rendered":"Guide"},"content":{"rendered":"<p>[et_pb_section fb_built=&#8221;1&#8243; _builder_version=&#8221;4.21.0&#8243; _module_preset=&#8221;default&#8221; background_image=&#8221;https:\/\/escolamodernademisterios.com\/wp-content\/uploads\/2023\/05\/8.png&#8221; min_height=&#8221;399px&#8221; custom_margin_tablet=&#8221;-100px||-100px||false|false&#8221; custom_margin_phone=&#8221;-100px||-150px||false|false&#8221; custom_margin_last_edited=&#8221;on|phone&#8221; custom_padding=&#8221;21.9%||7px|6px|false|false&#8221; background_last_edited=&#8221;on|phone&#8221; background_size_tablet=&#8221;contain&#8221; global_colors_info=&#8221;{}&#8221;][et_pb_row column_structure=&#8221;1_2,1_2&#8243; _builder_version=&#8221;4.17.0&#8243; _module_preset=&#8221;default&#8221; custom_padding=&#8221;201px|197px|3px|||&#8221; global_colors_info=&#8221;{}&#8221;][et_pb_column type=&#8221;1_2&#8243; _builder_version=&#8221;4.17.0&#8243; _module_preset=&#8221;default&#8221; global_colors_info=&#8221;{}&#8221;][\/et_pb_column][et_pb_column type=&#8221;1_2&#8243; _builder_version=&#8221;4.17.0&#8243; _module_preset=&#8221;default&#8221; global_colors_info=&#8221;{}&#8221;][\/et_pb_column][\/et_pb_row][et_pb_row _builder_version=&#8221;4.18.0&#8243; _module_preset=&#8221;default&#8221; custom_padding=&#8221;||199px|||&#8221; global_colors_info=&#8221;{}&#8221;][et_pb_column type=&#8221;4_4&#8243; _builder_version=&#8221;4.18.0&#8243; _module_preset=&#8221;default&#8221; global_colors_info=&#8221;{}&#8221;][\/et_pb_column][\/et_pb_row][\/et_pb_section][et_pb_section fb_built=&#8221;1&#8243; admin_label=&#8221;Countdown Section&#8221; _builder_version=&#8221;4.16&#8243; custom_padding=&#8221;56px||18px|||&#8221; animation_style=&#8221;zoom&#8221; animation_direction=&#8221;bottom&#8221; animation_intensity_zoom=&#8221;4%&#8221; global_colors_info=&#8221;{}&#8221;][et_pb_row admin_label=&#8221;Countdown Title&#8221; _builder_version=&#8221;4.16&#8243; background_color=&#8221;#FFFFFF&#8221; background_size=&#8221;initial&#8221; background_position=&#8221;top_left&#8221; background_repeat=&#8221;repeat&#8221; custom_padding=&#8221;1px|||||&#8221; global_colors_info=&#8221;{}&#8221;][et_pb_column type=&#8221;4_4&#8243; _builder_version=&#8221;4.16&#8243; custom_padding=&#8221;|||&#8221; global_colors_info=&#8221;{}&#8221; custom_padding__hover=&#8221;|||&#8221;][et_pb_text _builder_version=&#8221;4.21.0&#8243; _module_preset=&#8221;default&#8221; text_line_height=&#8221;1.5em&#8221; background_color=&#8221;#FFFFFF&#8221; width=&#8221;100%&#8221; custom_margin=&#8221;0px|-6px||1px|false|false&#8221; custom_padding=&#8221;|0px||0px|false|false&#8221; global_colors_info=&#8221;{}&#8221;]<\/p>\n<h2>Guide<\/h2>\n<p>Guide is the final initiation in the Path of the Healer in the Modern Mystery School tradition and Lineage. It is a great honor and holds a high level of responsibility. A Guide is constantly and continually in service, 100% of the time, always seeing the Light in others. While this is something we can conceptually understand, a Guide must have the courage to act and live this principle all their lives.<\/p>\n<p>A Guide accepts the mission of perpetuate the Great Work through the direction of the Light to those who seek the Path of Initiation. Requires full commitment to service to God and the Hierarchy of Light to guide initiates and help them grow spiritually. A Guide receives the authority and power to initiate Adepts through Empower Thyself class and Initiation.<\/p>\n<p>A Guide lives in full alignment and integrity with the Lineage teachings, serving as an example to those who are seeking the truth and enlightenment through the Path of Initiation. A Guide is always holding the Light so that each individual may see their choices and practice free will. While a Guide may show the way, the decision of what path to take is always individual.<\/p>\n<p>Guides also keep working on knowing themselves to expand aligned with the teachings the Hierarchy of Light. A Guide accepts all that come seeking the Light and is trained to love and respect all without exception or judgement.<\/p>\n<p>&nbsp;<\/p>\n<h3>WHAT CAN A GUIDE DO?<\/h3>\n<p>Guides have the honour to offer many sacred services that include:<\/p>\n<ul>\n<li>Offering the Empower Thyself Class and Initiation<\/li>\n<li>Initiate Adepts into the lineage of King Salomon and the Brother and Sisterhood of Light<\/li>\n<li>Initiate Life Activation Practitioners (Second Step initiates) in Healers Academy, however they must be authorized to do so and be invited<\/li>\n<li>Teaching other various programs and workshops such as Sacred Geometry, Astral Travel, Journeys of the Spirit, and more<\/li>\n<li>Healings and specialty services that only a Guide can offer<\/li>\n<\/ul>\n<p>&nbsp;<\/p>\n<h3>HOW DOES ONE BECOME A GUIDE?<\/h3>\n<p>To become a Guide first you must be a Certifed Life Activation Practitioner with the Modern Mystery School. You need to be using the tools that you received in previous Initiations and be commited to service and dedication to the Light.<\/p>\n<p>There is a application process, <span>where you need to fill out a form stating why do you want to become a Guide, and a Thrid Order member will evaluate your application alongside the H<\/span>ierarchy of Light.<\/p>\n<p>For more information about Guide Initiation and how to apply, please contact<a href=\"https:\/\/api.whatsapp.com\/send\/?phone=5548991634824\" target=\"_blank\" rel=\"noopener\"><strong>\u00a0<\/strong><\/a><a href=\"mailto:info@escolamodernademisterios.com.br\"><strong>Modern Mystery School South America<\/strong>.<\/a><\/p>\n<p>&nbsp;<\/p>\n<p><strong>Teachers and Guides in the Modern Mystery School tradition are required to commit to a non-disclosure and non-compete document that ensures that the teachings and tools of the lineage are kept sacred and handed down with the utmost integrity and professionalism.<\/strong><\/p>\n<p>&nbsp;<\/p>\n<p>[\/et_pb_text][\/et_pb_column][\/et_pb_row][\/et_pb_section][et_pb_section fb_built=&#8221;1&#8243; _builder_version=&#8221;4.18.0&#8243; _module_preset=&#8221;default&#8221; background_color=&#8221;#d3b779&#8243; custom_padding=&#8221;0px||0px|||&#8221; saved_tabs=&#8221;all&#8221; global_colors_info=&#8221;{}&#8221;][et_pb_row column_structure=&#8221;1_3,1_3,1_3&#8243; _builder_version=&#8221;4.18.0&#8243; _module_preset=&#8221;default&#8221; global_colors_info=&#8221;{}&#8221;][et_pb_column type=&#8221;1_3&#8243; _builder_version=&#8221;4.18.0&#8243; _module_preset=&#8221;default&#8221; global_colors_info=&#8221;{}&#8221;][et_pb_blurb use_icon=&#8221;on&#8221; font_icon=&#8221;&#xe081;||divi||400&#8243; icon_color=&#8221;#FFFFFF&#8221; icon_placement=&#8221;left&#8221; image_icon_width=&#8221;27px&#8221; _builder_version=&#8221;4.19.4&#8243; _module_preset=&#8221;default&#8221; header_text_color=&#8221;#FFFFFF&#8221; body_text_color=&#8221;#FFFFFF&#8221; body_font_size=&#8221;17px&#8221; body_line_height=&#8221;1.4em&#8221; global_colors_info=&#8221;{}&#8221;]<\/p>\n<p><span>Avenida Pequeno Pr\u00edncipe, 1482, loja 03 \u2013 Campeche, Florian\u00f3polis \u2013 SC, Brasil<\/span><\/p>\n<p>[\/et_pb_blurb][\/et_pb_column][et_pb_column type=&#8221;1_3&#8243; _builder_version=&#8221;4.18.0&#8243; _module_preset=&#8221;default&#8221; global_colors_info=&#8221;{}&#8221;][et_pb_blurb use_icon=&#8221;on&#8221; font_icon=&#8221;&#xe076;||divi||400&#8243; icon_color=&#8221;#FFFFFF&#8221; icon_placement=&#8221;left&#8221; image_icon_width=&#8221;27px&#8221; _builder_version=&#8221;4.18.0&#8243; _module_preset=&#8221;default&#8221; header_text_color=&#8221;#FFFFFF&#8221; body_text_color=&#8221;#FFFFFF&#8221; body_font_size=&#8221;17px&#8221; body_line_height=&#8221;1.4em&#8221; link_option_url=&#8221;mailto:info@escolamodernademisterios.com.br&#8221; global_colors_info=&#8221;{}&#8221;]<\/p>\n<p>info@escolamodernademisterios.com.br<\/p>\n<p>[\/et_pb_blurb][\/et_pb_column][et_pb_column type=&#8221;1_3&#8243; _builder_version=&#8221;4.18.0&#8243; _module_preset=&#8221;default&#8221; global_colors_info=&#8221;{}&#8221;][et_pb_blurb use_icon=&#8221;on&#8221; font_icon=&#8221;&#xe090;||divi||400&#8243; icon_color=&#8221;#FFFFFF&#8221; icon_placement=&#8221;left&#8221; image_icon_width=&#8221;27px&#8221; _builder_version=&#8221;4.18.0&#8243; _module_preset=&#8221;default&#8221; header_text_color=&#8221;#FFFFFF&#8221; body_text_color=&#8221;#FFFFFF&#8221; body_font_size=&#8221;17px&#8221; body_line_height=&#8221;1.4em&#8221; body_font_tablet=&#8221;&#8221; body_font_phone=&#8221;&#8221; body_font_last_edited=&#8221;on|desktop&#8221; global_colors_info=&#8221;{}&#8221;]<\/p>\n<p><span style=\"color: #ffffff;\">+55 48 9 9163 4824<\/span><\/p>\n<p>[\/et_pb_blurb][\/et_pb_column][\/et_pb_row][\/et_pb_section]<\/p>\n","protected":false},"excerpt":{"rendered":"<p>Guide Guide is the final initiation in the Path of the Healer in the Modern Mystery School tradition and Lineage. It is a great honor and holds a high level [&hellip;]<\/p>\n","protected":false},"author":1,"featured_media":0,"parent":0,"menu_order":0,"comment_status":"closed","ping_status":"closed","template":"","meta":{"_et_pb_use_builder":"on","_et_pb_old_content":"","_et_gb_content_width":"","footnotes":""},"class_list":["post-987496785","page","type-page","status-publish","hentry"],"yoast_head":"<!-- This site is optimized with the Yoast SEO plugin v27.2 - https:\/\/yoast.com\/product\/yoast-seo-wordpress\/ -->\n<title>Guide | Escola Moderna de Mist\u00e9rios<\/title>\n<meta name=\"robots\" content=\"noindex, follow, max-snippet:-1, max-image-preview:large, max-video-preview:-1\" \/>\n<meta property=\"og:locale\" content=\"en_US\" \/>\n<meta property=\"og:type\" content=\"article\" \/>\n<meta property=\"og:title\" content=\"Guide | Escola Moderna de Mist\u00e9rios\" \/>\n<meta property=\"og:description\" content=\"Guide Guide is the final initiation in the Path of the Healer in the Modern Mystery School tradition and Lineage. It is a great honor and holds a high level [&hellip;]\" \/>\n<meta property=\"og:url\" content=\"https:\/\/escolamodernademisterios.com\/en\/guide\/\" \/>\n<meta property=\"og:site_name\" content=\"Escola Moderna de Mist\u00e9rios\" \/>\n<meta property=\"article:publisher\" content=\"https:\/\/www.facebook.com\/EscolaDeMisteriosBrasil\" \/>\n<meta property=\"article:modified_time\" content=\"2023-07-12T20:13:41+00:00\" \/>\n<meta name=\"twitter:card\" content=\"summary_large_image\" \/>\n<meta name=\"twitter:label1\" content=\"Est. reading time\" \/>\n\t<meta name=\"twitter:data1\" content=\"5 minutes\" \/>\n<script type=\"application\/ld+json\" class=\"yoast-schema-graph\">{\"@context\":\"https:\/\/schema.org\",\"@graph\":[{\"@type\":\"WebPage\",\"@id\":\"https:\/\/escolamodernademisterios.com\/en\/guide\/\",\"url\":\"https:\/\/escolamodernademisterios.com\/en\/guide\/\",\"name\":\"Guide | Escola Moderna de Mist\u00e9rios\",\"isPartOf\":{\"@id\":\"https:\/\/escolamodernademisterios.com\/en\/#website\"},\"datePublished\":\"2022-02-11T19:41:37+00:00\",\"dateModified\":\"2023-07-12T20:13:41+00:00\",\"breadcrumb\":{\"@id\":\"https:\/\/escolamodernademisterios.com\/en\/guide\/#breadcrumb\"},\"inLanguage\":\"en-US\",\"potentialAction\":[{\"@type\":\"ReadAction\",\"target\":[\"https:\/\/escolamodernademisterios.com\/en\/guide\/\"]}]},{\"@type\":\"BreadcrumbList\",\"@id\":\"https:\/\/escolamodernademisterios.com\/en\/guide\/#breadcrumb\",\"itemListElement\":[{\"@type\":\"ListItem\",\"position\":1,\"name\":\"In\u00edcio\",\"item\":\"https:\/\/escolamodernademisterios.com\/en\/\"},{\"@type\":\"ListItem\",\"position\":2,\"name\":\"Guide\"}]},{\"@type\":\"WebSite\",\"@id\":\"https:\/\/escolamodernademisterios.com\/en\/#website\",\"url\":\"https:\/\/escolamodernademisterios.com\/en\/\",\"name\":\"Escola Moderna de Mist\u00e9rios\",\"description\":\"N\u00f3s somos uma Escola de Mist\u00e9rios que acredita no empoderamento de todos os seres humanos para viver uma vida de paz, alegria, sucesso, abund\u00e2ncia, harmonia e alinhamento com seu prop\u00f3sito individual. Acreditamos que a descoberta do potencial individual faz parte da experi\u00eancia da vida e \u00e9 parte do crescimento espiritual e f\u00edsico.\",\"publisher\":{\"@id\":\"https:\/\/escolamodernademisterios.com\/en\/#organization\"},\"potentialAction\":[{\"@type\":\"SearchAction\",\"target\":{\"@type\":\"EntryPoint\",\"urlTemplate\":\"https:\/\/escolamodernademisterios.com\/en\/?s={search_term_string}\"},\"query-input\":{\"@type\":\"PropertyValueSpecification\",\"valueRequired\":true,\"valueName\":\"search_term_string\"}}],\"inLanguage\":\"en-US\"},{\"@type\":\"Organization\",\"@id\":\"https:\/\/escolamodernademisterios.com\/en\/#organization\",\"name\":\"Escola Moderna de Mist\u00e9rios\",\"url\":\"https:\/\/escolamodernademisterios.com\/en\/\",\"logo\":{\"@type\":\"ImageObject\",\"inLanguage\":\"en-US\",\"@id\":\"https:\/\/escolamodernademisterios.com\/en\/#\/schema\/logo\/image\/\",\"url\":\"https:\/\/escolamodernademisterios.com\/wp-content\/uploads\/2023\/06\/Logo-696x696-1.png\",\"contentUrl\":\"https:\/\/escolamodernademisterios.com\/wp-content\/uploads\/2023\/06\/Logo-696x696-1.png\",\"width\":675,\"height\":696,\"caption\":\"Escola Moderna de Mist\u00e9rios\"},\"image\":{\"@id\":\"https:\/\/escolamodernademisterios.com\/en\/#\/schema\/logo\/image\/\"},\"sameAs\":[\"https:\/\/www.facebook.com\/EscolaDeMisteriosBrasil\",\"https:\/\/www.instagram.com\/escola_modernademisterios\/\"]}]}<\/script>\n<!-- \/ Yoast SEO plugin. -->","yoast_head_json":{"title":"Guide | Escola Moderna de Mist\u00e9rios","robots":{"index":"noindex","follow":"follow","max-snippet":"max-snippet:-1","max-image-preview":"max-image-preview:large","max-video-preview":"max-video-preview:-1"},"og_locale":"en_US","og_type":"article","og_title":"Guide | Escola Moderna de Mist\u00e9rios","og_description":"Guide Guide is the final initiation in the Path of the Healer in the Modern Mystery School tradition and Lineage. It is a great honor and holds a high level [&hellip;]","og_url":"https:\/\/escolamodernademisterios.com\/en\/guide\/","og_site_name":"Escola Moderna de Mist\u00e9rios","article_publisher":"https:\/\/www.facebook.com\/EscolaDeMisteriosBrasil","article_modified_time":"2023-07-12T20:13:41+00:00","twitter_card":"summary_large_image","twitter_misc":{"Est. reading time":"5 minutes"},"schema":{"@context":"https:\/\/schema.org","@graph":[{"@type":"WebPage","@id":"https:\/\/escolamodernademisterios.com\/en\/guide\/","url":"https:\/\/escolamodernademisterios.com\/en\/guide\/","name":"Guide | Escola Moderna de Mist\u00e9rios","isPartOf":{"@id":"https:\/\/escolamodernademisterios.com\/en\/#website"},"datePublished":"2022-02-11T19:41:37+00:00","dateModified":"2023-07-12T20:13:41+00:00","breadcrumb":{"@id":"https:\/\/escolamodernademisterios.com\/en\/guide\/#breadcrumb"},"inLanguage":"en-US","potentialAction":[{"@type":"ReadAction","target":["https:\/\/escolamodernademisterios.com\/en\/guide\/"]}]},{"@type":"BreadcrumbList","@id":"https:\/\/escolamodernademisterios.com\/en\/guide\/#breadcrumb","itemListElement":[{"@type":"ListItem","position":1,"name":"In\u00edcio","item":"https:\/\/escolamodernademisterios.com\/en\/"},{"@type":"ListItem","position":2,"name":"Guide"}]},{"@type":"WebSite","@id":"https:\/\/escolamodernademisterios.com\/en\/#website","url":"https:\/\/escolamodernademisterios.com\/en\/","name":"Escola Moderna de Mist\u00e9rios","description":"N\u00f3s somos uma Escola de Mist\u00e9rios que acredita no empoderamento de todos os seres humanos para viver uma vida de paz, alegria, sucesso, abund\u00e2ncia, harmonia e alinhamento com seu prop\u00f3sito individual. Acreditamos que a descoberta do potencial individual faz parte da experi\u00eancia da vida e \u00e9 parte do crescimento espiritual e f\u00edsico.","publisher":{"@id":"https:\/\/escolamodernademisterios.com\/en\/#organization"},"potentialAction":[{"@type":"SearchAction","target":{"@type":"EntryPoint","urlTemplate":"https:\/\/escolamodernademisterios.com\/en\/?s={search_term_string}"},"query-input":{"@type":"PropertyValueSpecification","valueRequired":true,"valueName":"search_term_string"}}],"inLanguage":"en-US"},{"@type":"Organization","@id":"https:\/\/escolamodernademisterios.com\/en\/#organization","name":"Escola Moderna de Mist\u00e9rios","url":"https:\/\/escolamodernademisterios.com\/en\/","logo":{"@type":"ImageObject","inLanguage":"en-US","@id":"https:\/\/escolamodernademisterios.com\/en\/#\/schema\/logo\/image\/","url":"https:\/\/escolamodernademisterios.com\/wp-content\/uploads\/2023\/06\/Logo-696x696-1.png","contentUrl":"https:\/\/escolamodernademisterios.com\/wp-content\/uploads\/2023\/06\/Logo-696x696-1.png","width":675,"height":696,"caption":"Escola Moderna de Mist\u00e9rios"},"image":{"@id":"https:\/\/escolamodernademisterios.com\/en\/#\/schema\/logo\/image\/"},"sameAs":["https:\/\/www.facebook.com\/EscolaDeMisteriosBrasil","https:\/\/www.instagram.com\/escola_modernademisterios\/"]}]}},"_links":{"self":[{"href":"https:\/\/escolamodernademisterios.com\/en\/wp-json\/wp\/v2\/pages\/987496785","targetHints":{"allow":["GET"]}}],"collection":[{"href":"https:\/\/escolamodernademisterios.com\/en\/wp-json\/wp\/v2\/pages"}],"about":[{"href":"https:\/\/escolamodernademisterios.com\/en\/wp-json\/wp\/v2\/types\/page"}],"author":[{"embeddable":true,"href":"https:\/\/escolamodernademisterios.com\/en\/wp-json\/wp\/v2\/users\/1"}],"replies":[{"embeddable":true,"href":"https:\/\/escolamodernademisterios.com\/en\/wp-json\/wp\/v2\/comments?post=987496785"}],"version-history":[{"count":7,"href":"https:\/\/escolamodernademisterios.com\/en\/wp-json\/wp\/v2\/pages\/987496785\/revisions"}],"predecessor-version":[{"id":987498436,"href":"https:\/\/escolamodernademisterios.com\/en\/wp-json\/wp\/v2\/pages\/987496785\/revisions\/987498436"}],"wp:attachment":[{"href":"https:\/\/escolamodernademisterios.com\/en\/wp-json\/wp\/v2\/media?parent=987496785"}],"curies":[{"name":"wp","href":"https:\/\/api.w.org\/{rel}","templated":true}]}}