{"id":987496803,"date":"2022-10-28T00:19:31","date_gmt":"2022-10-28T03:19:31","guid":{"rendered":"https:\/\/escolamodernademisterios.com\/wicca\/"},"modified":"2023-07-27T14:16:02","modified_gmt":"2023-07-27T17:16:02","slug":"wicca","status":"publish","type":"page","link":"https:\/\/escolamodernademisterios.com\/en\/wicca\/","title":{"rendered":"Wicca"},"content":{"rendered":"<p>[et_pb_section fb_built=&#8221;1&#8243; specialty=&#8221;on&#8221; _builder_version=&#8221;4.19.4&#8243; _module_preset=&#8221;default&#8221; global_colors_info=&#8221;{}&#8221;][et_pb_column type=&#8221;3_4&#8243; specialty_columns=&#8221;3&#8243; _builder_version=&#8221;4.16&#8243; custom_padding=&#8221;|||&#8221; global_colors_info=&#8221;{}&#8221; custom_padding__hover=&#8221;|||&#8221;][et_pb_row_inner _builder_version=&#8221;4.19.4&#8243; _module_preset=&#8221;default&#8221; global_colors_info=&#8221;{}&#8221;][et_pb_column_inner saved_specialty_column_type=&#8221;3_4&#8243; _builder_version=&#8221;4.19.4&#8243; _module_preset=&#8221;default&#8221; global_colors_info=&#8221;{}&#8221;][et_pb_text _builder_version=&#8221;4.18.0&#8243; _module_preset=&#8221;default&#8221; text_line_height=&#8221;1.5em&#8221; background_color=&#8221;#FFFFFF&#8221; width=&#8221;100%&#8221; custom_margin=&#8221;0px|-6px||1px|false|false&#8221; custom_padding=&#8221;|0px||0px|false|false&#8221; global_colors_info=&#8221;{}&#8221;]<\/p>\n<h2>THE MAGICK OF LIFE THROUGH WICCA!<\/h2>\n<p>Wicca is an innate form of magick that exists in every culture around the world. This powerful magick is something that anyone can connect with somehow, after all it is about the magickal experience of life, the cycles of the earth, plants, animals, the sun, the moon and us humans.<\/p>\n<p>Magick is transformation and the Wicca teachings of the Modern Mystery School Lineage offer the experience and knowledge that can help you manifest and change your life!<\/p>\n<p>[\/et_pb_text][et_pb_divider color=&#8221;#c6aa8a&#8221; _builder_version=&#8221;4.18.0&#8243; _module_preset=&#8221;default&#8221; global_colors_info=&#8221;{}&#8221;][\/et_pb_divider][et_pb_text _builder_version=&#8221;4.18.0&#8243; _module_preset=&#8221;default&#8221; text_line_height=&#8221;1.5em&#8221; background_color=&#8221;#FFFFFF&#8221; width=&#8221;100%&#8221; custom_margin=&#8221;0px|-6px||1px|false|false&#8221; custom_padding=&#8221;|0px|0px|0px|false|false&#8221; header_3_text_align_tablet=&#8221;center&#8221; header_3_text_align_phone=&#8221;center&#8221; header_3_text_align_last_edited=&#8221;on|phone&#8221; global_colors_info=&#8221;{}&#8221;]<\/p>\n<h3>GAIA AWAKENING SERIES<\/h3>\n<p>A Five-Part Series in Elemental Magick!<\/p>\n<p>[\/et_pb_text][et_pb_image src=&#8221;https:\/\/escolamodernademisterios.com\/wp-content\/uploads\/2022\/12\/Brazil-Website_earth.png&#8221; title_text=&#8221;Brazil Website_earth&#8221; _builder_version=&#8221;4.19.4&#8243; _module_preset=&#8221;default&#8221; width=&#8221;20%&#8221; max_width_tablet=&#8221;30%&#8221; max_width_phone=&#8221;50%&#8221; max_width_last_edited=&#8221;on|phone&#8221; module_alignment_tablet=&#8221;center&#8221; module_alignment_phone=&#8221;center&#8221; module_alignment_last_edited=&#8221;on|tablet&#8221; global_colors_info=&#8221;{}&#8221;][\/et_pb_image][et_pb_text _builder_version=&#8221;4.18.0&#8243; _module_preset=&#8221;default&#8221; text_line_height=&#8221;1.5em&#8221; background_color=&#8221;#FFFFFF&#8221; width=&#8221;100%&#8221; custom_margin=&#8221;0px|-6px||1px|false|false&#8221; custom_padding=&#8221;|0px|0px|0px|false|false&#8221; header_3_text_align_tablet=&#8221;center&#8221; header_3_text_align_phone=&#8221;center&#8221; header_3_text_align_last_edited=&#8221;on|phone&#8221; global_colors_info=&#8221;{}&#8221;]<\/p>\n<h3>EARTH AWAKENING<\/h3>\n<p>Awaken the element of Earth to create stability, manifestation and abundance in your life!<\/p>\n<p>Working with the creative powers of this ancient practice, you will learn to work with the magick of herbs and crystals, harnessing these gifts of the earth and directing their energy towards your goals and desires!<\/p>\n<p>In this class you will:<\/p>\n<ul>\n<li>Connect with the energy of Earth<\/li>\n<li>Learn how to work and communicate with herbs<\/li>\n<li>Gain a deeper connection to Mother Earth and the goddess Lilith<\/li>\n<li>Learn many ancient spell recipes for healing, abundance, joy, love &amp; more<\/li>\n<li>Receive insight into your natural magickal abilities<\/li>\n<\/ul>\n<p>[\/et_pb_text][et_pb_image src=&#8221;https:\/\/escolamodernademisterios.com\/wp-content\/uploads\/2023\/01\/wicca-water.jpg&#8221; title_text=&#8221;wicca water&#8221; _builder_version=&#8221;4.19.4&#8243; _module_preset=&#8221;default&#8221; width=&#8221;20%&#8221; max_width_tablet=&#8221;30%&#8221; max_width_phone=&#8221;50%&#8221; max_width_last_edited=&#8221;on|phone&#8221; module_alignment_tablet=&#8221;center&#8221; module_alignment_phone=&#8221;center&#8221; module_alignment_last_edited=&#8221;on|tablet&#8221; global_colors_info=&#8221;{}&#8221;][\/et_pb_image][et_pb_text _builder_version=&#8221;4.18.0&#8243; _module_preset=&#8221;default&#8221; text_line_height=&#8221;1.5em&#8221; background_color=&#8221;#FFFFFF&#8221; width=&#8221;100%&#8221; custom_margin=&#8221;0px|-6px||1px|false|false&#8221; custom_padding=&#8221;|0px|0px|0px|false|false&#8221; header_3_text_align_tablet=&#8221;center&#8221; header_3_text_align_phone=&#8221;center&#8221; header_3_text_align_last_edited=&#8221;on|tablet&#8221; global_colors_info=&#8221;{}&#8221;]<\/p>\n<h3>WATER AWAKENING<\/h3>\n<p>Awaken the element of Water in your life to cleanse emotions and access the universal flow!<\/p>\n<p>The power of water can bring healing, cleansing, clarity and flow to your life! Working with this ancient practice in Wicca tradition, you will learn how to utilize the magickal potential of water to achieve your goals and desires!<\/p>\n<p>In this class you will gain:<\/p>\n<ul>\n<li>A greater connection to the energy of Water<\/li>\n<li>Recipes for magickal bath salts and sprays<\/li>\n<li>Deeper awareness of the magickal nature of Water<\/li>\n<li>Knowledge of how water is influenced by Lunar, Solar, earth, air and fire energies<\/li>\n<\/ul>\n<p>[\/et_pb_text][et_pb_image src=&#8221;https:\/\/escolamodernademisterios.com\/wp-content\/uploads\/2022\/12\/Brazil-Website_air.png&#8221; title_text=&#8221;Brazil Website_air&#8221; _builder_version=&#8221;4.19.4&#8243; _module_preset=&#8221;default&#8221; width=&#8221;20%&#8221; max_width_tablet=&#8221;30%&#8221; max_width_phone=&#8221;50%&#8221; max_width_last_edited=&#8221;on|phone&#8221; module_alignment_tablet=&#8221;center&#8221; module_alignment_phone=&#8221;center&#8221; module_alignment_last_edited=&#8221;on|tablet&#8221; global_colors_info=&#8221;{}&#8221;][\/et_pb_image][et_pb_text _builder_version=&#8221;4.21.0&#8243; _module_preset=&#8221;default&#8221; text_line_height=&#8221;1.5em&#8221; background_color=&#8221;#FFFFFF&#8221; width=&#8221;100%&#8221; custom_margin=&#8221;0px|-6px||1px|false|false&#8221; custom_padding=&#8221;|0px||0px|false|false&#8221; header_3_text_align_tablet=&#8221;center&#8221; header_3_text_align_phone=&#8221;center&#8221; header_3_text_align_last_edited=&#8221;on|tablet&#8221; global_colors_info=&#8221;{}&#8221;]<\/p>\n<h3>AIR AWAKENING<\/h3>\n<p>Learn how to expand your consciousness through the magick of the element of Air!<\/p>\n<p>The power of Air is known for elevating vibrational frequencies through incenses and scents. Essential oils hold the misteries of the earth in their sweet fragrance, and they assist us on unblocking phychic energies within us. While burning distinctive herbs and resins as \u201csmudging\u201d or \u201ccensing\u201d is an ancient and potent way of purifying and healing oneself.<\/p>\n<p>Learn more about working with essential oils and herbs in the Wiccan tradition and create Air magick in your life!<\/p>\n<p>In this class you will gain:<\/p>\n<ul>\n<li>Knowledge of Essential Oils, Herb and Resin<\/li>\n<li>History and application of Anointing and Smudging Ceremonies<\/li>\n<li>The handing down of many Essential Oil Blend<\/li>\n<li>How to turn oil and herb recipes into powerful incense<\/li>\n<li>As well as completed magickal oil blends to take home for personal use<\/li>\n<\/ul>\n<p>[\/et_pb_text][et_pb_image src=&#8221;https:\/\/escolamodernademisterios.com\/wp-content\/uploads\/2022\/12\/Brazil-Website_fire.png&#8221; title_text=&#8221;Brazil Website_fire&#8221; _builder_version=&#8221;4.19.4&#8243; _module_preset=&#8221;default&#8221; width=&#8221;20%&#8221; max_width_tablet=&#8221;30%&#8221; max_width_phone=&#8221;50%&#8221; max_width_last_edited=&#8221;on|phone&#8221; module_alignment_tablet=&#8221;center&#8221; module_alignment_phone=&#8221;center&#8221; module_alignment_last_edited=&#8221;on|tablet&#8221; global_colors_info=&#8221;{}&#8221;][\/et_pb_image][et_pb_text _builder_version=&#8221;4.18.0&#8243; _module_preset=&#8221;default&#8221; text_line_height=&#8221;1.5em&#8221; background_color=&#8221;#FFFFFF&#8221; width=&#8221;100%&#8221; custom_margin=&#8221;0px|-6px||1px|false|false&#8221; custom_padding=&#8221;|0px|0px|0px|false|false&#8221; header_3_text_align_tablet=&#8221;center&#8221; header_3_text_align_phone=&#8221;center&#8221; header_3_text_align_last_edited=&#8221;on|tablet&#8221; global_colors_info=&#8221;{}&#8221;]<\/p>\n<h3><\/h3>\n<h3>FIRE AWAKENING<\/h3>\n<p>Awaken the element of fire and ignite your passion!<\/p>\n<p>Fire has been an essential part of spiritual cerimonies since the beggining. It is considered the element with the highest vibration and its presence in our lives is vital for our passion, motivation and creativity.<\/p>\n<p>Either working with the energetic qualities of fire or the flame within through candles, awakening the element of fire in your life definitely is igniting the flame in your heart!<\/p>\n<p>In this class you will gain:<\/p>\n<ul>\n<li>Greater connection with the energy of Fire<\/li>\n<li>The history of fire in practical magick<\/li>\n<li>The combination of other elements with fire<\/li>\n<li>How to set clear intentions and affirmations<\/li>\n<li>How to trully make candle magick!<\/li>\n<li>How to manifest your goals, dreams and desires!<\/li>\n<\/ul>\n<p>[\/et_pb_text][et_pb_image src=&#8221;https:\/\/escolamodernademisterios.com\/wp-content\/uploads\/2022\/12\/Brazil-Website_wicca.png&#8221; title_text=&#8221;Brazil Website_wicca&#8221; _builder_version=&#8221;4.19.4&#8243; _module_preset=&#8221;default&#8221; width=&#8221;20%&#8221; max_width_tablet=&#8221;30%&#8221; max_width_phone=&#8221;50%&#8221; max_width_last_edited=&#8221;on|phone&#8221; module_alignment_tablet=&#8221;center&#8221; module_alignment_phone=&#8221;center&#8221; module_alignment_last_edited=&#8221;on|tablet&#8221; global_colors_info=&#8221;{}&#8221;][\/et_pb_image][et_pb_text _builder_version=&#8221;4.21.0&#8243; _module_preset=&#8221;default&#8221; text_line_height=&#8221;1.5em&#8221; background_color=&#8221;#FFFFFF&#8221; width=&#8221;100%&#8221; custom_margin=&#8221;0px|-6px||1px|false|false&#8221; custom_padding=&#8221;|0px||0px|false|false&#8221; header_3_text_align_tablet=&#8221;center&#8221; header_3_text_align_phone=&#8221;center&#8221; header_3_text_align_last_edited=&#8221;on|tablet&#8221; global_colors_info=&#8221;{}&#8221;]<\/p>\n<h3>SPIRIT AWAKENING<\/h3>\n<p>The source of all, the sacred essence of life, the true power of creation!<\/p>\n<p>Spirit Awakening is a culmination of working with all the elements, adding the 5th and most vital element. In this class you are taught the sacred art of working with the cauldron. Ideal for those who plan to pursue their magickal studies either as a solitary practitioner or who plan to join a coven and progress through priest\/priestess initiations.<\/p>\n<p>Must have completed Earth, Water, Air &amp; Fire Awakening classes before attending Spirit Awakening.<\/p>\n<p>&nbsp;<\/p>\n<h5>Wicca Priest and Priestess Initiations<\/h5>\n<p>Levels 1-6<\/p>\n<h5>Wicca High Priest\/Priestess Initiations<\/h5>\n<p>Levels 7-13<\/p>\n<p>For those who desire to take their magickal abilities to the next level and in turn serve others through ritual and ceremony.<br \/>Must have completed entire Gaia Awakening Series and be an active member of the MMS Wicca Coven. For further information, contact<a href=\"mailto:info@escolamodernademisterios.com.br\" target=\"_blank\" rel=\"noopener\"><strong>\u00a0Modern Mystery School South America.<\/strong><\/a><\/p>\n<p>&nbsp;<\/p>\n<p>[\/et_pb_text][\/et_pb_column_inner][\/et_pb_row_inner][\/et_pb_column][et_pb_column type=&#8221;1_4&#8243; _builder_version=&#8221;4.16&#8243; custom_padding=&#8221;|||&#8221; global_colors_info=&#8221;{}&#8221; custom_padding__hover=&#8221;|||&#8221;][et_pb_sidebar orientation=&#8221;right&#8221; disabled_on=&#8221;on|on|off&#8221; _builder_version=&#8221;4.18.0&#8243; _module_preset=&#8221;default&#8221; header_font_size=&#8221;17px&#8221; custom_margin=&#8221;|-40px||-4px||&#8221; global_colors_info=&#8221;{}&#8221;][\/et_pb_sidebar][\/et_pb_column][\/et_pb_section][et_pb_section fb_built=&#8221;1&#8243; _builder_version=&#8221;4.18.0&#8243; _module_preset=&#8221;default&#8221; background_color=&#8221;#d3b779&#8243; custom_padding=&#8221;0px||0px|||&#8221; saved_tabs=&#8221;all&#8221; global_colors_info=&#8221;{}&#8221;][et_pb_row column_structure=&#8221;1_3,1_3,1_3&#8243; _builder_version=&#8221;4.18.0&#8243; _module_preset=&#8221;default&#8221; global_colors_info=&#8221;{}&#8221;][et_pb_column type=&#8221;1_3&#8243; _builder_version=&#8221;4.18.0&#8243; _module_preset=&#8221;default&#8221; global_colors_info=&#8221;{}&#8221;][et_pb_blurb use_icon=&#8221;on&#8221; font_icon=&#8221;&#xe081;||divi||400&#8243; icon_color=&#8221;#FFFFFF&#8221; icon_placement=&#8221;left&#8221; image_icon_width=&#8221;27px&#8221; _builder_version=&#8221;4.19.4&#8243; _module_preset=&#8221;default&#8221; header_text_color=&#8221;#FFFFFF&#8221; body_text_color=&#8221;#FFFFFF&#8221; body_font_size=&#8221;17px&#8221; body_line_height=&#8221;1.4em&#8221; global_colors_info=&#8221;{}&#8221;]<\/p>\n<p><span>Avenida Pequeno Pr\u00edncipe, 1482, loja 03 \u2013 Campeche, Florian\u00f3polis \u2013 SC, Brasil<\/span><\/p>\n<p>[\/et_pb_blurb][\/et_pb_column][et_pb_column type=&#8221;1_3&#8243; _builder_version=&#8221;4.18.0&#8243; _module_preset=&#8221;default&#8221; global_colors_info=&#8221;{}&#8221;][et_pb_blurb use_icon=&#8221;on&#8221; font_icon=&#8221;&#xe076;||divi||400&#8243; icon_color=&#8221;#FFFFFF&#8221; icon_placement=&#8221;left&#8221; image_icon_width=&#8221;27px&#8221; _builder_version=&#8221;4.18.0&#8243; _module_preset=&#8221;default&#8221; header_text_color=&#8221;#FFFFFF&#8221; body_text_color=&#8221;#FFFFFF&#8221; body_font_size=&#8221;17px&#8221; body_line_height=&#8221;1.4em&#8221; link_option_url=&#8221;mailto:info@escolamodernademisterios.com.br&#8221; global_colors_info=&#8221;{}&#8221;]<\/p>\n<p>info@escolamodernademisterios.com.br<\/p>\n<p>[\/et_pb_blurb][\/et_pb_column][et_pb_column type=&#8221;1_3&#8243; _builder_version=&#8221;4.18.0&#8243; _module_preset=&#8221;default&#8221; global_colors_info=&#8221;{}&#8221;][et_pb_blurb use_icon=&#8221;on&#8221; font_icon=&#8221;&#xe090;||divi||400&#8243; icon_color=&#8221;#FFFFFF&#8221; icon_placement=&#8221;left&#8221; image_icon_width=&#8221;27px&#8221; _builder_version=&#8221;4.18.0&#8243; _module_preset=&#8221;default&#8221; header_text_color=&#8221;#FFFFFF&#8221; body_text_color=&#8221;#FFFFFF&#8221; body_font_size=&#8221;17px&#8221; body_line_height=&#8221;1.4em&#8221; body_font_tablet=&#8221;&#8221; body_font_phone=&#8221;&#8221; body_font_last_edited=&#8221;on|desktop&#8221; global_colors_info=&#8221;{}&#8221;]<\/p>\n<p><span style=\"color: #ffffff;\">+55 48 9 9163 4824<\/span><\/p>\n<p>[\/et_pb_blurb][\/et_pb_column][\/et_pb_row][\/et_pb_section]<\/p>\n","protected":false},"excerpt":{"rendered":"<p>THE MAGICK OF LIFE THROUGH WICCA! Wicca is an innate form of magick that exists in every culture around the world. This powerful magick is something that anyone can connect [&hellip;]<\/p>\n","protected":false},"author":1,"featured_media":0,"parent":0,"menu_order":0,"comment_status":"closed","ping_status":"closed","template":"","meta":{"_et_pb_use_builder":"on","_et_pb_old_content":"","_et_gb_content_width":"","footnotes":""},"class_list":["post-987496803","page","type-page","status-publish","hentry"],"yoast_head":"<!-- This site is optimized with the Yoast SEO plugin v27.2 - https:\/\/yoast.com\/product\/yoast-seo-wordpress\/ -->\n<title>Wicca | Escola Moderna de Mist\u00e9rios<\/title>\n<meta name=\"robots\" content=\"noindex, follow, max-snippet:-1, max-image-preview:large, max-video-preview:-1\" \/>\n<meta property=\"og:locale\" content=\"en_US\" \/>\n<meta property=\"og:type\" content=\"article\" \/>\n<meta property=\"og:title\" content=\"Wicca | Escola Moderna de Mist\u00e9rios\" \/>\n<meta property=\"og:description\" content=\"THE MAGICK OF LIFE THROUGH WICCA! Wicca is an innate form of magick that exists in every culture around the world. This powerful magick is something that anyone can connect [&hellip;]\" \/>\n<meta property=\"og:url\" content=\"https:\/\/escolamodernademisterios.com\/en\/wicca\/\" \/>\n<meta property=\"og:site_name\" content=\"Escola Moderna de Mist\u00e9rios\" \/>\n<meta property=\"article:publisher\" content=\"https:\/\/www.facebook.com\/EscolaDeMisteriosBrasil\" \/>\n<meta property=\"article:modified_time\" content=\"2023-07-27T17:16:02+00:00\" \/>\n<meta name=\"twitter:card\" content=\"summary_large_image\" \/>\n<meta name=\"twitter:label1\" content=\"Est. reading time\" \/>\n\t<meta name=\"twitter:data1\" content=\"9 minutes\" \/>\n<script type=\"application\/ld+json\" class=\"yoast-schema-graph\">{\"@context\":\"https:\/\/schema.org\",\"@graph\":[{\"@type\":\"WebPage\",\"@id\":\"https:\/\/escolamodernademisterios.com\/en\/wicca\/\",\"url\":\"https:\/\/escolamodernademisterios.com\/en\/wicca\/\",\"name\":\"Wicca | Escola Moderna de Mist\u00e9rios\",\"isPartOf\":{\"@id\":\"https:\/\/escolamodernademisterios.com\/en\/#website\"},\"datePublished\":\"2022-10-28T03:19:31+00:00\",\"dateModified\":\"2023-07-27T17:16:02+00:00\",\"breadcrumb\":{\"@id\":\"https:\/\/escolamodernademisterios.com\/en\/wicca\/#breadcrumb\"},\"inLanguage\":\"en-US\",\"potentialAction\":[{\"@type\":\"ReadAction\",\"target\":[\"https:\/\/escolamodernademisterios.com\/en\/wicca\/\"]}]},{\"@type\":\"BreadcrumbList\",\"@id\":\"https:\/\/escolamodernademisterios.com\/en\/wicca\/#breadcrumb\",\"itemListElement\":[{\"@type\":\"ListItem\",\"position\":1,\"name\":\"In\u00edcio\",\"item\":\"https:\/\/escolamodernademisterios.com\/en\/\"},{\"@type\":\"ListItem\",\"position\":2,\"name\":\"Wicca\"}]},{\"@type\":\"WebSite\",\"@id\":\"https:\/\/escolamodernademisterios.com\/en\/#website\",\"url\":\"https:\/\/escolamodernademisterios.com\/en\/\",\"name\":\"Escola Moderna de Mist\u00e9rios\",\"description\":\"N\u00f3s somos uma Escola de Mist\u00e9rios que acredita no empoderamento de todos os seres humanos para viver uma vida de paz, alegria, sucesso, abund\u00e2ncia, harmonia e alinhamento com seu prop\u00f3sito individual. Acreditamos que a descoberta do potencial individual faz parte da experi\u00eancia da vida e \u00e9 parte do crescimento espiritual e f\u00edsico.\",\"publisher\":{\"@id\":\"https:\/\/escolamodernademisterios.com\/en\/#organization\"},\"potentialAction\":[{\"@type\":\"SearchAction\",\"target\":{\"@type\":\"EntryPoint\",\"urlTemplate\":\"https:\/\/escolamodernademisterios.com\/en\/?s={search_term_string}\"},\"query-input\":{\"@type\":\"PropertyValueSpecification\",\"valueRequired\":true,\"valueName\":\"search_term_string\"}}],\"inLanguage\":\"en-US\"},{\"@type\":\"Organization\",\"@id\":\"https:\/\/escolamodernademisterios.com\/en\/#organization\",\"name\":\"Escola Moderna de Mist\u00e9rios\",\"url\":\"https:\/\/escolamodernademisterios.com\/en\/\",\"logo\":{\"@type\":\"ImageObject\",\"inLanguage\":\"en-US\",\"@id\":\"https:\/\/escolamodernademisterios.com\/en\/#\/schema\/logo\/image\/\",\"url\":\"https:\/\/escolamodernademisterios.com\/wp-content\/uploads\/2023\/06\/Logo-696x696-1.png\",\"contentUrl\":\"https:\/\/escolamodernademisterios.com\/wp-content\/uploads\/2023\/06\/Logo-696x696-1.png\",\"width\":675,\"height\":696,\"caption\":\"Escola Moderna de Mist\u00e9rios\"},\"image\":{\"@id\":\"https:\/\/escolamodernademisterios.com\/en\/#\/schema\/logo\/image\/\"},\"sameAs\":[\"https:\/\/www.facebook.com\/EscolaDeMisteriosBrasil\",\"https:\/\/www.instagram.com\/escola_modernademisterios\/\"]}]}<\/script>\n<!-- \/ Yoast SEO plugin. -->","yoast_head_json":{"title":"Wicca | Escola Moderna de Mist\u00e9rios","robots":{"index":"noindex","follow":"follow","max-snippet":"max-snippet:-1","max-image-preview":"max-image-preview:large","max-video-preview":"max-video-preview:-1"},"og_locale":"en_US","og_type":"article","og_title":"Wicca | Escola Moderna de Mist\u00e9rios","og_description":"THE MAGICK OF LIFE THROUGH WICCA! Wicca is an innate form of magick that exists in every culture around the world. This powerful magick is something that anyone can connect [&hellip;]","og_url":"https:\/\/escolamodernademisterios.com\/en\/wicca\/","og_site_name":"Escola Moderna de Mist\u00e9rios","article_publisher":"https:\/\/www.facebook.com\/EscolaDeMisteriosBrasil","article_modified_time":"2023-07-27T17:16:02+00:00","twitter_card":"summary_large_image","twitter_misc":{"Est. reading time":"9 minutes"},"schema":{"@context":"https:\/\/schema.org","@graph":[{"@type":"WebPage","@id":"https:\/\/escolamodernademisterios.com\/en\/wicca\/","url":"https:\/\/escolamodernademisterios.com\/en\/wicca\/","name":"Wicca | Escola Moderna de Mist\u00e9rios","isPartOf":{"@id":"https:\/\/escolamodernademisterios.com\/en\/#website"},"datePublished":"2022-10-28T03:19:31+00:00","dateModified":"2023-07-27T17:16:02+00:00","breadcrumb":{"@id":"https:\/\/escolamodernademisterios.com\/en\/wicca\/#breadcrumb"},"inLanguage":"en-US","potentialAction":[{"@type":"ReadAction","target":["https:\/\/escolamodernademisterios.com\/en\/wicca\/"]}]},{"@type":"BreadcrumbList","@id":"https:\/\/escolamodernademisterios.com\/en\/wicca\/#breadcrumb","itemListElement":[{"@type":"ListItem","position":1,"name":"In\u00edcio","item":"https:\/\/escolamodernademisterios.com\/en\/"},{"@type":"ListItem","position":2,"name":"Wicca"}]},{"@type":"WebSite","@id":"https:\/\/escolamodernademisterios.com\/en\/#website","url":"https:\/\/escolamodernademisterios.com\/en\/","name":"Escola Moderna de Mist\u00e9rios","description":"N\u00f3s somos uma Escola de Mist\u00e9rios que acredita no empoderamento de todos os seres humanos para viver uma vida de paz, alegria, sucesso, abund\u00e2ncia, harmonia e alinhamento com seu prop\u00f3sito individual. Acreditamos que a descoberta do potencial individual faz parte da experi\u00eancia da vida e \u00e9 parte do crescimento espiritual e f\u00edsico.","publisher":{"@id":"https:\/\/escolamodernademisterios.com\/en\/#organization"},"potentialAction":[{"@type":"SearchAction","target":{"@type":"EntryPoint","urlTemplate":"https:\/\/escolamodernademisterios.com\/en\/?s={search_term_string}"},"query-input":{"@type":"PropertyValueSpecification","valueRequired":true,"valueName":"search_term_string"}}],"inLanguage":"en-US"},{"@type":"Organization","@id":"https:\/\/escolamodernademisterios.com\/en\/#organization","name":"Escola Moderna de Mist\u00e9rios","url":"https:\/\/escolamodernademisterios.com\/en\/","logo":{"@type":"ImageObject","inLanguage":"en-US","@id":"https:\/\/escolamodernademisterios.com\/en\/#\/schema\/logo\/image\/","url":"https:\/\/escolamodernademisterios.com\/wp-content\/uploads\/2023\/06\/Logo-696x696-1.png","contentUrl":"https:\/\/escolamodernademisterios.com\/wp-content\/uploads\/2023\/06\/Logo-696x696-1.png","width":675,"height":696,"caption":"Escola Moderna de Mist\u00e9rios"},"image":{"@id":"https:\/\/escolamodernademisterios.com\/en\/#\/schema\/logo\/image\/"},"sameAs":["https:\/\/www.facebook.com\/EscolaDeMisteriosBrasil","https:\/\/www.instagram.com\/escola_modernademisterios\/"]}]}},"_links":{"self":[{"href":"https:\/\/escolamodernademisterios.com\/en\/wp-json\/wp\/v2\/pages\/987496803","targetHints":{"allow":["GET"]}}],"collection":[{"href":"https:\/\/escolamodernademisterios.com\/en\/wp-json\/wp\/v2\/pages"}],"about":[{"href":"https:\/\/escolamodernademisterios.com\/en\/wp-json\/wp\/v2\/types\/page"}],"author":[{"embeddable":true,"href":"https:\/\/escolamodernademisterios.com\/en\/wp-json\/wp\/v2\/users\/1"}],"replies":[{"embeddable":true,"href":"https:\/\/escolamodernademisterios.com\/en\/wp-json\/wp\/v2\/comments?post=987496803"}],"version-history":[{"count":7,"href":"https:\/\/escolamodernademisterios.com\/en\/wp-json\/wp\/v2\/pages\/987496803\/revisions"}],"predecessor-version":[{"id":987498589,"href":"https:\/\/escolamodernademisterios.com\/en\/wp-json\/wp\/v2\/pages\/987496803\/revisions\/987498589"}],"wp:attachment":[{"href":"https:\/\/escolamodernademisterios.com\/en\/wp-json\/wp\/v2\/media?parent=987496803"}],"curies":[{"name":"wp","href":"https:\/\/api.w.org\/{rel}","templated":true}]}}