{"id":987496827,"date":"2022-02-11T16:48:55","date_gmt":"2022-02-11T19:48:55","guid":{"rendered":"https:\/\/escolamodernademisterios.com\/spiritual-drug-detox-healing\/"},"modified":"2023-03-20T13:42:27","modified_gmt":"2023-03-20T16:42:27","slug":"spiritual-drug-detox-healing","status":"publish","type":"page","link":"https:\/\/escolamodernademisterios.com\/en\/spiritual-drug-detox-healing\/","title":{"rendered":"Spiritual Drug Detox Healing"},"content":{"rendered":"<p>[et_pb_section fb_built=&#8221;1&#8243; theme_builder_area=&#8221;post_content&#8221; specialty=&#8221;on&#8221; _builder_version=&#8221;4.19.4&#8243; _module_preset=&#8221;default&#8221;][et_pb_column type=&#8221;3_4&#8243; specialty_columns=&#8221;3&#8243; theme_builder_area=&#8221;post_content&#8221;][et_pb_row_inner _builder_version=&#8221;4.19.4&#8243; _module_preset=&#8221;default&#8221; theme_builder_area=&#8221;post_content&#8221;][et_pb_column_inner saved_specialty_column_type=&#8221;3_4&#8243; _builder_version=&#8221;4.19.4&#8243; _module_preset=&#8221;default&#8221; theme_builder_area=&#8221;post_content&#8221;][et_pb_image src=&#8221;https:\/\/escolamodernademisterios.com\/wp-content\/uploads\/2023\/01\/aura-healing.jpg&#8221; title_text=&#8221;aura healing&#8221; _builder_version=&#8221;4.19.4&#8243; _module_preset=&#8221;default&#8221; max_width_tablet=&#8221;30%&#8221; max_width_phone=&#8221;50%&#8221; max_width_last_edited=&#8221;on|phone&#8221; hover_enabled=&#8221;0&#8243; module_alignment_tablet=&#8221;center&#8221; module_alignment_phone=&#8221;center&#8221; module_alignment_last_edited=&#8221;on|phone&#8221; global_colors_info=&#8221;{}&#8221; theme_builder_area=&#8221;post_content&#8221; max_width=&#8221;20%&#8221; sticky_enabled=&#8221;0&#8243;][\/et_pb_image][et_pb_text _builder_version=&#8221;4.18.0&#8243; _module_preset=&#8221;default&#8221; text_line_height=&#8221;1.5em&#8221; background_color=&#8221;#FFFFFF&#8221; width=&#8221;100%&#8221; custom_margin=&#8221;0px|-6px||1px|false|false&#8221; custom_padding=&#8221;|0px||0px|false|false&#8221; header_2_text_align_tablet=&#8221;center&#8221; header_2_text_align_phone=&#8221;center&#8221; header_2_text_align_last_edited=&#8221;on|phone&#8221; global_colors_info=&#8221;{}&#8221; theme_builder_area=&#8221;post_content&#8221;]<\/p>\n<h2>SPIRITUAL DRUG DETOX HEALING<\/h2>\n<p>Substance abuse affects millions of people on the planet today. It is the cause of so many ails of society \u2013 from mental health issues, to disease, to crime, violence and so much more.<\/p>\n<p>An individual\u2019s experience with abuse substances and addiction can be for various reasons. In the Mystery School tradition we know that those reasons are always rooted in a deeper spiritual and soul-level issues that can be addressed.<\/p>\n<p>There is help and true healing available from addiction and substance abuse.<\/p>\n<p>Speciality healers certified by the Modern Mystery School have an advanced healing protocol that is specific to the needs of the recovering addict, that addresses and heals the various energy systems we have as humans:<\/p>\n<ul>\n<li>Past Life Emanations<\/li>\n<li>Magnetic imblanace<\/li>\n<li>Physical trauma<\/li>\n<li>Physical trauma<\/li>\n<li>Soul trauma and healing of the pituitary and pineal glands<\/li>\n<li>Spirit trauma and restoring divine essence<\/li>\n<\/ul>\n<p>The power of this modality comes from the immense power that resides within the human soul and its ability to transcend anything the human will chooses to. The strength is within.<\/p>\n<p><em>The Modern Mystery School respects and honours medical and holistic rehabilitation in and out-patient programs, and recommends that anyone considering the Spiritual Drug Detox system with MMS to please continue and complete your prescribed support programs.<\/em><\/p>\n<p>&nbsp;<\/p>\n<p><a href=\"mailto:info@escolamodernademisterios.com.br\"><strong>Find a certified Ensofic Ray practitioner in your area <\/strong><\/a><\/p>\n<p>[\/et_pb_text][\/et_pb_column_inner][\/et_pb_row_inner][\/et_pb_column][et_pb_column type=&#8221;1_4&#8243; theme_builder_area=&#8221;post_content&#8221;][et_pb_sidebar orientation=&#8221;right&#8221; disabled_on=&#8221;on|on|off&#8221; _builder_version=&#8221;4.18.0&#8243; _module_preset=&#8221;default&#8221; header_font_size=&#8221;17px&#8221; custom_margin=&#8221;|-40px||0px|false|false&#8221; global_colors_info=&#8221;{}&#8221; theme_builder_area=&#8221;post_content&#8221;][\/et_pb_sidebar][\/et_pb_column][\/et_pb_section][et_pb_section fb_built=&#8221;1&#8243; _builder_version=&#8221;4.18.0&#8243; _module_preset=&#8221;default&#8221; background_color=&#8221;#d3b779&#8243; custom_padding=&#8221;0px||0px|||&#8221; global_module=&#8221;987495444&#8243; saved_tabs=&#8221;all&#8221; global_colors_info=&#8221;{}&#8221;][et_pb_row column_structure=&#8221;1_3,1_3,1_3&#8243; _builder_version=&#8221;4.18.0&#8243; _module_preset=&#8221;default&#8221; global_colors_info=&#8221;{}&#8221;][et_pb_column type=&#8221;1_3&#8243; _builder_version=&#8221;4.18.0&#8243; _module_preset=&#8221;default&#8221; global_colors_info=&#8221;{}&#8221;][et_pb_blurb use_icon=&#8221;on&#8221; font_icon=&#8221;&#xe081;||divi||400&#8243; icon_color=&#8221;#FFFFFF&#8221; icon_placement=&#8221;left&#8221; image_icon_width=&#8221;27px&#8221; _builder_version=&#8221;4.19.4&#8243; _module_preset=&#8221;default&#8221; header_text_color=&#8221;#FFFFFF&#8221; body_text_color=&#8221;#FFFFFF&#8221; body_font_size=&#8221;17px&#8221; body_line_height=&#8221;1.4em&#8221; global_colors_info=&#8221;{}&#8221;]<\/p>\n<p><span>Avenida Pequeno Pr\u00edncipe, 1482, loja 03 \u2013 Campeche, Florian\u00f3polis \u2013 SC, Brasil<\/span><\/p>\n<p>[\/et_pb_blurb][\/et_pb_column][et_pb_column type=&#8221;1_3&#8243; _builder_version=&#8221;4.18.0&#8243; _module_preset=&#8221;default&#8221; global_colors_info=&#8221;{}&#8221;][et_pb_blurb use_icon=&#8221;on&#8221; font_icon=&#8221;&#xe076;||divi||400&#8243; icon_color=&#8221;#FFFFFF&#8221; icon_placement=&#8221;left&#8221; image_icon_width=&#8221;27px&#8221; _builder_version=&#8221;4.18.0&#8243; _module_preset=&#8221;default&#8221; header_text_color=&#8221;#FFFFFF&#8221; body_text_color=&#8221;#FFFFFF&#8221; body_font_size=&#8221;17px&#8221; body_line_height=&#8221;1.4em&#8221; link_option_url=&#8221;mailto:info@escolamodernademisterios.com.br&#8221; global_colors_info=&#8221;{}&#8221;]<\/p>\n<p>info@escolamodernademisterios.com.br<\/p>\n<p>[\/et_pb_blurb][\/et_pb_column][et_pb_column type=&#8221;1_3&#8243; _builder_version=&#8221;4.18.0&#8243; _module_preset=&#8221;default&#8221; global_colors_info=&#8221;{}&#8221;][et_pb_blurb use_icon=&#8221;on&#8221; font_icon=&#8221;&#xe090;||divi||400&#8243; icon_color=&#8221;#FFFFFF&#8221; icon_placement=&#8221;left&#8221; image_icon_width=&#8221;27px&#8221; _builder_version=&#8221;4.18.0&#8243; _module_preset=&#8221;default&#8221; header_text_color=&#8221;#FFFFFF&#8221; body_text_color=&#8221;#FFFFFF&#8221; body_font_size=&#8221;17px&#8221; body_line_height=&#8221;1.4em&#8221; body_font_tablet=&#8221;&#8221; body_font_phone=&#8221;&#8221; body_font_last_edited=&#8221;on|desktop&#8221; global_colors_info=&#8221;{}&#8221;]<\/p>\n<p><span style=\"color: #ffffff;\">+55 48 9 9163 4824<\/span><\/p>\n<p>[\/et_pb_blurb][\/et_pb_column][\/et_pb_row][\/et_pb_section]<\/p>\n","protected":false},"excerpt":{"rendered":"<p>SPIRITUAL DRUG DETOX HEALING Substance abuse affects millions of people on the planet today. It is the cause of so many ails of society \u2013 from mental health issues, to [&hellip;]<\/p>\n","protected":false},"author":1,"featured_media":0,"parent":0,"menu_order":0,"comment_status":"closed","ping_status":"closed","template":"","meta":{"_et_pb_use_builder":"on","_et_pb_old_content":"","_et_gb_content_width":"","footnotes":""},"class_list":["post-987496827","page","type-page","status-publish","hentry"],"yoast_head":"<!-- This site is optimized with the Yoast SEO plugin v27.2 - https:\/\/yoast.com\/product\/yoast-seo-wordpress\/ -->\n<title>Spiritual Drug Detox Healing | Escola Moderna de Mist\u00e9rios<\/title>\n<meta name=\"robots\" content=\"noindex, follow, max-snippet:-1, max-image-preview:large, max-video-preview:-1\" \/>\n<meta property=\"og:locale\" content=\"en_US\" \/>\n<meta property=\"og:type\" content=\"article\" \/>\n<meta property=\"og:title\" content=\"Spiritual Drug Detox Healing | Escola Moderna de Mist\u00e9rios\" \/>\n<meta property=\"og:description\" content=\"SPIRITUAL DRUG DETOX HEALING Substance abuse affects millions of people on the planet today. It is the cause of so many ails of society \u2013 from mental health issues, to [&hellip;]\" \/>\n<meta property=\"og:url\" content=\"https:\/\/escolamodernademisterios.com\/en\/spiritual-drug-detox-healing\/\" \/>\n<meta property=\"og:site_name\" content=\"Escola Moderna de Mist\u00e9rios\" \/>\n<meta property=\"article:publisher\" content=\"https:\/\/www.facebook.com\/EscolaDeMisteriosBrasil\" \/>\n<meta property=\"article:modified_time\" content=\"2023-03-20T16:42:27+00:00\" \/>\n<meta name=\"twitter:card\" content=\"summary_large_image\" \/>\n<meta name=\"twitter:label1\" content=\"Est. reading time\" \/>\n\t<meta name=\"twitter:data1\" content=\"4 minutes\" \/>\n<script type=\"application\/ld+json\" class=\"yoast-schema-graph\">{\"@context\":\"https:\/\/schema.org\",\"@graph\":[{\"@type\":\"WebPage\",\"@id\":\"https:\/\/escolamodernademisterios.com\/en\/spiritual-drug-detox-healing\/\",\"url\":\"https:\/\/escolamodernademisterios.com\/en\/spiritual-drug-detox-healing\/\",\"name\":\"Spiritual Drug Detox Healing | Escola Moderna de Mist\u00e9rios\",\"isPartOf\":{\"@id\":\"https:\/\/escolamodernademisterios.com\/en\/#website\"},\"datePublished\":\"2022-02-11T19:48:55+00:00\",\"dateModified\":\"2023-03-20T16:42:27+00:00\",\"breadcrumb\":{\"@id\":\"https:\/\/escolamodernademisterios.com\/en\/spiritual-drug-detox-healing\/#breadcrumb\"},\"inLanguage\":\"en-US\",\"potentialAction\":[{\"@type\":\"ReadAction\",\"target\":[\"https:\/\/escolamodernademisterios.com\/en\/spiritual-drug-detox-healing\/\"]}]},{\"@type\":\"BreadcrumbList\",\"@id\":\"https:\/\/escolamodernademisterios.com\/en\/spiritual-drug-detox-healing\/#breadcrumb\",\"itemListElement\":[{\"@type\":\"ListItem\",\"position\":1,\"name\":\"In\u00edcio\",\"item\":\"https:\/\/escolamodernademisterios.com\/en\/\"},{\"@type\":\"ListItem\",\"position\":2,\"name\":\"Spiritual Drug Detox Healing\"}]},{\"@type\":\"WebSite\",\"@id\":\"https:\/\/escolamodernademisterios.com\/en\/#website\",\"url\":\"https:\/\/escolamodernademisterios.com\/en\/\",\"name\":\"Escola Moderna de Mist\u00e9rios\",\"description\":\"N\u00f3s somos uma Escola de Mist\u00e9rios que acredita no empoderamento de todos os seres humanos para viver uma vida de paz, alegria, sucesso, abund\u00e2ncia, harmonia e alinhamento com seu prop\u00f3sito individual. Acreditamos que a descoberta do potencial individual faz parte da experi\u00eancia da vida e \u00e9 parte do crescimento espiritual e f\u00edsico.\",\"publisher\":{\"@id\":\"https:\/\/escolamodernademisterios.com\/en\/#organization\"},\"potentialAction\":[{\"@type\":\"SearchAction\",\"target\":{\"@type\":\"EntryPoint\",\"urlTemplate\":\"https:\/\/escolamodernademisterios.com\/en\/?s={search_term_string}\"},\"query-input\":{\"@type\":\"PropertyValueSpecification\",\"valueRequired\":true,\"valueName\":\"search_term_string\"}}],\"inLanguage\":\"en-US\"},{\"@type\":\"Organization\",\"@id\":\"https:\/\/escolamodernademisterios.com\/en\/#organization\",\"name\":\"Escola Moderna de Mist\u00e9rios\",\"url\":\"https:\/\/escolamodernademisterios.com\/en\/\",\"logo\":{\"@type\":\"ImageObject\",\"inLanguage\":\"en-US\",\"@id\":\"https:\/\/escolamodernademisterios.com\/en\/#\/schema\/logo\/image\/\",\"url\":\"https:\/\/escolamodernademisterios.com\/wp-content\/uploads\/2023\/06\/Logo-696x696-1.png\",\"contentUrl\":\"https:\/\/escolamodernademisterios.com\/wp-content\/uploads\/2023\/06\/Logo-696x696-1.png\",\"width\":675,\"height\":696,\"caption\":\"Escola Moderna de Mist\u00e9rios\"},\"image\":{\"@id\":\"https:\/\/escolamodernademisterios.com\/en\/#\/schema\/logo\/image\/\"},\"sameAs\":[\"https:\/\/www.facebook.com\/EscolaDeMisteriosBrasil\",\"https:\/\/www.instagram.com\/escola_modernademisterios\/\"]}]}<\/script>\n<!-- \/ Yoast SEO plugin. -->","yoast_head_json":{"title":"Spiritual Drug Detox Healing | Escola Moderna de Mist\u00e9rios","robots":{"index":"noindex","follow":"follow","max-snippet":"max-snippet:-1","max-image-preview":"max-image-preview:large","max-video-preview":"max-video-preview:-1"},"og_locale":"en_US","og_type":"article","og_title":"Spiritual Drug Detox Healing | Escola Moderna de Mist\u00e9rios","og_description":"SPIRITUAL DRUG DETOX HEALING Substance abuse affects millions of people on the planet today. It is the cause of so many ails of society \u2013 from mental health issues, to [&hellip;]","og_url":"https:\/\/escolamodernademisterios.com\/en\/spiritual-drug-detox-healing\/","og_site_name":"Escola Moderna de Mist\u00e9rios","article_publisher":"https:\/\/www.facebook.com\/EscolaDeMisteriosBrasil","article_modified_time":"2023-03-20T16:42:27+00:00","twitter_card":"summary_large_image","twitter_misc":{"Est. reading time":"4 minutes"},"schema":{"@context":"https:\/\/schema.org","@graph":[{"@type":"WebPage","@id":"https:\/\/escolamodernademisterios.com\/en\/spiritual-drug-detox-healing\/","url":"https:\/\/escolamodernademisterios.com\/en\/spiritual-drug-detox-healing\/","name":"Spiritual Drug Detox Healing | Escola Moderna de Mist\u00e9rios","isPartOf":{"@id":"https:\/\/escolamodernademisterios.com\/en\/#website"},"datePublished":"2022-02-11T19:48:55+00:00","dateModified":"2023-03-20T16:42:27+00:00","breadcrumb":{"@id":"https:\/\/escolamodernademisterios.com\/en\/spiritual-drug-detox-healing\/#breadcrumb"},"inLanguage":"en-US","potentialAction":[{"@type":"ReadAction","target":["https:\/\/escolamodernademisterios.com\/en\/spiritual-drug-detox-healing\/"]}]},{"@type":"BreadcrumbList","@id":"https:\/\/escolamodernademisterios.com\/en\/spiritual-drug-detox-healing\/#breadcrumb","itemListElement":[{"@type":"ListItem","position":1,"name":"In\u00edcio","item":"https:\/\/escolamodernademisterios.com\/en\/"},{"@type":"ListItem","position":2,"name":"Spiritual Drug Detox Healing"}]},{"@type":"WebSite","@id":"https:\/\/escolamodernademisterios.com\/en\/#website","url":"https:\/\/escolamodernademisterios.com\/en\/","name":"Escola Moderna de Mist\u00e9rios","description":"N\u00f3s somos uma Escola de Mist\u00e9rios que acredita no empoderamento de todos os seres humanos para viver uma vida de paz, alegria, sucesso, abund\u00e2ncia, harmonia e alinhamento com seu prop\u00f3sito individual. Acreditamos que a descoberta do potencial individual faz parte da experi\u00eancia da vida e \u00e9 parte do crescimento espiritual e f\u00edsico.","publisher":{"@id":"https:\/\/escolamodernademisterios.com\/en\/#organization"},"potentialAction":[{"@type":"SearchAction","target":{"@type":"EntryPoint","urlTemplate":"https:\/\/escolamodernademisterios.com\/en\/?s={search_term_string}"},"query-input":{"@type":"PropertyValueSpecification","valueRequired":true,"valueName":"search_term_string"}}],"inLanguage":"en-US"},{"@type":"Organization","@id":"https:\/\/escolamodernademisterios.com\/en\/#organization","name":"Escola Moderna de Mist\u00e9rios","url":"https:\/\/escolamodernademisterios.com\/en\/","logo":{"@type":"ImageObject","inLanguage":"en-US","@id":"https:\/\/escolamodernademisterios.com\/en\/#\/schema\/logo\/image\/","url":"https:\/\/escolamodernademisterios.com\/wp-content\/uploads\/2023\/06\/Logo-696x696-1.png","contentUrl":"https:\/\/escolamodernademisterios.com\/wp-content\/uploads\/2023\/06\/Logo-696x696-1.png","width":675,"height":696,"caption":"Escola Moderna de Mist\u00e9rios"},"image":{"@id":"https:\/\/escolamodernademisterios.com\/en\/#\/schema\/logo\/image\/"},"sameAs":["https:\/\/www.facebook.com\/EscolaDeMisteriosBrasil","https:\/\/www.instagram.com\/escola_modernademisterios\/"]}]}},"_links":{"self":[{"href":"https:\/\/escolamodernademisterios.com\/en\/wp-json\/wp\/v2\/pages\/987496827","targetHints":{"allow":["GET"]}}],"collection":[{"href":"https:\/\/escolamodernademisterios.com\/en\/wp-json\/wp\/v2\/pages"}],"about":[{"href":"https:\/\/escolamodernademisterios.com\/en\/wp-json\/wp\/v2\/types\/page"}],"author":[{"embeddable":true,"href":"https:\/\/escolamodernademisterios.com\/en\/wp-json\/wp\/v2\/users\/1"}],"replies":[{"embeddable":true,"href":"https:\/\/escolamodernademisterios.com\/en\/wp-json\/wp\/v2\/comments?post=987496827"}],"version-history":[{"count":2,"href":"https:\/\/escolamodernademisterios.com\/en\/wp-json\/wp\/v2\/pages\/987496827\/revisions"}],"predecessor-version":[{"id":987496829,"href":"https:\/\/escolamodernademisterios.com\/en\/wp-json\/wp\/v2\/pages\/987496827\/revisions\/987496829"}],"wp:attachment":[{"href":"https:\/\/escolamodernademisterios.com\/en\/wp-json\/wp\/v2\/media?parent=987496827"}],"curies":[{"name":"wp","href":"https:\/\/api.w.org\/{rel}","templated":true}]}}