{"id":987496615,"date":"2022-02-11T16:32:44","date_gmt":"2022-02-11T19:32:44","guid":{"rendered":"https:\/\/escolamodernademisterios.com\/que-es-una-escuela-de-misterios\/"},"modified":"2023-05-30T12:58:57","modified_gmt":"2023-05-30T15:58:57","slug":"que-es-una-escuela-de-misterios","status":"publish","type":"page","link":"https:\/\/escolamodernademisterios.com\/es\/que-es-una-escuela-de-misterios\/","title":{"rendered":"\u00bfQu\u00e9 Es Una Escuela De Misterios?"},"content":{"rendered":"<p>[et_pb_section fb_built=\u00bb1&#8243; _builder_version=\u00bb4.21.0&#8243; _module_preset=\u00bbdefault\u00bb background_image=\u00bbhttps:\/\/escolamodernademisterios.com\/wp-content\/uploads\/2023\/05\/2-1.png\u00bb min_height=\u00bb399px\u00bb custom_padding=\u00bb4.2%||204px|6px|false|false\u00bb hover_enabled=\u00bb0&#8243; background_last_edited=\u00bbon|desktop\u00bb background_size_tablet=\u00bbcontain\u00bb global_colors_info=\u00bb{}\u00bb title_text=\u00bb2&#8243; sticky_enabled=\u00bb0&#8243;][et_pb_row column_structure=\u00bb1_2,1_2&#8243; _builder_version=\u00bb4.17.0&#8243; _module_preset=\u00bbdefault\u00bb custom_padding=\u00bb265px|197px|3px|||\u00bb global_colors_info=\u00bb{}\u00bb][et_pb_column type=\u00bb1_2&#8243; _builder_version=\u00bb4.17.0&#8243; _module_preset=\u00bbdefault\u00bb global_colors_info=\u00bb{}\u00bb][\/et_pb_column][et_pb_column type=\u00bb1_2&#8243; _builder_version=\u00bb4.17.0&#8243; _module_preset=\u00bbdefault\u00bb global_colors_info=\u00bb{}\u00bb][\/et_pb_column][\/et_pb_row][\/et_pb_section][et_pb_section fb_built=\u00bb1&#8243; admin_label=\u00bbCountdown Section\u00bb _builder_version=\u00bb4.16&#8243; custom_padding=\u00bb10px||100px|||\u00bb animation_style=\u00bbzoom\u00bb animation_direction=\u00bbbottom\u00bb animation_intensity_zoom=\u00bb4%\u00bb global_colors_info=\u00bb{}\u00bb][et_pb_row admin_label=\u00bbCountdown Title\u00bb _builder_version=\u00bb4.16&#8243; background_color=\u00bb#FFFFFF\u00bb background_size=\u00bbinitial\u00bb background_position=\u00bbtop_left\u00bb background_repeat=\u00bbrepeat\u00bb global_colors_info=\u00bb{}\u00bb][et_pb_column type=\u00bb4_4&#8243; _builder_version=\u00bb4.16&#8243; custom_padding=\u00bb|||\u00bb global_colors_info=\u00bb{}\u00bb custom_padding__hover=\u00bb|||\u00bb][et_pb_text _builder_version=\u00bb4.16&#8243; _module_preset=\u00bbdefault\u00bb text_line_height=\u00bb1.5em\u00bb header_2_line_height=\u00bb1.5em\u00bb background_color=\u00bb#FFFFFF\u00bb width=\u00bb100%\u00bb custom_margin=\u00bb0px|-6px||1px|false|false\u00bb custom_padding=\u00bb|0px||0px|false|false\u00bb global_colors_info=\u00bb{}\u00bb]<\/p>\n<h2><strong>\u00bfQUE ES UNA ESCUELA DE MISTERIOS?<\/strong><\/h2>\n<p>Por definici\u00f3n, una Escuela de Misterios es un grupo de aprendices que se dedicaron a la preservaci\u00f3n, protecci\u00f3n y perpetuidad de las ense\u00f1anzas de los misterios.<\/p>\n<p>A trav\u00e9s de los tiempos, las Escuelas de Misterios se han mantenido escondidas a plena vista. Estas han construido templos nobles por todo el mundo y brindaron servicios tanto al p\u00fablico, como detr\u00e1s de las puertas cerradas, tan solo para \u201caquellos que tienen ojos para ver\u201d y para \u201caquellos que tienen o\u00eddos para o\u00edr\u201d.<\/p>\n<p>Los iniciados son conocidos como los Guardianes, los Protectores, los Portadores de Luz, los Profesores, los Curanderos, los Magos, los Observadores, entre varios otros nombres.<\/p>\n<p>[\/et_pb_text][\/et_pb_column][\/et_pb_row][et_pb_row admin_label=\u00bbCountdown Title\u00bb _builder_version=\u00bb4.16&#8243; background_color=\u00bb#FFFFFF\u00bb background_size=\u00bbinitial\u00bb background_position=\u00bbtop_left\u00bb background_repeat=\u00bbrepeat\u00bb global_colors_info=\u00bb{}\u00bb][et_pb_column type=\u00bb4_4&#8243; _builder_version=\u00bb4.16&#8243; custom_padding=\u00bb|||\u00bb global_colors_info=\u00bb{}\u00bb custom_padding__hover=\u00bb|||\u00bb][et_pb_text _builder_version=\u00bb4.16&#8243; _module_preset=\u00bbdefault\u00bb text_line_height=\u00bb1.5em\u00bb header_line_height=\u00bb1.7em\u00bb header_2_line_height=\u00bb1.3em\u00bb header_3_line_height=\u00bb1.5em\u00bb global_colors_info=\u00bb{}\u00bb]<\/p>\n<h3><strong>\u00bfPOR QU\u00c9 SON UN MISTERIO LAS ESCUELAS DE <em>MISTERIO<\/em>?<\/strong><\/h3>\n<p style=\"margin: 0in;\"><span lang=\"PT-BR\">Hasta hace poco, las ense\u00f1anzas de las escuelas de misterios se mantuvieron guardadas a siete llaves en sus respectivas instituciones. Esas ense\u00f1anzas son llaves para vivir una vida iluminada y poderosa.<o:p><\/o:p><\/span><\/p>\n<p style=\"margin: 0in;\"><span lang=\"PT-BR\">Hubo un tiempo en que toda la humanidad sol\u00eda vivir, pensar y comportarse con un entendimiento com\u00fan que estaba alineado con el bien mayor de todos. Ese tiempo ya pas\u00f3 hace mucho y las llaves de la iluminaci\u00f3n se volvieron una amenaza para las fuerzas que desean controlar a la humanidad. Estas fuerzas, individuos, gobiernos y otros intentaron eliminar ese conocimiento de la tierra, a veces de manera abrupta. Las guerras de los antiguos tiempos y de los d\u00edas modernos no fueron siempre sobre lo que los libros de historia nos dijeron. Las ense\u00f1anzas de las escuelas de misterios fueron forzadas a pasar a la clandestinidad, a fin de proteger y preservar todas las ense\u00f1anzas sagradas.<o:p><\/o:p><\/span><\/p>\n<p style=\"margin: 0in;\"><span lang=\"PT-BR\">Desde entonces, las personas deber\u00edan ser invitadas a la escuela para estudiar, despu\u00e9s de una minuciosa observaci\u00f3n, una vez que el individuo ten\u00eda que probar su verdadera prontitud y dedicaci\u00f3n. Muchas escuelas de misterios, aun en la actualidad, act\u00faan de esa forma. Sin embargo, la Escuela Moderna de Misterios es considerada una escuela abierta, permitiendo que aquellos que aspiran a altos conocimientos los obtengan mientras viven en el mundo cotidiano.<o:p><\/o:p><\/span><\/p>\n<p style=\"margin: 0in;\"><span lang=\"PT-BR\">Hay grandes cambios de energ\u00eda que en la actualidad ocurren en el planeta y, una vez m\u00e1s, la humanidad se despierta para su verdadera naturaleza divina. Una vez m\u00e1s es tiempo de vivir en una sociedad iluminada. La Escuela Moderna de Misterios cree proporcionar a todos el derecho de optar por seguir el camino de la iniciaci\u00f3n para la Luz, creando la oportunidad y abriendo sus puertas a todos los que la busquen.<o:p><\/o:p><\/span><\/p>\n<p style=\"margin: 0in;\"><span lang=\"PT-BR\">Estamos listos para dar el pr\u00f3ximo paso frente a nuestra evoluci\u00f3n, abrazando nuestra divinidad como cuerpo f\u00edsico.<o:p><\/o:p><\/span><\/p>\n<p>[\/et_pb_text][\/et_pb_column][\/et_pb_row][et_pb_row admin_label=\u00bbCountdown Title\u00bb _builder_version=\u00bb4.16&#8243; background_color=\u00bb#FFFFFF\u00bb background_size=\u00bbinitial\u00bb background_position=\u00bbtop_left\u00bb background_repeat=\u00bbrepeat\u00bb global_colors_info=\u00bb{}\u00bb][et_pb_column type=\u00bb4_4&#8243; _builder_version=\u00bb4.16&#8243; custom_padding=\u00bb|||\u00bb global_colors_info=\u00bb{}\u00bb custom_padding__hover=\u00bb|||\u00bb][et_pb_text _builder_version=\u00bb4.16&#8243; _module_preset=\u00bbdefault\u00bb text_line_height=\u00bb1.5em\u00bb header_line_height=\u00bb1.7em\u00bb header_2_line_height=\u00bb1.3em\u00bb header_3_line_height=\u00bb1.5em\u00bb global_colors_info=\u00bb{}\u00bb]<\/p>\n<h3><strong>\u00bfCU\u00c1NTAS ESCUELAS DE MISTERIOS EXISTEN?<\/strong><\/h3>\n<p style=\"margin-bottom: 0in;\"><span lang=\"PT-BR\">Existen 7 Antiguas Escuelas de Misterios en el planeta. Estas 7 est\u00e1n ubicadas en Am\u00e9rica del Norte, Inglaterra, Rumania, Australia, Jap\u00f3n, Tibet y \u00c1frica. Seis de las cuales est\u00e1n cerradas al p\u00fablico. La Escuela Moderna de Misterios es la \u00fanica escuela abierta al p\u00fablico. Es la \u00fanica escuela para anunciar p\u00fablicamente y promover el camino de iniciaci\u00f3n en la Gran Fraternidad y Hermandad de la Luz.<o:p><\/o:p><\/span><\/p>\n<p style=\"margin: 0in;\"><span lang=\"PT-BR\">La Escuela Moderna de Misterios, actualmente, posee centros distribuidos en todo Canad\u00e1, Estados Unidos, Reino Unido, Irlanda, Brasil, Jap\u00f3n, Sud\u00e1frica, Caribe, Filipinas y est\u00e1 en constante crecimiento en todo el mundo.<o:p><\/o:p><\/span><\/p>\n<p style=\"margin: 0in;\"><span lang=\"PT-BR\"><o:p><\/o:p><\/span><\/p>\n<p>[\/et_pb_text][\/et_pb_column][\/et_pb_row][et_pb_row admin_label=\u00bbCountdown Title\u00bb _builder_version=\u00bb4.16&#8243; background_color=\u00bb#FFFFFF\u00bb background_size=\u00bbinitial\u00bb background_position=\u00bbtop_left\u00bb background_repeat=\u00bbrepeat\u00bb global_colors_info=\u00bb{}\u00bb][et_pb_column type=\u00bb4_4&#8243; _builder_version=\u00bb4.16&#8243; custom_padding=\u00bb|||\u00bb global_colors_info=\u00bb{}\u00bb custom_padding__hover=\u00bb|||\u00bb][et_pb_text _builder_version=\u00bb4.16&#8243; _module_preset=\u00bbdefault\u00bb text_line_height=\u00bb1.5em\u00bb header_line_height=\u00bb1.7em\u00bb header_2_line_height=\u00bb1.3em\u00bb header_3_line_height=\u00bb1.5em\u00bb global_colors_info=\u00bb{}\u00bb]<\/p>\n<h3><strong>\u00bfC\u00d3MO SABER SI ES REAL UNA ESCUELA DE MISTERIOS?<\/strong><\/h3>\n<p><span>Hay en el mundo muchas organizaciones de misterio que comparten ense\u00f1anzas gn\u00f3sticas y esot\u00e9ricas con sus alumnos. Aunque algunas de estas organizaciones puedan validarse en sus ense\u00f1anzas, lo que es importante para determinar la legitimidad de una escuela de misterios es su linaje.<\/span><\/p>\n<p style=\"margin-bottom: 0in;\">M\u00e1s sobre la Escuela Moderna de Misterios \u00bf<strong><a href=\"https:\/\/escolamodernademisterios.com\/es\/quienes-somos\/\">Qui\u00e9nes somos<\/a><\/strong>?<\/p>\n<p>[\/et_pb_text][\/et_pb_column][\/et_pb_row][\/et_pb_section][et_pb_section fb_built=\u00bb1&#8243; _builder_version=\u00bb4.18.0&#8243; _module_preset=\u00bbdefault\u00bb background_color=\u00bb#d3b779&#8243; custom_padding=\u00bb0px||0px|||\u00bb global_colors_info=\u00bb{}\u00bb][et_pb_row column_structure=\u00bb1_3,1_3,1_3&#8243; _builder_version=\u00bb4.18.0&#8243; _module_preset=\u00bbdefault\u00bb global_colors_info=\u00bb{}\u00bb][et_pb_column type=\u00bb1_3&#8243; _builder_version=\u00bb4.18.0&#8243; _module_preset=\u00bbdefault\u00bb global_colors_info=\u00bb{}\u00bb][et_pb_blurb use_icon=\u00bbon\u00bb font_icon=\u00bb&#xe081;||divi||400&#8243; icon_color=\u00bb#FFFFFF\u00bb icon_placement=\u00bbleft\u00bb image_icon_width=\u00bb27px\u00bb _builder_version=\u00bb4.18.0&#8243; _module_preset=\u00bbdefault\u00bb header_text_color=\u00bb#FFFFFF\u00bb body_text_color=\u00bb#FFFFFF\u00bb body_font_size=\u00bb17px\u00bb body_line_height=\u00bb1.4em\u00bb global_colors_info=\u00bb{}\u00bb]<\/p>\n<p><span>Avenida Pequeno Pr\u00edncipe, 1482, loja 03 \u2013 Campeche, Florian\u00f3polis \u2013 SC, Brazil<\/span><\/p>\n<p>[\/et_pb_blurb][\/et_pb_column][et_pb_column type=\u00bb1_3&#8243; _builder_version=\u00bb4.18.0&#8243; _module_preset=\u00bbdefault\u00bb global_colors_info=\u00bb{}\u00bb][et_pb_blurb use_icon=\u00bbon\u00bb font_icon=\u00bb&#xe076;||divi||400&#8243; icon_color=\u00bb#FFFFFF\u00bb icon_placement=\u00bbleft\u00bb image_icon_width=\u00bb27px\u00bb _builder_version=\u00bb4.18.0&#8243; _module_preset=\u00bbdefault\u00bb header_text_color=\u00bb#FFFFFF\u00bb body_text_color=\u00bb#FFFFFF\u00bb body_font_size=\u00bb17px\u00bb body_line_height=\u00bb1.4em\u00bb link_option_url=\u00bbmailto:info@escolamodernademisterios.com.br\u00bb global_colors_info=\u00bb{}\u00bb]<\/p>\n<p>info@escolamodernademisterios.com.br<\/p>\n<p>[\/et_pb_blurb][\/et_pb_column][et_pb_column type=\u00bb1_3&#8243; _builder_version=\u00bb4.18.0&#8243; _module_preset=\u00bbdefault\u00bb global_colors_info=\u00bb{}\u00bb][et_pb_blurb use_icon=\u00bbon\u00bb font_icon=\u00bb&#xe090;||divi||400&#8243; icon_color=\u00bb#FFFFFF\u00bb icon_placement=\u00bbleft\u00bb image_icon_width=\u00bb27px\u00bb _builder_version=\u00bb4.18.0&#8243; _module_preset=\u00bbdefault\u00bb header_text_color=\u00bb#FFFFFF\u00bb body_text_color=\u00bb#FFFFFF\u00bb body_font_size=\u00bb17px\u00bb body_line_height=\u00bb1.4em\u00bb body_font_tablet=\u00bb\u00bb body_font_phone=\u00bb\u00bb body_font_last_edited=\u00bbon|desktop\u00bb global_colors_info=\u00bb{}\u00bb]<\/p>\n<p><span style=\"color: #ffffff;\">+55 48 9 9163 4824<\/span><\/p>\n<p>[\/et_pb_blurb][\/et_pb_column][\/et_pb_row][\/et_pb_section]<\/p>\n","protected":false},"excerpt":{"rendered":"<p>\u00bfQUE ES UNA ESCUELA DE MISTERIOS? Por definici\u00f3n, una Escuela de Misterios es un grupo de aprendices que se dedicaron a la preservaci\u00f3n, protecci\u00f3n y perpetuidad de las ense\u00f1anzas de [&hellip;]<\/p>\n","protected":false},"author":1,"featured_media":0,"parent":0,"menu_order":0,"comment_status":"closed","ping_status":"closed","template":"","meta":{"_et_pb_use_builder":"on","_et_pb_old_content":"","_et_gb_content_width":"","footnotes":""},"class_list":["post-987496615","page","type-page","status-publish","hentry"],"yoast_head":"<!-- This site is optimized with the Yoast SEO plugin v27.2 - https:\/\/yoast.com\/product\/yoast-seo-wordpress\/ -->\n<title>\u00bfQu\u00e9 Es Una Escuela De Misterios? | Escola Moderna de Mist\u00e9rios<\/title>\n<meta name=\"robots\" content=\"noindex, follow, max-snippet:-1, max-image-preview:large, max-video-preview:-1\" \/>\n<meta property=\"og:locale\" content=\"es_ES\" \/>\n<meta property=\"og:type\" content=\"article\" \/>\n<meta property=\"og:title\" content=\"\u00bfQu\u00e9 Es Una Escuela De Misterios? | Escola Moderna de Mist\u00e9rios\" \/>\n<meta property=\"og:description\" content=\"\u00bfQUE ES UNA ESCUELA DE MISTERIOS? Por definici\u00f3n, una Escuela de Misterios es un grupo de aprendices que se dedicaron a la preservaci\u00f3n, protecci\u00f3n y perpetuidad de las ense\u00f1anzas de [&hellip;]\" \/>\n<meta property=\"og:url\" content=\"https:\/\/escolamodernademisterios.com\/es\/que-es-una-escuela-de-misterios\/\" \/>\n<meta property=\"og:site_name\" content=\"Escola Moderna de Mist\u00e9rios\" \/>\n<meta property=\"article:publisher\" content=\"https:\/\/www.facebook.com\/EscolaDeMisteriosBrasil\" \/>\n<meta property=\"article:modified_time\" content=\"2023-05-30T15:58:57+00:00\" \/>\n<meta name=\"twitter:card\" content=\"summary_large_image\" \/>\n<meta name=\"twitter:label1\" content=\"Tiempo de lectura\" \/>\n\t<meta name=\"twitter:data1\" content=\"7 minutos\" \/>\n<script type=\"application\/ld+json\" class=\"yoast-schema-graph\">{\"@context\":\"https:\/\/schema.org\",\"@graph\":[{\"@type\":\"WebPage\",\"@id\":\"https:\/\/escolamodernademisterios.com\/es\/que-es-una-escuela-de-misterios\/\",\"url\":\"https:\/\/escolamodernademisterios.com\/es\/que-es-una-escuela-de-misterios\/\",\"name\":\"\u00bfQu\u00e9 Es Una Escuela De Misterios? | Escola Moderna de Mist\u00e9rios\",\"isPartOf\":{\"@id\":\"https:\/\/escolamodernademisterios.com\/es\/#website\"},\"datePublished\":\"2022-02-11T19:32:44+00:00\",\"dateModified\":\"2023-05-30T15:58:57+00:00\",\"breadcrumb\":{\"@id\":\"https:\/\/escolamodernademisterios.com\/es\/que-es-una-escuela-de-misterios\/#breadcrumb\"},\"inLanguage\":\"es\",\"potentialAction\":[{\"@type\":\"ReadAction\",\"target\":[\"https:\/\/escolamodernademisterios.com\/es\/que-es-una-escuela-de-misterios\/\"]}]},{\"@type\":\"BreadcrumbList\",\"@id\":\"https:\/\/escolamodernademisterios.com\/es\/que-es-una-escuela-de-misterios\/#breadcrumb\",\"itemListElement\":[{\"@type\":\"ListItem\",\"position\":1,\"name\":\"In\u00edcio\",\"item\":\"https:\/\/escolamodernademisterios.com\/es\/987496733-2\/\"},{\"@type\":\"ListItem\",\"position\":2,\"name\":\"\u00bfQu\u00e9 Es Una Escuela De Misterios?\"}]},{\"@type\":\"WebSite\",\"@id\":\"https:\/\/escolamodernademisterios.com\/es\/#website\",\"url\":\"https:\/\/escolamodernademisterios.com\/es\/\",\"name\":\"Escola Moderna de Mist\u00e9rios\",\"description\":\"N\u00f3s somos uma Escola de Mist\u00e9rios que acredita no empoderamento de todos os seres humanos para viver uma vida de paz, alegria, sucesso, abund\u00e2ncia, harmonia e alinhamento com seu prop\u00f3sito individual. Acreditamos que a descoberta do potencial individual faz parte da experi\u00eancia da vida e \u00e9 parte do crescimento espiritual e f\u00edsico.\",\"publisher\":{\"@id\":\"https:\/\/escolamodernademisterios.com\/es\/#organization\"},\"potentialAction\":[{\"@type\":\"SearchAction\",\"target\":{\"@type\":\"EntryPoint\",\"urlTemplate\":\"https:\/\/escolamodernademisterios.com\/es\/?s={search_term_string}\"},\"query-input\":{\"@type\":\"PropertyValueSpecification\",\"valueRequired\":true,\"valueName\":\"search_term_string\"}}],\"inLanguage\":\"es\"},{\"@type\":\"Organization\",\"@id\":\"https:\/\/escolamodernademisterios.com\/es\/#organization\",\"name\":\"Escola Moderna de Mist\u00e9rios\",\"url\":\"https:\/\/escolamodernademisterios.com\/es\/\",\"logo\":{\"@type\":\"ImageObject\",\"inLanguage\":\"es\",\"@id\":\"https:\/\/escolamodernademisterios.com\/es\/#\/schema\/logo\/image\/\",\"url\":\"https:\/\/escolamodernademisterios.com\/wp-content\/uploads\/2023\/06\/Logo-696x696-1.png\",\"contentUrl\":\"https:\/\/escolamodernademisterios.com\/wp-content\/uploads\/2023\/06\/Logo-696x696-1.png\",\"width\":675,\"height\":696,\"caption\":\"Escola Moderna de Mist\u00e9rios\"},\"image\":{\"@id\":\"https:\/\/escolamodernademisterios.com\/es\/#\/schema\/logo\/image\/\"},\"sameAs\":[\"https:\/\/www.facebook.com\/EscolaDeMisteriosBrasil\",\"https:\/\/www.instagram.com\/escola_modernademisterios\/\"]}]}<\/script>\n<!-- \/ Yoast SEO plugin. -->","yoast_head_json":{"title":"\u00bfQu\u00e9 Es Una Escuela De Misterios? | Escola Moderna de Mist\u00e9rios","robots":{"index":"noindex","follow":"follow","max-snippet":"max-snippet:-1","max-image-preview":"max-image-preview:large","max-video-preview":"max-video-preview:-1"},"og_locale":"es_ES","og_type":"article","og_title":"\u00bfQu\u00e9 Es Una Escuela De Misterios? | Escola Moderna de Mist\u00e9rios","og_description":"\u00bfQUE ES UNA ESCUELA DE MISTERIOS? Por definici\u00f3n, una Escuela de Misterios es un grupo de aprendices que se dedicaron a la preservaci\u00f3n, protecci\u00f3n y perpetuidad de las ense\u00f1anzas de [&hellip;]","og_url":"https:\/\/escolamodernademisterios.com\/es\/que-es-una-escuela-de-misterios\/","og_site_name":"Escola Moderna de Mist\u00e9rios","article_publisher":"https:\/\/www.facebook.com\/EscolaDeMisteriosBrasil","article_modified_time":"2023-05-30T15:58:57+00:00","twitter_card":"summary_large_image","twitter_misc":{"Tiempo de lectura":"7 minutos"},"schema":{"@context":"https:\/\/schema.org","@graph":[{"@type":"WebPage","@id":"https:\/\/escolamodernademisterios.com\/es\/que-es-una-escuela-de-misterios\/","url":"https:\/\/escolamodernademisterios.com\/es\/que-es-una-escuela-de-misterios\/","name":"\u00bfQu\u00e9 Es Una Escuela De Misterios? | Escola Moderna de Mist\u00e9rios","isPartOf":{"@id":"https:\/\/escolamodernademisterios.com\/es\/#website"},"datePublished":"2022-02-11T19:32:44+00:00","dateModified":"2023-05-30T15:58:57+00:00","breadcrumb":{"@id":"https:\/\/escolamodernademisterios.com\/es\/que-es-una-escuela-de-misterios\/#breadcrumb"},"inLanguage":"es","potentialAction":[{"@type":"ReadAction","target":["https:\/\/escolamodernademisterios.com\/es\/que-es-una-escuela-de-misterios\/"]}]},{"@type":"BreadcrumbList","@id":"https:\/\/escolamodernademisterios.com\/es\/que-es-una-escuela-de-misterios\/#breadcrumb","itemListElement":[{"@type":"ListItem","position":1,"name":"In\u00edcio","item":"https:\/\/escolamodernademisterios.com\/es\/987496733-2\/"},{"@type":"ListItem","position":2,"name":"\u00bfQu\u00e9 Es Una Escuela De Misterios?"}]},{"@type":"WebSite","@id":"https:\/\/escolamodernademisterios.com\/es\/#website","url":"https:\/\/escolamodernademisterios.com\/es\/","name":"Escola Moderna de Mist\u00e9rios","description":"N\u00f3s somos uma Escola de Mist\u00e9rios que acredita no empoderamento de todos os seres humanos para viver uma vida de paz, alegria, sucesso, abund\u00e2ncia, harmonia e alinhamento com seu prop\u00f3sito individual. Acreditamos que a descoberta do potencial individual faz parte da experi\u00eancia da vida e \u00e9 parte do crescimento espiritual e f\u00edsico.","publisher":{"@id":"https:\/\/escolamodernademisterios.com\/es\/#organization"},"potentialAction":[{"@type":"SearchAction","target":{"@type":"EntryPoint","urlTemplate":"https:\/\/escolamodernademisterios.com\/es\/?s={search_term_string}"},"query-input":{"@type":"PropertyValueSpecification","valueRequired":true,"valueName":"search_term_string"}}],"inLanguage":"es"},{"@type":"Organization","@id":"https:\/\/escolamodernademisterios.com\/es\/#organization","name":"Escola Moderna de Mist\u00e9rios","url":"https:\/\/escolamodernademisterios.com\/es\/","logo":{"@type":"ImageObject","inLanguage":"es","@id":"https:\/\/escolamodernademisterios.com\/es\/#\/schema\/logo\/image\/","url":"https:\/\/escolamodernademisterios.com\/wp-content\/uploads\/2023\/06\/Logo-696x696-1.png","contentUrl":"https:\/\/escolamodernademisterios.com\/wp-content\/uploads\/2023\/06\/Logo-696x696-1.png","width":675,"height":696,"caption":"Escola Moderna de Mist\u00e9rios"},"image":{"@id":"https:\/\/escolamodernademisterios.com\/es\/#\/schema\/logo\/image\/"},"sameAs":["https:\/\/www.facebook.com\/EscolaDeMisteriosBrasil","https:\/\/www.instagram.com\/escola_modernademisterios\/"]}]}},"_links":{"self":[{"href":"https:\/\/escolamodernademisterios.com\/es\/wp-json\/wp\/v2\/pages\/987496615","targetHints":{"allow":["GET"]}}],"collection":[{"href":"https:\/\/escolamodernademisterios.com\/es\/wp-json\/wp\/v2\/pages"}],"about":[{"href":"https:\/\/escolamodernademisterios.com\/es\/wp-json\/wp\/v2\/types\/page"}],"author":[{"embeddable":true,"href":"https:\/\/escolamodernademisterios.com\/es\/wp-json\/wp\/v2\/users\/1"}],"replies":[{"embeddable":true,"href":"https:\/\/escolamodernademisterios.com\/es\/wp-json\/wp\/v2\/comments?post=987496615"}],"version-history":[{"count":6,"href":"https:\/\/escolamodernademisterios.com\/es\/wp-json\/wp\/v2\/pages\/987496615\/revisions"}],"predecessor-version":[{"id":987497079,"href":"https:\/\/escolamodernademisterios.com\/es\/wp-json\/wp\/v2\/pages\/987496615\/revisions\/987497079"}],"wp:attachment":[{"href":"https:\/\/escolamodernademisterios.com\/es\/wp-json\/wp\/v2\/media?parent=987496615"}],"curies":[{"name":"wp","href":"https:\/\/api.w.org\/{rel}","templated":true}]}}