{"id":987496632,"date":"2022-02-11T16:33:52","date_gmt":"2022-02-11T19:33:52","guid":{"rendered":"https:\/\/escolamodernademisterios.com\/linaje\/"},"modified":"2023-05-30T13:37:00","modified_gmt":"2023-05-30T16:37:00","slug":"linaje","status":"publish","type":"page","link":"https:\/\/escolamodernademisterios.com\/es\/linaje\/","title":{"rendered":"Linaje"},"content":{"rendered":"<p>[et_pb_section fb_built=\u00bb1&#8243; _builder_version=\u00bb4.21.0&#8243; _module_preset=\u00bbdefault\u00bb background_image=\u00bbhttps:\/\/escolamodernademisterios.com\/wp-content\/uploads\/2023\/05\/4-1.png\u00bb min_height=\u00bb399px\u00bb custom_padding=\u00bb14.6%||333px|6px|false|false\u00bb hover_enabled=\u00bb0&#8243; background_last_edited=\u00bbon|phone\u00bb background_size_tablet=\u00bbcontain\u00bb global_colors_info=\u00bb{}\u00bb title_text=\u00bb4&#8243; sticky_enabled=\u00bb0&#8243;][et_pb_row _builder_version=\u00bb4.18.0&#8243; _module_preset=\u00bbdefault\u00bb global_colors_info=\u00bb{}\u00bb][et_pb_column type=\u00bb4_4&#8243; _builder_version=\u00bb4.18.0&#8243; _module_preset=\u00bbdefault\u00bb global_colors_info=\u00bb{}\u00bb][\/et_pb_column][\/et_pb_row][\/et_pb_section][et_pb_section fb_built=\u00bb1&#8243; admin_label=\u00bbCountdown Section\u00bb _builder_version=\u00bb4.16&#8243; custom_padding=\u00bb57px||100px|||\u00bb animation_style=\u00bbzoom\u00bb animation_direction=\u00bbbottom\u00bb animation_intensity_zoom=\u00bb4%\u00bb global_colors_info=\u00bb{}\u00bb][et_pb_row _builder_version=\u00bb4.18.0&#8243; _module_preset=\u00bbdefault\u00bb global_colors_info=\u00bb{}\u00bb][et_pb_column type=\u00bb4_4&#8243; _builder_version=\u00bb4.18.0&#8243; _module_preset=\u00bbdefault\u00bb global_colors_info=\u00bb{}\u00bb][et_pb_text _builder_version=\u00bb4.18.0&#8243; _module_preset=\u00bbdefault\u00bb text_line_height=\u00bb1.5em\u00bb background_color=\u00bb#FFFFFF\u00bb width=\u00bb100%\u00bb custom_margin=\u00bb0px|-6px||1px|false|false\u00bb custom_padding=\u00bb|0px||0px|false|false\u00bb global_colors_info=\u00bb{}\u00bb]<\/p>\n<h1 style=\"text-align: left;\">LINAJE<\/h1>\n<p>Linaje es un factor importante y clave en la determinaci\u00f3n de la legitimidad, integridad y autoridad que posee una Escuela de Misterios aut\u00e9ntica.<\/p>\n<p>El linaje de la Escuela Moderna de Misterios remonta a los tiempos del Rey Salom\u00f3n y, por lo tanto, tiene m\u00e1s de 3.000 a\u00f1os de historia. O sea, mientras la tradici\u00f3n de la escuela de misterios es mucho m\u00e1s antigua que eso, el linaje de la Escuela Moderna de Misterios y sus ense\u00f1anzas posibilitan su verificaci\u00f3n e inquirir sobre las ense\u00f1anzas del propio Rey Salom\u00f3n.<\/p>\n<p>El linaje, por definici\u00f3n, significa una descendencia lineal de un antepasado o ancestro. La Escuela Moderna de Misterios persisti\u00f3, a trav\u00e9s del tiempo, por medio de la antigua tradici\u00f3n de compartir conocimientos de profesor a alumno, afirmada por el sagrado proceso de iniciaci\u00f3n.<\/p>\n<p>La transferencia directa y lineal de la informaci\u00f3n en este formato preserv\u00f3 la virtud y el honor de la tradici\u00f3n de la Escuela de Misterios, que mantiene los secretos de Dios, del universo y las llaves del verdadero poder espiritual, desde el inicio de los tiempos. Esta sabidur\u00eda y poder se dispone a quien realmente busca y est\u00e9 dispuesto a dignificar su naturaleza sagrada al recorrer el Camino de la Iniciaci\u00f3n.<\/p>\n<p>La iniciaci\u00f3n, en pacto con el linaje ininterrumpido, capacita al Adepto a relacionarse con la Gran Obra: crear un mundo mejor y vivir alineado con su verdadero potencial y prop\u00f3sito de vida. Todos los grandes maestros anduvieron en el camino de la iniciaci\u00f3n en la tradici\u00f3n de la escuela de misterios, lo que les permiti\u00f3 cumplir su promesa a Dios mientras permanecieron en la tierra.<\/p>\n<p>En la Escuela Moderna de Misterios, la integridad de nuestro linaje es de extrema importancia y preservada por medio de varios m\u00e9todos, incluyendo:<\/p>\n<ul>\n<li>Iniciaci\u00f3n del Adepto (Primera Iniciaci\u00f3n), as\u00ed como varias etapas de progresi\u00f3n, caminos y certificaci\u00f3n.<\/li>\n<li>Desarrollo Profesional Anual para Activadores de Vida Certificados, Terapeutas de Sanaci\u00f3n, Profesores y Gu\u00edas, para mantener la calidad en los modos de sanaci\u00f3n y servicios prestados.<\/li>\n<li>Entrenamiento de aprendizaje para Gu\u00edas, Maestros de Profesores, Instructores Internacionales y L\u00edderes de Programas para garantizar que profesores de cualquier asunto est\u00e9n totalmente alineados con las ense\u00f1anzas y puedan ofrecer la m\u00e1s alta calidad de energ\u00eda.<\/li>\n<li>Entrenamiento continuo: Iniciados de diversos grados \u2013 Adeptos, Activadores de Vida, Gu\u00edas, Maestros de Ritos, Instructores Internacionales \u2013 son invitados varias veces por a\u00f1o al entrenamiento continuo para expandir su potencial y experiencia.<\/li>\n<\/ul>\n<p>Formar parte del linaje de la Escuela Moderna de Misterios es, tambi\u00e9n, formar parte de una familia. La Escuela es una comunidad global de hermanos y hermanas que se dedican al empoderamiento y a la mejor\u00eda de la humanidad a trav\u00e9s de la espiritualidad y del servicio a todo el que quiera.<\/p>\n<p>[\/et_pb_text][\/et_pb_column][\/et_pb_row][et_pb_row admin_label=\u00bbCountdown Title\u00bb _builder_version=\u00bb4.16&#8243; background_color=\u00bb#FFFFFF\u00bb background_size=\u00bbinitial\u00bb background_position=\u00bbtop_left\u00bb background_repeat=\u00bbrepeat\u00bb global_colors_info=\u00bb{}\u00bb][et_pb_column type=\u00bb4_4&#8243; _builder_version=\u00bb4.16&#8243; custom_padding=\u00bb|||\u00bb global_colors_info=\u00bb{}\u00bb custom_padding__hover=\u00bb|||\u00bb][et_pb_text _builder_version=\u00bb4.16&#8243; _module_preset=\u00bbdefault\u00bb text_line_height=\u00bb1.5em\u00bb header_line_height=\u00bb1.7em\u00bb header_2_line_height=\u00bb1.3em\u00bb global_colors_info=\u00bb{}\u00bb]<\/p>\n<h2><strong>GUARDIANES DEL LINAJE<\/strong><\/h2>\n<p>Todos los linajes tienen sus guardianes principales, individuos que mantienen y anclan el linaje en el planeta, adem\u00e1s de tener la autoridad para mantener la puerta de la Escuela de Misterios abierta para aquellos que buscan la Luz. En este linaje, los guardianes de las llaves se intitulan de la Tercera Orden y en uni\u00f3n administran y mantienen la pureza del linaje y de sus ense\u00f1anzas. Conozca m\u00e1s sobre cada uno de los miembros del Tercer Orden pinchando en el \u00edcono de su biograf\u00eda a continuaci\u00f3n:<\/p>\n<p>Las llaves de este linaje se afincan por tres iniciados:<\/p>\n<p><a href=\"https:\/\/escolamodernademisterios.com\/es\/fundador-gudni-gudnason\/\"><strong>Ipsissimus Gudni GED Gudnason<\/strong>, Fundador de la Escuela Moderna de Misterios<\/a><\/p>\n<p><a href=\"https:\/\/escolamodernademisterios.com\/es\/ipsissimus-dave-lanyon\/\"><strong>Ipsissimus Dave THOR Lanyon<\/strong><\/a><\/p>\n<p><a href=\"https:\/\/escolamodernademisterios.com\/es\/ipsissimus-hideto-nakagome\/\"><strong>Ipsissimus Hideto REI Nakagome<\/strong><\/a><\/p>\n<p>[\/et_pb_text][\/et_pb_column][\/et_pb_row][et_pb_row admin_label=\u00bbCountdown Title\u00bb _builder_version=\u00bb4.16&#8243; background_color=\u00bb#FFFFFF\u00bb background_size=\u00bbinitial\u00bb background_position=\u00bbtop_left\u00bb background_repeat=\u00bbrepeat\u00bb global_colors_info=\u00bb{}\u00bb][et_pb_column type=\u00bb4_4&#8243; _builder_version=\u00bb4.16&#8243; custom_padding=\u00bb|||\u00bb global_colors_info=\u00bb{}\u00bb custom_padding__hover=\u00bb|||\u00bb][et_pb_text _builder_version=\u00bb4.16&#8243; _module_preset=\u00bbdefault\u00bb text_line_height=\u00bb1.5em\u00bb header_line_height=\u00bb1.7em\u00bb header_2_line_height=\u00bb1.3em\u00bb global_colors_info=\u00bb{}\u00bb]<\/p>\n<h2><strong>EL CONSEJO DE DOCE<\/strong><\/h2>\n<p>En 2017, cuando se inici\u00f3 la Tercera Orden, el Consejo de 12 tambi\u00e9n se activ\u00f3. El Consejo de 12 consiste en un grupo de 12 mujeres iniciadas, de alto nivel de todo el mundo, que sirven a manera de l\u00edderes para la Escuela Moderna de Misterios.<\/p>\n<p>El Consejo de 12 trabaja directamente con la Tercera Orden para ejecutar las directivas de la Jerarqu\u00eda de la Luz, para el servicio de la humanidad en esta Tierra. Las 12 mujeres brindan consejo, confirmaci\u00f3n y conferencia a los miembros de la Tercera Orden en varios proyectos y misiones de la EMM.<\/p>\n<p>En 2018, las primeras mujeres a ocupar los sillones del Consejo de 12 fueron:<\/p>\n<p><strong>ESTE<\/strong><\/p>\n<p>Eiko Gudnason<br \/>Luisa Nakagome<br \/>Tsukiko Kimura<br \/>Maki Otani<br \/>Suzuki Kitamura<br \/>Yoda Asuza<\/p>\n<p>&nbsp;<\/p>\n<p><strong>OESTE<\/strong><\/p>\n<p>Franca Lanyon<br \/>Kate Bartram-Brown<br \/>Rita van den Berg<br \/>Liza Rossi<br \/>Ann Donnelly<br \/>Theresa Bullard<\/p>\n<p>Las mujeres que ocupan los sillones del Consejo de 12 rotan en sus papeles, seg\u00fan la necesidad y, por lo tanto, usted ver\u00e1 los cambios de algunos nombres a\u00f1o a a\u00f1o.<\/p>\n<p>La instalaci\u00f3n en 2017 ha permitido que el poder de la Diosa en conexi\u00f3n con Shekinah se ancle a trav\u00e9s de estas estructuras de la Tercera Orden. Ello se manifiesta como la implementaci\u00f3n de varios niveles de operaci\u00f3n requeridos para el funcionamiento de la Escuela Moderna de Misterios.<\/p>\n<p>&nbsp;<\/p>\n<p>&nbsp;<\/p>\n<p>[\/et_pb_text][\/et_pb_column][\/et_pb_row][\/et_pb_section][et_pb_section fb_built=\u00bb1&#8243; _builder_version=\u00bb4.18.0&#8243; _module_preset=\u00bbdefault\u00bb background_color=\u00bb#d3b779&#8243; custom_padding=\u00bb0px||0px|||\u00bb saved_tabs=\u00bball\u00bb global_colors_info=\u00bb{}\u00bb][et_pb_row column_structure=\u00bb1_3,1_3,1_3&#8243; _builder_version=\u00bb4.18.0&#8243; _module_preset=\u00bbdefault\u00bb global_colors_info=\u00bb{}\u00bb][et_pb_column type=\u00bb1_3&#8243; _builder_version=\u00bb4.18.0&#8243; _module_preset=\u00bbdefault\u00bb global_colors_info=\u00bb{}\u00bb][et_pb_blurb use_icon=\u00bbon\u00bb font_icon=\u00bb&#xe081;||divi||400&#8243; icon_color=\u00bb#FFFFFF\u00bb icon_placement=\u00bbleft\u00bb image_icon_width=\u00bb27px\u00bb _builder_version=\u00bb4.19.4&#8243; _module_preset=\u00bbdefault\u00bb header_text_color=\u00bb#FFFFFF\u00bb body_text_color=\u00bb#FFFFFF\u00bb body_font_size=\u00bb17px\u00bb body_line_height=\u00bb1.4em\u00bb global_colors_info=\u00bb{}\u00bb]<\/p>\n<p><span>Avenida Pequeno Pr\u00edncipe, 1482, loja 03 \u2013 Campeche, Florian\u00f3polis \u2013 SC, Brasil<\/span><\/p>\n<p>[\/et_pb_blurb][\/et_pb_column][et_pb_column type=\u00bb1_3&#8243; _builder_version=\u00bb4.18.0&#8243; _module_preset=\u00bbdefault\u00bb global_colors_info=\u00bb{}\u00bb][et_pb_blurb use_icon=\u00bbon\u00bb font_icon=\u00bb&#xe076;||divi||400&#8243; icon_color=\u00bb#FFFFFF\u00bb icon_placement=\u00bbleft\u00bb image_icon_width=\u00bb27px\u00bb _builder_version=\u00bb4.18.0&#8243; _module_preset=\u00bbdefault\u00bb header_text_color=\u00bb#FFFFFF\u00bb body_text_color=\u00bb#FFFFFF\u00bb body_font_size=\u00bb17px\u00bb body_line_height=\u00bb1.4em\u00bb link_option_url=\u00bbmailto:info@escolamodernademisterios.com.br\u00bb global_colors_info=\u00bb{}\u00bb]<\/p>\n<p>info@escolamodernademisterios.com.br<\/p>\n<p>[\/et_pb_blurb][\/et_pb_column][et_pb_column type=\u00bb1_3&#8243; _builder_version=\u00bb4.18.0&#8243; _module_preset=\u00bbdefault\u00bb global_colors_info=\u00bb{}\u00bb][et_pb_blurb use_icon=\u00bbon\u00bb font_icon=\u00bb&#xe090;||divi||400&#8243; icon_color=\u00bb#FFFFFF\u00bb icon_placement=\u00bbleft\u00bb image_icon_width=\u00bb27px\u00bb _builder_version=\u00bb4.18.0&#8243; _module_preset=\u00bbdefault\u00bb header_text_color=\u00bb#FFFFFF\u00bb body_text_color=\u00bb#FFFFFF\u00bb body_font_size=\u00bb17px\u00bb body_line_height=\u00bb1.4em\u00bb body_font_tablet=\u00bb\u00bb body_font_phone=\u00bb\u00bb body_font_last_edited=\u00bbon|desktop\u00bb global_colors_info=\u00bb{}\u00bb]<\/p>\n<p><span style=\"color: #ffffff;\">+55 48 9 9163 4824<\/span><\/p>\n<p>[\/et_pb_blurb][\/et_pb_column][\/et_pb_row][\/et_pb_section]<\/p>\n","protected":false},"excerpt":{"rendered":"<p>LINAJE Linaje es un factor importante y clave en la determinaci\u00f3n de la legitimidad, integridad y autoridad que posee una Escuela de Misterios aut\u00e9ntica. El linaje de la Escuela Moderna [&hellip;]<\/p>\n","protected":false},"author":1,"featured_media":0,"parent":0,"menu_order":0,"comment_status":"closed","ping_status":"closed","template":"","meta":{"_et_pb_use_builder":"on","_et_pb_old_content":"","_et_gb_content_width":"","footnotes":""},"class_list":["post-987496632","page","type-page","status-publish","hentry"],"yoast_head":"<!-- This site is optimized with the Yoast SEO plugin v27.2 - https:\/\/yoast.com\/product\/yoast-seo-wordpress\/ -->\n<title>Linaje | Escola Moderna de Mist\u00e9rios<\/title>\n<meta name=\"robots\" content=\"noindex, follow, max-snippet:-1, max-image-preview:large, max-video-preview:-1\" \/>\n<meta property=\"og:locale\" content=\"es_ES\" \/>\n<meta property=\"og:type\" content=\"article\" \/>\n<meta property=\"og:title\" content=\"Linaje | Escola Moderna de Mist\u00e9rios\" \/>\n<meta property=\"og:description\" content=\"LINAJE Linaje es un factor importante y clave en la determinaci\u00f3n de la legitimidad, integridad y autoridad que posee una Escuela de Misterios aut\u00e9ntica. El linaje de la Escuela Moderna [&hellip;]\" \/>\n<meta property=\"og:url\" content=\"https:\/\/escolamodernademisterios.com\/es\/linaje\/\" \/>\n<meta property=\"og:site_name\" content=\"Escola Moderna de Mist\u00e9rios\" \/>\n<meta property=\"article:publisher\" content=\"https:\/\/www.facebook.com\/EscolaDeMisteriosBrasil\" \/>\n<meta property=\"article:modified_time\" content=\"2023-05-30T16:37:00+00:00\" \/>\n<meta name=\"twitter:card\" content=\"summary_large_image\" \/>\n<meta name=\"twitter:label1\" content=\"Tiempo de lectura\" \/>\n\t<meta name=\"twitter:data1\" content=\"7 minutos\" \/>\n<script type=\"application\/ld+json\" class=\"yoast-schema-graph\">{\"@context\":\"https:\/\/schema.org\",\"@graph\":[{\"@type\":\"WebPage\",\"@id\":\"https:\/\/escolamodernademisterios.com\/es\/linaje\/\",\"url\":\"https:\/\/escolamodernademisterios.com\/es\/linaje\/\",\"name\":\"Linaje | Escola Moderna de Mist\u00e9rios\",\"isPartOf\":{\"@id\":\"https:\/\/escolamodernademisterios.com\/es\/#website\"},\"datePublished\":\"2022-02-11T19:33:52+00:00\",\"dateModified\":\"2023-05-30T16:37:00+00:00\",\"breadcrumb\":{\"@id\":\"https:\/\/escolamodernademisterios.com\/es\/linaje\/#breadcrumb\"},\"inLanguage\":\"es\",\"potentialAction\":[{\"@type\":\"ReadAction\",\"target\":[\"https:\/\/escolamodernademisterios.com\/es\/linaje\/\"]}]},{\"@type\":\"BreadcrumbList\",\"@id\":\"https:\/\/escolamodernademisterios.com\/es\/linaje\/#breadcrumb\",\"itemListElement\":[{\"@type\":\"ListItem\",\"position\":1,\"name\":\"In\u00edcio\",\"item\":\"https:\/\/escolamodernademisterios.com\/es\/987496733-2\/\"},{\"@type\":\"ListItem\",\"position\":2,\"name\":\"Linaje\"}]},{\"@type\":\"WebSite\",\"@id\":\"https:\/\/escolamodernademisterios.com\/es\/#website\",\"url\":\"https:\/\/escolamodernademisterios.com\/es\/\",\"name\":\"Escola Moderna de Mist\u00e9rios\",\"description\":\"N\u00f3s somos uma Escola de Mist\u00e9rios que acredita no empoderamento de todos os seres humanos para viver uma vida de paz, alegria, sucesso, abund\u00e2ncia, harmonia e alinhamento com seu prop\u00f3sito individual. Acreditamos que a descoberta do potencial individual faz parte da experi\u00eancia da vida e \u00e9 parte do crescimento espiritual e f\u00edsico.\",\"publisher\":{\"@id\":\"https:\/\/escolamodernademisterios.com\/es\/#organization\"},\"potentialAction\":[{\"@type\":\"SearchAction\",\"target\":{\"@type\":\"EntryPoint\",\"urlTemplate\":\"https:\/\/escolamodernademisterios.com\/es\/?s={search_term_string}\"},\"query-input\":{\"@type\":\"PropertyValueSpecification\",\"valueRequired\":true,\"valueName\":\"search_term_string\"}}],\"inLanguage\":\"es\"},{\"@type\":\"Organization\",\"@id\":\"https:\/\/escolamodernademisterios.com\/es\/#organization\",\"name\":\"Escola Moderna de Mist\u00e9rios\",\"url\":\"https:\/\/escolamodernademisterios.com\/es\/\",\"logo\":{\"@type\":\"ImageObject\",\"inLanguage\":\"es\",\"@id\":\"https:\/\/escolamodernademisterios.com\/es\/#\/schema\/logo\/image\/\",\"url\":\"https:\/\/escolamodernademisterios.com\/wp-content\/uploads\/2023\/06\/Logo-696x696-1.png\",\"contentUrl\":\"https:\/\/escolamodernademisterios.com\/wp-content\/uploads\/2023\/06\/Logo-696x696-1.png\",\"width\":675,\"height\":696,\"caption\":\"Escola Moderna de Mist\u00e9rios\"},\"image\":{\"@id\":\"https:\/\/escolamodernademisterios.com\/es\/#\/schema\/logo\/image\/\"},\"sameAs\":[\"https:\/\/www.facebook.com\/EscolaDeMisteriosBrasil\",\"https:\/\/www.instagram.com\/escola_modernademisterios\/\"]}]}<\/script>\n<!-- \/ Yoast SEO plugin. -->","yoast_head_json":{"title":"Linaje | Escola Moderna de Mist\u00e9rios","robots":{"index":"noindex","follow":"follow","max-snippet":"max-snippet:-1","max-image-preview":"max-image-preview:large","max-video-preview":"max-video-preview:-1"},"og_locale":"es_ES","og_type":"article","og_title":"Linaje | Escola Moderna de Mist\u00e9rios","og_description":"LINAJE Linaje es un factor importante y clave en la determinaci\u00f3n de la legitimidad, integridad y autoridad que posee una Escuela de Misterios aut\u00e9ntica. El linaje de la Escuela Moderna [&hellip;]","og_url":"https:\/\/escolamodernademisterios.com\/es\/linaje\/","og_site_name":"Escola Moderna de Mist\u00e9rios","article_publisher":"https:\/\/www.facebook.com\/EscolaDeMisteriosBrasil","article_modified_time":"2023-05-30T16:37:00+00:00","twitter_card":"summary_large_image","twitter_misc":{"Tiempo de lectura":"7 minutos"},"schema":{"@context":"https:\/\/schema.org","@graph":[{"@type":"WebPage","@id":"https:\/\/escolamodernademisterios.com\/es\/linaje\/","url":"https:\/\/escolamodernademisterios.com\/es\/linaje\/","name":"Linaje | Escola Moderna de Mist\u00e9rios","isPartOf":{"@id":"https:\/\/escolamodernademisterios.com\/es\/#website"},"datePublished":"2022-02-11T19:33:52+00:00","dateModified":"2023-05-30T16:37:00+00:00","breadcrumb":{"@id":"https:\/\/escolamodernademisterios.com\/es\/linaje\/#breadcrumb"},"inLanguage":"es","potentialAction":[{"@type":"ReadAction","target":["https:\/\/escolamodernademisterios.com\/es\/linaje\/"]}]},{"@type":"BreadcrumbList","@id":"https:\/\/escolamodernademisterios.com\/es\/linaje\/#breadcrumb","itemListElement":[{"@type":"ListItem","position":1,"name":"In\u00edcio","item":"https:\/\/escolamodernademisterios.com\/es\/987496733-2\/"},{"@type":"ListItem","position":2,"name":"Linaje"}]},{"@type":"WebSite","@id":"https:\/\/escolamodernademisterios.com\/es\/#website","url":"https:\/\/escolamodernademisterios.com\/es\/","name":"Escola Moderna de Mist\u00e9rios","description":"N\u00f3s somos uma Escola de Mist\u00e9rios que acredita no empoderamento de todos os seres humanos para viver uma vida de paz, alegria, sucesso, abund\u00e2ncia, harmonia e alinhamento com seu prop\u00f3sito individual. Acreditamos que a descoberta do potencial individual faz parte da experi\u00eancia da vida e \u00e9 parte do crescimento espiritual e f\u00edsico.","publisher":{"@id":"https:\/\/escolamodernademisterios.com\/es\/#organization"},"potentialAction":[{"@type":"SearchAction","target":{"@type":"EntryPoint","urlTemplate":"https:\/\/escolamodernademisterios.com\/es\/?s={search_term_string}"},"query-input":{"@type":"PropertyValueSpecification","valueRequired":true,"valueName":"search_term_string"}}],"inLanguage":"es"},{"@type":"Organization","@id":"https:\/\/escolamodernademisterios.com\/es\/#organization","name":"Escola Moderna de Mist\u00e9rios","url":"https:\/\/escolamodernademisterios.com\/es\/","logo":{"@type":"ImageObject","inLanguage":"es","@id":"https:\/\/escolamodernademisterios.com\/es\/#\/schema\/logo\/image\/","url":"https:\/\/escolamodernademisterios.com\/wp-content\/uploads\/2023\/06\/Logo-696x696-1.png","contentUrl":"https:\/\/escolamodernademisterios.com\/wp-content\/uploads\/2023\/06\/Logo-696x696-1.png","width":675,"height":696,"caption":"Escola Moderna de Mist\u00e9rios"},"image":{"@id":"https:\/\/escolamodernademisterios.com\/es\/#\/schema\/logo\/image\/"},"sameAs":["https:\/\/www.facebook.com\/EscolaDeMisteriosBrasil","https:\/\/www.instagram.com\/escola_modernademisterios\/"]}]}},"_links":{"self":[{"href":"https:\/\/escolamodernademisterios.com\/es\/wp-json\/wp\/v2\/pages\/987496632","targetHints":{"allow":["GET"]}}],"collection":[{"href":"https:\/\/escolamodernademisterios.com\/es\/wp-json\/wp\/v2\/pages"}],"about":[{"href":"https:\/\/escolamodernademisterios.com\/es\/wp-json\/wp\/v2\/types\/page"}],"author":[{"embeddable":true,"href":"https:\/\/escolamodernademisterios.com\/es\/wp-json\/wp\/v2\/users\/1"}],"replies":[{"embeddable":true,"href":"https:\/\/escolamodernademisterios.com\/es\/wp-json\/wp\/v2\/comments?post=987496632"}],"version-history":[{"count":3,"href":"https:\/\/escolamodernademisterios.com\/es\/wp-json\/wp\/v2\/pages\/987496632\/revisions"}],"predecessor-version":[{"id":987497087,"href":"https:\/\/escolamodernademisterios.com\/es\/wp-json\/wp\/v2\/pages\/987496632\/revisions\/987497087"}],"wp:attachment":[{"href":"https:\/\/escolamodernademisterios.com\/es\/wp-json\/wp\/v2\/media?parent=987496632"}],"curies":[{"name":"wp","href":"https:\/\/api.w.org\/{rel}","templated":true}]}}