{"id":987496653,"date":"2022-02-11T16:37:33","date_gmt":"2022-02-11T19:37:33","guid":{"rendered":"https:\/\/escolamodernademisterios.com\/nuestros-valores\/"},"modified":"2023-03-20T14:36:05","modified_gmt":"2023-03-20T17:36:05","slug":"nuestros-valores","status":"publish","type":"page","link":"https:\/\/escolamodernademisterios.com\/es\/nuestros-valores\/","title":{"rendered":"Nuestros Valores"},"content":{"rendered":"<p>[et_pb_section fb_built=\u00bb1&#8243; _builder_version=\u00bb4.18.0&#8243; _module_preset=\u00bbdefault\u00bb background_image=\u00bbhttps:\/\/escolamodernademisterios.com\/wp-content\/uploads\/2022\/11\/about.jpg\u00bb min_height=\u00bb399px\u00bb custom_padding=\u00bb12.7%||7px|6px|false|false\u00bb hover_enabled=\u00bb0&#8243; global_colors_info=\u00bb{}\u00bb title_text=\u00bbabout\u00bb sticky_enabled=\u00bb0&#8243;][et_pb_row column_structure=\u00bb1_2,1_2&#8243; _builder_version=\u00bb4.17.0&#8243; _module_preset=\u00bbdefault\u00bb custom_padding=\u00bb102px|0px|3px|||\u00bb global_colors_info=\u00bb{}\u00bb][et_pb_column type=\u00bb1_2&#8243; _builder_version=\u00bb4.17.0&#8243; _module_preset=\u00bbdefault\u00bb global_colors_info=\u00bb{}\u00bb][\/et_pb_column][et_pb_column type=\u00bb1_2&#8243; _builder_version=\u00bb4.17.0&#8243; _module_preset=\u00bbdefault\u00bb global_colors_info=\u00bb{}\u00bb][et_pb_text _builder_version=\u00bb4.18.0&#8243; _module_preset=\u00bbdefault\u00bb header_font_size=\u00bb60px\u00bb animation_style=\u00bbfade\u00bb header_text_shadow_style=\u00bbpreset3&#8243; global_colors_info=\u00bb{}\u00bb]<\/p>\n<h1 style=\"text-align: center;\"><span style=\"color: #ffffff;\">NUESTROS VALORES <\/span><\/h1>\n<p>[\/et_pb_text][\/et_pb_column][\/et_pb_row][et_pb_row column_structure=\u00bb1_2,1_2&#8243; _builder_version=\u00bb4.17.0&#8243; _module_preset=\u00bbdefault\u00bb custom_padding=\u00bb157px|197px|3px|||\u00bb global_colors_info=\u00bb{}\u00bb][et_pb_column type=\u00bb1_2&#8243; _builder_version=\u00bb4.17.0&#8243; _module_preset=\u00bbdefault\u00bb global_colors_info=\u00bb{}\u00bb][\/et_pb_column][et_pb_column type=\u00bb1_2&#8243; _builder_version=\u00bb4.17.0&#8243; _module_preset=\u00bbdefault\u00bb global_colors_info=\u00bb{}\u00bb][\/et_pb_column][\/et_pb_row][\/et_pb_section][et_pb_section fb_built=\u00bb1&#8243; admin_label=\u00bbCountdown Section\u00bb _builder_version=\u00bb4.18.0&#8243; background_color=\u00bb#FFFFFF\u00bb custom_padding=\u00bb120px||100px|\u00bb animation_style=\u00bbzoom\u00bb animation_direction=\u00bbbottom\u00bb animation_intensity_zoom=\u00bb4%\u00bb global_colors_info=\u00bb{}\u00bb][et_pb_row admin_label=\u00bbCountdown Title\u00bb _builder_version=\u00bb4.16&#8243; background_color=\u00bb#FFFFFF\u00bb background_size=\u00bbinitial\u00bb background_position=\u00bbtop_left\u00bb background_repeat=\u00bbrepeat\u00bb custom_padding=\u00bb1px|||||\u00bb global_colors_info=\u00bb{}\u00bb][et_pb_column type=\u00bb4_4&#8243; _builder_version=\u00bb4.16&#8243; custom_padding=\u00bb|||\u00bb global_colors_info=\u00bb{}\u00bb custom_padding__hover=\u00bb|||\u00bb][et_pb_text _builder_version=\u00bb4.16&#8243; _module_preset=\u00bbdefault\u00bb text_line_height=\u00bb1.5em\u00bb background_color=\u00bb#FFFFFF\u00bb width=\u00bb100%\u00bb custom_margin=\u00bb0px|-6px||1px|false|false\u00bb custom_padding=\u00bb|0px||0px|false|false\u00bb global_colors_info=\u00bb{}\u00bb]<\/p>\n<h2>VALORES Y CREENCIAS ESENCIALES DE LA ESCUELA MODERNA DE MISTERIOS<\/h2>\n<p><span>\u00a1Creemos que todos los seres humanos vinieron de un Origen Divino y, por lo tanto, son hechos de una sustancia Divina, siendo de cierta forma Dioses y Diosas!<\/span><\/p>\n<p><span>Creemos que todos los seres humanos son eternos, que nunca nacemos y, por ello, nunca moriremos. S\u00ed, tenemos un cuerpo f\u00edsico, pero la mariposa tambi\u00e9n posee un capullo, la larva que despu\u00e9s se transforma en su verdadera naturaleza. \u00a1Creemos que estamos en este proceso, haciendo nuestro verdadero yo!<\/span><\/p>\n<p><span>Creemos que todos los seres humanos poseemos todo el conocimiento que necesitamos, y para cualquier pregunta que tengamos, las respuestas est\u00e1n en nuestro interior. La Escuela de Misterios fue creada solo para auxiliar a las personas en su encuentro con estas respuestas, \u00a1no a darlas!<\/span><\/p>\n<p><span>Creemos que todos los humanos son compuestos de tres componentes, el cuerpo f\u00edsico, el alma y el esp\u00edritu, y que los tres requieren los cuidados de la sabidur\u00eda, nutrici\u00f3n y sanaci\u00f3n. El Linaje de la Escuela de Misterios proporciona todo eso por intermedio de herramientas metaf\u00edsicas antiguas usadas y perfeccionadas a lo largo de miles de a\u00f1os. <\/span><\/p>\n<p><span>El linaje se ha enfocado en trabajar con y en la producci\u00f3n de herramientas para manejar la complicada m\u00e1quina o la computadora del veh\u00edculo humano, que llamamos de MENTE. Nuestras herramientas procuran ayudar a cada individuo a retomar el control de este veh\u00edculo para s\u00ed mismos, para que puedan crear una vida mejor. Creemos que todas nuestras manifestaciones f\u00edsicas empiezan en la mente y, por ese motivo, \u00a1es tan importante cuidarla muy bien!<\/span><\/p>\n<p><span>Creemos que todos los seres humanos nacen con dos g\u00e9neros diferentes, el masculino y el femenino, como probado por la biolog\u00eda y la precisi\u00f3n cient\u00edfica. As\u00ed, creemos en la libertad individual de considerar a s\u00ed mismo como el que o quien les traer\u00e1 felicidad, pero los hechos son indiscutibles, que nuestra complexi\u00f3n f\u00edsica y que todos nacemos o masculino o femenino, y que hay diferencias innegables en esta complexi\u00f3n. <\/span><\/p>\n<p><span>Tambi\u00e9n creemos que poseemos ciertos arquetipos para seguir y reflejarnos como siendo Dioses y Diosas, de tiempos antiguos, que nos traen valores positivos y caracter\u00edsticas para seguir y admirar. Esos arquetipos nos inspiraron por miles de a\u00f1os y definen nuestra vida de todas las formas, permiti\u00e9ndonos superar cualquier obst\u00e1culo que enfrentemos, crecer m\u00e1s que nuestra versi\u00f3n anterior y hacernos vencedores en la vida. Sin estos arquetipos Divinos no ir\u00edamos, ni conseguir\u00edamos alcanzar tales niveles elevados del potencial humano.<\/span><\/p>\n<p><span>Creemos en la esencia de la bondad de todos los humanos o en su capacidad para ello, aunque nuestra historia nos muestre algo diferente. Los humanos son innatamente buenos \u00a1Y con la influencia ambiental correcta y autolabor interna podemos alcanzar el mayor potencial humano, hacer el bien!<\/span><\/p>\n<p><span>Creemos en el derecho de autodeterminaci\u00f3n, as\u00ed como en asumir responsabilidad total por nuestros pensamientos, acciones y palabras en todas y cualquier situaci\u00f3n. Creemos que la verdadera tomada de aquello reposa en los pies del yo individual, acarreando frutos buenos o malos para nosotros mismos o para otras personas. Creemos que el car\u00e1cter y la integridad de un individuo son mucho m\u00e1s importantes y significativos que la identificaci\u00f3n de este con un grupo o con el colectivo.<\/span><\/p>\n<p><span>Creemos que las personas deber\u00edan ser libres para expresarse de una manera saludable, sin vincularse a alguna restricci\u00f3n, aline\u00e1ndose a un grupo u opiniones personales o aceptar esos puntos de vista.<\/span><\/p>\n<p><span>Creemos en el poder de los humanos para crear un mundo mejor y que, con la debida acogida, podemos alcanzar este objetivo. Todo ello no ser\u00eda alcanzado por ninguna organizaci\u00f3n (incluyendo la Escuela de Misterios), religi\u00f3n o algo del g\u00e9nero, sino a trav\u00e9s del poder de las propias personas, lideradas por su amor a la libertad, \u00a1aceptaci\u00f3n de s\u00ed mismo, paz y otros!<\/span><\/p>\n<p>&nbsp;<\/p>\n<p>[\/et_pb_text][et_pb_text _builder_version=\u00bb4.16&#8243; _module_preset=\u00bbdefault\u00bb text_line_height=\u00bb1.5em\u00bb background_color=\u00bb#FFFFFF\u00bb width=\u00bb100%\u00bb custom_margin=\u00bb0px|-6px||1px|false|false\u00bb custom_padding=\u00bb|0px||0px|false|false\u00bb global_colors_info=\u00bb{}\u00bb]<\/p>\n<h2>VALORES FUNDAMENTALES DE LA ESCUELA MODERNA DE MISTERIOS<\/h2>\n<p><span>Valoramos a la vida como la conocemos, centella divina del universo que puede y encender\u00e1 al mundo para mejorarlo para todos nosotros.<\/span><\/p>\n<p><span>Valoramos a cada individuo sin importar lo que son, cu\u00e1l es su nombre o las ideas que tienen. Daremos todo lo nuestro para garantizar que puedan expresarse de manera m\u00e1s saludable y positiva para los seres humanos.<\/span><\/p>\n<p><span>Valoramos que, despu\u00e9s del despertar del ser interior, surge la necesidad de auto-manifestaci\u00f3n del alma, sus sentimientos y pensamientos. Adoptamos esa expresi\u00f3n y la vemos como una parte de nuestra organizaci\u00f3n, parte del c\u00f3mo y qui\u00e9nes somos. <\/span><\/p>\n<p><span>Valoramos ser diferente, nos vemos como seres \u00fanicos. Adoptamos a aquellos que sufren por ignorancia y juicio de otros que no entienden o aceptan esa singularidad.<\/span><\/p>\n<p><span>Valoramos la sociedad, ya que nos dio la oportunidad de servir al bien mayor y a un p\u00fablico m\u00e1s amplio.<\/span><\/p>\n<p><span>Valoramos Gobiernos de pa\u00edses que intentan lo mejor para cuidar a sus conciudadanos.<\/span><\/p>\n<p>Valoramos a aquellos que quieren provocar un cambio positivo en el mundo y apoyamos sus esfuerzos con alegr\u00eda en demas\u00eda.<\/p>\n<p>&nbsp;<\/p>\n<p>[\/et_pb_text][et_pb_text _builder_version=\u00bb4.16&#8243; _module_preset=\u00bbdefault\u00bb text_line_height=\u00bb1.5em\u00bb background_color=\u00bb#FFFFFF\u00bb width=\u00bb100%\u00bb custom_margin=\u00bb0px|-6px||1px|false|false\u00bb custom_padding=\u00bb|0px||0px|false|false\u00bb global_colors_info=\u00bb{}\u00bb]<\/p>\n<h3><strong>EL PRIMER PASO<\/strong><\/h3>\n<p>Conozca un Gu\u00eda Certificado o un Activador de Vida de la Escuela Moderna de Misterios para una <a href=\"mailto:%20info@mmsbrazil.com\"><strong>consulta personal<\/strong><\/a>.<\/p>\n<p>Esa consulta sin obligaci\u00f3n permitir\u00e1 que usted se conecte con uno de los experimentados profesores y\/o practicantes de la Escuela Moderna de Misterios, ellos le informar\u00e1n que es lo que est\u00e1 disponible para usted. Tendr\u00e1 la oportunidad de expresarse, compartir lo que est\u00e1 buscando en la vida, espiritualmente o de otra forma, y podremos guiarlo mejor para alcanzar resultados verdaderos.<\/p>\n<p>Un flujo efectivo de progreso generalmente empieza con la sesi\u00f3n de Activaci\u00f3n de Vida, seguida del programa Empodere a S\u00ed Mismo e Iniciaci\u00f3n. Este es un m\u00e9todo t\u00edpico que ha tenido \u00e9xito durante miles de a\u00f1os en nuestro linaje, sin embargo, tenemos muchas modalidades, servicios, activaciones, talleres y clases que podemos recomendarle, todo de acuerdo con sus necesidades. Vea nuestras p\u00e1ginas de Servicios y Cursos. Si algo le llama la atenci\u00f3n, com\u00e9ntelo en su consulta para discutirlo m\u00e1s a fondo.<\/p>\n<p>[\/et_pb_text][\/et_pb_column][\/et_pb_row][\/et_pb_section][et_pb_section fb_built=\u00bb1&#8243; _builder_version=\u00bb4.18.0&#8243; _module_preset=\u00bbdefault\u00bb background_color=\u00bb#d3b779&#8243; custom_padding=\u00bb0px||0px|||\u00bb global_module=\u00bb987495444&#8243; global_colors_info=\u00bb{}\u00bb][et_pb_row column_structure=\u00bb1_3,1_3,1_3&#8243; _builder_version=\u00bb4.18.0&#8243; _module_preset=\u00bbdefault\u00bb global_colors_info=\u00bb{}\u00bb][et_pb_column type=\u00bb1_3&#8243; _builder_version=\u00bb4.18.0&#8243; _module_preset=\u00bbdefault\u00bb global_colors_info=\u00bb{}\u00bb][et_pb_blurb use_icon=\u00bbon\u00bb font_icon=\u00bb&#xe081;||divi||400&#8243; icon_color=\u00bb#FFFFFF\u00bb icon_placement=\u00bbleft\u00bb image_icon_width=\u00bb27px\u00bb _builder_version=\u00bb4.18.0&#8243; _module_preset=\u00bbdefault\u00bb header_text_color=\u00bb#FFFFFF\u00bb body_text_color=\u00bb#FFFFFF\u00bb body_font_size=\u00bb17px\u00bb body_line_height=\u00bb1.4em\u00bb global_colors_info=\u00bb{}\u00bb]<\/p>\n<p><span>Avenida Pequeno Pr\u00edncipe, 1482, loja 03 \u2013 Campeche, Florian\u00f3polis \u2013 SC, Brazil<\/span><\/p>\n<p>[\/et_pb_blurb][\/et_pb_column][et_pb_column type=\u00bb1_3&#8243; _builder_version=\u00bb4.18.0&#8243; _module_preset=\u00bbdefault\u00bb global_colors_info=\u00bb{}\u00bb][et_pb_blurb use_icon=\u00bbon\u00bb font_icon=\u00bb&#xe076;||divi||400&#8243; icon_color=\u00bb#FFFFFF\u00bb icon_placement=\u00bbleft\u00bb image_icon_width=\u00bb27px\u00bb _builder_version=\u00bb4.18.0&#8243; _module_preset=\u00bbdefault\u00bb header_text_color=\u00bb#FFFFFF\u00bb body_text_color=\u00bb#FFFFFF\u00bb body_font_size=\u00bb17px\u00bb body_line_height=\u00bb1.4em\u00bb link_option_url=\u00bbmailto:info@escolamodernademisterios.com.br\u00bb global_colors_info=\u00bb{}\u00bb]<\/p>\n<p>info@escolamodernademisterios.com.br<\/p>\n<p>[\/et_pb_blurb][\/et_pb_column][et_pb_column type=\u00bb1_3&#8243; _builder_version=\u00bb4.18.0&#8243; _module_preset=\u00bbdefault\u00bb global_colors_info=\u00bb{}\u00bb][et_pb_blurb use_icon=\u00bbon\u00bb font_icon=\u00bb&#xe090;||divi||400&#8243; icon_color=\u00bb#FFFFFF\u00bb icon_placement=\u00bbleft\u00bb image_icon_width=\u00bb27px\u00bb _builder_version=\u00bb4.18.0&#8243; _module_preset=\u00bbdefault\u00bb header_text_color=\u00bb#FFFFFF\u00bb body_text_color=\u00bb#FFFFFF\u00bb body_font_size=\u00bb17px\u00bb body_line_height=\u00bb1.4em\u00bb body_font_tablet=\u00bb\u00bb body_font_phone=\u00bb\u00bb body_font_last_edited=\u00bbon|desktop\u00bb global_colors_info=\u00bb{}\u00bb]<\/p>\n<p><span style=\"color: #ffffff;\">+55 48 9 9163 4824<\/span><\/p>\n<p>[\/et_pb_blurb][\/et_pb_column][\/et_pb_row][\/et_pb_section]<\/p>\n","protected":false},"excerpt":{"rendered":"<p>NUESTROS VALORES VALORES Y CREENCIAS ESENCIALES DE LA ESCUELA MODERNA DE MISTERIOS \u00a1Creemos que todos los seres humanos vinieron de un Origen Divino y, por lo tanto, son hechos de [&hellip;]<\/p>\n","protected":false},"author":1,"featured_media":0,"parent":0,"menu_order":0,"comment_status":"closed","ping_status":"closed","template":"","meta":{"_et_pb_use_builder":"on","_et_pb_old_content":"","_et_gb_content_width":"","footnotes":""},"class_list":["post-987496653","page","type-page","status-publish","hentry"],"yoast_head":"<!-- This site is optimized with the Yoast SEO plugin v27.2 - https:\/\/yoast.com\/product\/yoast-seo-wordpress\/ -->\n<title>Nuestros Valores | Escola Moderna de Mist\u00e9rios<\/title>\n<meta name=\"robots\" content=\"noindex, follow, max-snippet:-1, max-image-preview:large, max-video-preview:-1\" \/>\n<meta property=\"og:locale\" content=\"es_ES\" \/>\n<meta property=\"og:type\" content=\"article\" \/>\n<meta property=\"og:title\" content=\"Nuestros Valores | Escola Moderna de Mist\u00e9rios\" \/>\n<meta property=\"og:description\" content=\"NUESTROS VALORES VALORES Y CREENCIAS ESENCIALES DE LA ESCUELA MODERNA DE MISTERIOS \u00a1Creemos que todos los seres humanos vinieron de un Origen Divino y, por lo tanto, son hechos de [&hellip;]\" \/>\n<meta property=\"og:url\" content=\"https:\/\/escolamodernademisterios.com\/es\/nuestros-valores\/\" \/>\n<meta property=\"og:site_name\" content=\"Escola Moderna de Mist\u00e9rios\" \/>\n<meta property=\"article:publisher\" content=\"https:\/\/www.facebook.com\/EscolaDeMisteriosBrasil\" \/>\n<meta property=\"article:modified_time\" content=\"2023-03-20T17:36:05+00:00\" \/>\n<meta name=\"twitter:card\" content=\"summary_large_image\" \/>\n<meta name=\"twitter:label1\" content=\"Tiempo de lectura\" \/>\n\t<meta name=\"twitter:data1\" content=\"8 minutos\" \/>\n<script type=\"application\/ld+json\" class=\"yoast-schema-graph\">{\"@context\":\"https:\/\/schema.org\",\"@graph\":[{\"@type\":\"WebPage\",\"@id\":\"https:\/\/escolamodernademisterios.com\/es\/nuestros-valores\/\",\"url\":\"https:\/\/escolamodernademisterios.com\/es\/nuestros-valores\/\",\"name\":\"Nuestros Valores | Escola Moderna de Mist\u00e9rios\",\"isPartOf\":{\"@id\":\"https:\/\/escolamodernademisterios.com\/es\/#website\"},\"datePublished\":\"2022-02-11T19:37:33+00:00\",\"dateModified\":\"2023-03-20T17:36:05+00:00\",\"breadcrumb\":{\"@id\":\"https:\/\/escolamodernademisterios.com\/es\/nuestros-valores\/#breadcrumb\"},\"inLanguage\":\"es\",\"potentialAction\":[{\"@type\":\"ReadAction\",\"target\":[\"https:\/\/escolamodernademisterios.com\/es\/nuestros-valores\/\"]}]},{\"@type\":\"BreadcrumbList\",\"@id\":\"https:\/\/escolamodernademisterios.com\/es\/nuestros-valores\/#breadcrumb\",\"itemListElement\":[{\"@type\":\"ListItem\",\"position\":1,\"name\":\"In\u00edcio\",\"item\":\"https:\/\/escolamodernademisterios.com\/es\/987496733-2\/\"},{\"@type\":\"ListItem\",\"position\":2,\"name\":\"Nuestros Valores\"}]},{\"@type\":\"WebSite\",\"@id\":\"https:\/\/escolamodernademisterios.com\/es\/#website\",\"url\":\"https:\/\/escolamodernademisterios.com\/es\/\",\"name\":\"Escola Moderna de Mist\u00e9rios\",\"description\":\"N\u00f3s somos uma Escola de Mist\u00e9rios que acredita no empoderamento de todos os seres humanos para viver uma vida de paz, alegria, sucesso, abund\u00e2ncia, harmonia e alinhamento com seu prop\u00f3sito individual. Acreditamos que a descoberta do potencial individual faz parte da experi\u00eancia da vida e \u00e9 parte do crescimento espiritual e f\u00edsico.\",\"publisher\":{\"@id\":\"https:\/\/escolamodernademisterios.com\/es\/#organization\"},\"potentialAction\":[{\"@type\":\"SearchAction\",\"target\":{\"@type\":\"EntryPoint\",\"urlTemplate\":\"https:\/\/escolamodernademisterios.com\/es\/?s={search_term_string}\"},\"query-input\":{\"@type\":\"PropertyValueSpecification\",\"valueRequired\":true,\"valueName\":\"search_term_string\"}}],\"inLanguage\":\"es\"},{\"@type\":\"Organization\",\"@id\":\"https:\/\/escolamodernademisterios.com\/es\/#organization\",\"name\":\"Escola Moderna de Mist\u00e9rios\",\"url\":\"https:\/\/escolamodernademisterios.com\/es\/\",\"logo\":{\"@type\":\"ImageObject\",\"inLanguage\":\"es\",\"@id\":\"https:\/\/escolamodernademisterios.com\/es\/#\/schema\/logo\/image\/\",\"url\":\"https:\/\/escolamodernademisterios.com\/wp-content\/uploads\/2023\/06\/Logo-696x696-1.png\",\"contentUrl\":\"https:\/\/escolamodernademisterios.com\/wp-content\/uploads\/2023\/06\/Logo-696x696-1.png\",\"width\":675,\"height\":696,\"caption\":\"Escola Moderna de Mist\u00e9rios\"},\"image\":{\"@id\":\"https:\/\/escolamodernademisterios.com\/es\/#\/schema\/logo\/image\/\"},\"sameAs\":[\"https:\/\/www.facebook.com\/EscolaDeMisteriosBrasil\",\"https:\/\/www.instagram.com\/escola_modernademisterios\/\"]}]}<\/script>\n<!-- \/ Yoast SEO plugin. -->","yoast_head_json":{"title":"Nuestros Valores | Escola Moderna de Mist\u00e9rios","robots":{"index":"noindex","follow":"follow","max-snippet":"max-snippet:-1","max-image-preview":"max-image-preview:large","max-video-preview":"max-video-preview:-1"},"og_locale":"es_ES","og_type":"article","og_title":"Nuestros Valores | Escola Moderna de Mist\u00e9rios","og_description":"NUESTROS VALORES VALORES Y CREENCIAS ESENCIALES DE LA ESCUELA MODERNA DE MISTERIOS \u00a1Creemos que todos los seres humanos vinieron de un Origen Divino y, por lo tanto, son hechos de [&hellip;]","og_url":"https:\/\/escolamodernademisterios.com\/es\/nuestros-valores\/","og_site_name":"Escola Moderna de Mist\u00e9rios","article_publisher":"https:\/\/www.facebook.com\/EscolaDeMisteriosBrasil","article_modified_time":"2023-03-20T17:36:05+00:00","twitter_card":"summary_large_image","twitter_misc":{"Tiempo de lectura":"8 minutos"},"schema":{"@context":"https:\/\/schema.org","@graph":[{"@type":"WebPage","@id":"https:\/\/escolamodernademisterios.com\/es\/nuestros-valores\/","url":"https:\/\/escolamodernademisterios.com\/es\/nuestros-valores\/","name":"Nuestros Valores | Escola Moderna de Mist\u00e9rios","isPartOf":{"@id":"https:\/\/escolamodernademisterios.com\/es\/#website"},"datePublished":"2022-02-11T19:37:33+00:00","dateModified":"2023-03-20T17:36:05+00:00","breadcrumb":{"@id":"https:\/\/escolamodernademisterios.com\/es\/nuestros-valores\/#breadcrumb"},"inLanguage":"es","potentialAction":[{"@type":"ReadAction","target":["https:\/\/escolamodernademisterios.com\/es\/nuestros-valores\/"]}]},{"@type":"BreadcrumbList","@id":"https:\/\/escolamodernademisterios.com\/es\/nuestros-valores\/#breadcrumb","itemListElement":[{"@type":"ListItem","position":1,"name":"In\u00edcio","item":"https:\/\/escolamodernademisterios.com\/es\/987496733-2\/"},{"@type":"ListItem","position":2,"name":"Nuestros Valores"}]},{"@type":"WebSite","@id":"https:\/\/escolamodernademisterios.com\/es\/#website","url":"https:\/\/escolamodernademisterios.com\/es\/","name":"Escola Moderna de Mist\u00e9rios","description":"N\u00f3s somos uma Escola de Mist\u00e9rios que acredita no empoderamento de todos os seres humanos para viver uma vida de paz, alegria, sucesso, abund\u00e2ncia, harmonia e alinhamento com seu prop\u00f3sito individual. Acreditamos que a descoberta do potencial individual faz parte da experi\u00eancia da vida e \u00e9 parte do crescimento espiritual e f\u00edsico.","publisher":{"@id":"https:\/\/escolamodernademisterios.com\/es\/#organization"},"potentialAction":[{"@type":"SearchAction","target":{"@type":"EntryPoint","urlTemplate":"https:\/\/escolamodernademisterios.com\/es\/?s={search_term_string}"},"query-input":{"@type":"PropertyValueSpecification","valueRequired":true,"valueName":"search_term_string"}}],"inLanguage":"es"},{"@type":"Organization","@id":"https:\/\/escolamodernademisterios.com\/es\/#organization","name":"Escola Moderna de Mist\u00e9rios","url":"https:\/\/escolamodernademisterios.com\/es\/","logo":{"@type":"ImageObject","inLanguage":"es","@id":"https:\/\/escolamodernademisterios.com\/es\/#\/schema\/logo\/image\/","url":"https:\/\/escolamodernademisterios.com\/wp-content\/uploads\/2023\/06\/Logo-696x696-1.png","contentUrl":"https:\/\/escolamodernademisterios.com\/wp-content\/uploads\/2023\/06\/Logo-696x696-1.png","width":675,"height":696,"caption":"Escola Moderna de Mist\u00e9rios"},"image":{"@id":"https:\/\/escolamodernademisterios.com\/es\/#\/schema\/logo\/image\/"},"sameAs":["https:\/\/www.facebook.com\/EscolaDeMisteriosBrasil","https:\/\/www.instagram.com\/escola_modernademisterios\/"]}]}},"_links":{"self":[{"href":"https:\/\/escolamodernademisterios.com\/es\/wp-json\/wp\/v2\/pages\/987496653","targetHints":{"allow":["GET"]}}],"collection":[{"href":"https:\/\/escolamodernademisterios.com\/es\/wp-json\/wp\/v2\/pages"}],"about":[{"href":"https:\/\/escolamodernademisterios.com\/es\/wp-json\/wp\/v2\/types\/page"}],"author":[{"embeddable":true,"href":"https:\/\/escolamodernademisterios.com\/es\/wp-json\/wp\/v2\/users\/1"}],"replies":[{"embeddable":true,"href":"https:\/\/escolamodernademisterios.com\/es\/wp-json\/wp\/v2\/comments?post=987496653"}],"version-history":[{"count":8,"href":"https:\/\/escolamodernademisterios.com\/es\/wp-json\/wp\/v2\/pages\/987496653\/revisions"}],"predecessor-version":[{"id":987496931,"href":"https:\/\/escolamodernademisterios.com\/es\/wp-json\/wp\/v2\/pages\/987496653\/revisions\/987496931"}],"wp:attachment":[{"href":"https:\/\/escolamodernademisterios.com\/es\/wp-json\/wp\/v2\/media?parent=987496653"}],"curies":[{"name":"wp","href":"https:\/\/api.w.org\/{rel}","templated":true}]}}