{"id":987496665,"date":"2022-02-19T20:50:07","date_gmt":"2022-02-19T23:50:07","guid":{"rendered":"https:\/\/escolamodernademisterios.com\/empodere-a-si-mismo\/"},"modified":"2023-05-30T13:41:48","modified_gmt":"2023-05-30T16:41:48","slug":"empodere-a-si-mismo","status":"publish","type":"page","link":"https:\/\/escolamodernademisterios.com\/es\/empodere-a-si-mismo\/","title":{"rendered":"Empodere A S\u00ed Mismo"},"content":{"rendered":"<p>[et_pb_section fb_built=\u00bb1&#8243; _builder_version=\u00bb4.21.0&#8243; _module_preset=\u00bbdefault\u00bb background_image=\u00bbhttps:\/\/escolamodernademisterios.com\/wp-content\/uploads\/2023\/05\/8-1.png\u00bb background_size=\u00bbcontain\u00bb min_height=\u00bb399px\u00bb custom_margin=\u00bb-100px||||false|false\u00bb custom_margin_tablet=\u00bb-100px||||false|false\u00bb custom_margin_phone=\u00bb-100px||||false|false\u00bb custom_margin_last_edited=\u00bbon|tablet\u00bb custom_padding=\u00bb38.3%||0px|6px|false|false\u00bb hover_enabled=\u00bb0&#8243; background_last_edited=\u00bbon|phone\u00bb background_size_phone=\u00bbcontain\u00bb global_colors_info=\u00bb{}\u00bb title_text=\u00bb8&#8243; sticky_enabled=\u00bb0&#8243;][et_pb_row column_structure=\u00bb1_2,1_2&#8243; custom_padding_last_edited=\u00bbon|tablet\u00bb _builder_version=\u00bb4.18.0&#8243; _module_preset=\u00bbdefault\u00bb custom_margin_tablet=\u00bb||-150px||false|false\u00bb custom_margin_phone=\u00bb-100px||-150px||false|false\u00bb custom_margin_last_edited=\u00bbon|phone\u00bb custom_padding=\u00bb272px|197px|94px|||\u00bb custom_padding_tablet=\u00bb272px|197px|94px|||\u00bb custom_padding_phone=\u00bb272px|197px|94px|||\u00bb global_colors_info=\u00bb{}\u00bb custom_margin__hover_enabled=\u00bbon|desktop\u00bb][et_pb_column type=\u00bb1_2&#8243; _builder_version=\u00bb4.17.0&#8243; _module_preset=\u00bbdefault\u00bb global_colors_info=\u00bb{}\u00bb][\/et_pb_column][et_pb_column type=\u00bb1_2&#8243; _builder_version=\u00bb4.17.0&#8243; _module_preset=\u00bbdefault\u00bb global_colors_info=\u00bb{}\u00bb][\/et_pb_column][\/et_pb_row][\/et_pb_section][et_pb_section fb_built=\u00bb1&#8243; admin_label=\u00bbCountdown Section\u00bb _builder_version=\u00bb4.16&#8243; custom_padding=\u00bb67px||100px|||\u00bb animation_style=\u00bbzoom\u00bb animation_direction=\u00bbbottom\u00bb animation_intensity_zoom=\u00bb4%\u00bb global_colors_info=\u00bb{}\u00bb][et_pb_row admin_label=\u00bbCountdown Title\u00bb _builder_version=\u00bb4.16&#8243; background_color=\u00bb#FFFFFF\u00bb background_size=\u00bbinitial\u00bb background_position=\u00bbtop_left\u00bb background_repeat=\u00bbrepeat\u00bb custom_padding=\u00bb1px|||||\u00bb global_colors_info=\u00bb{}\u00bb][et_pb_column type=\u00bb4_4&#8243; _builder_version=\u00bb4.16&#8243; custom_padding=\u00bb|||\u00bb global_colors_info=\u00bb{}\u00bb custom_padding__hover=\u00bb|||\u00bb][et_pb_text _builder_version=\u00bb4.16&#8243; _module_preset=\u00bbdefault\u00bb text_line_height=\u00bb1.5em\u00bb background_color=\u00bb#FFFFFF\u00bb width=\u00bb100%\u00bb custom_margin=\u00bb0px|-6px||1px|false|false\u00bb custom_padding=\u00bb|0px||0px|false|false\u00bb global_colors_info=\u00bb{}\u00bb]<\/p>\n<h2>EMPODERE A S\u00cd MISMO<\/h2>\n<p>Este curso le brindar\u00e1 conceptos metaf\u00edsicos y antiguas ense\u00f1anzas para EMPODERAR su vida con los secretos de los sabios, que fueron mantenidos ocultos a trav\u00e9s de la historia. La iniciaci\u00f3n Empodere a S\u00ed Mismo lo inicia en el antiguo linaje del Rey Salom\u00f3n, pasado de profesor a estudiante a lo largo de 3000 a\u00f1os. Este es un poderoso linaje con profundas ense\u00f1anzas metaf\u00edsicas que sobrevivieron a las eras del tiempo. Pasada por un Gu\u00eda Oficial de la Escuela Moderna de Misterios, la iniciaci\u00f3n de Adepto le trae 10 veces m\u00e1s empoderamiento para hacer los cambios f\u00edsicos y energ\u00e9ticos necesarios para alcanzar su m\u00e1ximo potencial.<\/p>\n<p>Usted aprender\u00e1 c\u00f3mo funciona su propio sistema energ\u00e9tico, c\u00f3mo se estructura la Jerarqu\u00eda de Luz y los Cielos, c\u00f3mo trabajar con Arc\u00e1ngeles y \u00c1ngeles para guiar su vida, as\u00ed como herramientas sagradas como rituales, meditaciones y oraciones. \u00a1Aprenda a trabajar con energ\u00eda para manifestar la vida que realmente quiere vivir! Este es un curso de dos d\u00edas y se concretiza con la ceremonia sagrada de iniciaci\u00f3n.<\/p>\n<p>&nbsp;<\/p>\n<p>[\/et_pb_text][et_pb_text _builder_version=\u00bb4.16&#8243; _module_preset=\u00bbdefault\u00bb text_line_height=\u00bb1.5em\u00bb background_color=\u00bb#FFFFFF\u00bb width=\u00bb100%\u00bb custom_margin=\u00bb0px|-6px||1px|false|false\u00bb custom_padding=\u00bb|0px||0px|false|false\u00bb global_colors_info=\u00bb{}\u00bb]<\/p>\n<h2>BENEFICIOS DEL CURSO DE INICIACI\u00d3N EMPOWER THYSELF:<\/h2>\n<ul>\n<li>El Empoderamiento de 10 veces m\u00e1s energ\u00eda de Luz para guiar sus objetivos, sue\u00f1os y deseos en la vida.<\/li>\n<li>Reciba herramientas antiguas y rituales sagrados que iniciados han usado durante miles de a\u00f1os para despertar su divinidad y alinear a s\u00ed con su verdadero prop\u00f3sito.<\/li>\n<li>Mayor conciencia y conectividad con su propia intuici\u00f3n.<\/li>\n<li>Acceso a secretos escondidos de los misterios del universo.<\/li>\n<li>Desbloquee las respuestas internas para preguntas como: \u00bfQui\u00e9n soy yo? \u00bfPor qu\u00e9 estoy aqu\u00ed?<\/li>\n<li>Capacidad de crecer su QI (CHI\/KI) y proteger su espacio energ\u00e9tico personal.<\/li>\n<li>Permiso para trabajar con \u00c1ngeles y Seres de Luz de manera m\u00e1s profunda.<\/li>\n<li>Se alinhe permanentemente seu pr\u00f3prio poder da vontade com o fluxo alinhado da Vontade de Deus, da Natureza e do Universo.<\/li>\n<li>Cree una fundaci\u00f3n de energ\u00eda de Luz para poder navegar m\u00e1s f\u00e1cilmente por los obst\u00e1culos y desaf\u00edos que la vida le trae.<\/li>\n<li>Habilidad para acceder a entrenamientos m\u00e1s profundos en la Escuela Moderna de Misterios, incluso iniciaciones m\u00e1s altas y ense\u00f1anzas m\u00e1s profundas.<\/li>\n<\/ul>\n<p><a href=\"https:\/\/escolamodernademisterios.com\/es\/que-es-iniciacion\/\"><strong>Pinche este \u00edcono<\/strong><\/a> para leer m\u00e1s sobre Iniciaci\u00f3n y saber si es lo mejor para usted.<\/p>\n<p>Encuentre un Gu\u00eda Certificado de la Escuela Moderna de Misterios para una consulta personal sobre Empodere a s\u00ed Mismo y sobre su progresi\u00f3n espiritual.<\/p>\n<p>No hay requisito previo de cursos para el programa e iniciaci\u00f3n de Empower Thyself, pero la sesi\u00f3n de Activaci\u00f3n de Vida es requerida para la iniciaci\u00f3n.<\/p>\n<p>&nbsp;<\/p>\n<p>[\/et_pb_text][et_pb_text _builder_version=\u00bb4.16&#8243; _module_preset=\u00bbdefault\u00bb text_line_height=\u00bb1.5em\u00bb background_color=\u00bb#FFFFFF\u00bb width=\u00bb100%\u00bb custom_margin=\u00bb0px|-6px||1px|false|false\u00bb custom_padding=\u00bb|0px||0px|false|false\u00bb global_colors_info=\u00bb{}\u00bb]<\/p>\n<h3><strong>EL PRIMER PASO<\/strong><\/h3>\n<p>Conozca un Gu\u00eda Certificado o un Activador de Vida de la Escuela Moderna de Misterios para una <a href=\"mailto:%20info@mmsbrazil.com\"><strong>consulta personal<\/strong><\/a>.<\/p>\n<p>Esa consulta sin obligaci\u00f3n permitir\u00e1 que usted se conecte con uno de los experimentados profesores y\/o practicantes de la Escuela Moderna de Misterios, ellos le informar\u00e1n que es lo que est\u00e1 disponible para usted. Tendr\u00e1 la oportunidad de expresarse, compartir lo que est\u00e1 buscando en la vida, espiritualmente o de otra forma, y podremos guiarlo mejor para alcanzar resultados verdaderos.<\/p>\n<p>Un flujo efectivo de progreso generalmente empieza con la sesi\u00f3n de Activaci\u00f3n de Vida, seguida del programa Empodere a S\u00ed Mismo e Iniciaci\u00f3n. Este es un m\u00e9todo t\u00edpico que ha tenido \u00e9xito durante miles de a\u00f1os en nuestro linaje, sin embargo, tenemos muchas modalidades, servicios, activaciones, talleres y clases que podemos recomendarle, todo de acuerdo con sus necesidades. Vea nuestras p\u00e1ginas de Servicios y Cursos. Si algo le llama la atenci\u00f3n, com\u00e9ntelo en su consulta para discutirlo m\u00e1s a fondo.<\/p>\n<p>[\/et_pb_text][\/et_pb_column][\/et_pb_row][\/et_pb_section][et_pb_section fb_built=\u00bb1&#8243; _builder_version=\u00bb4.18.0&#8243; _module_preset=\u00bbdefault\u00bb background_color=\u00bb#d3b779&#8243; custom_padding=\u00bb0px||0px|||\u00bb global_colors_info=\u00bb{}\u00bb][et_pb_row column_structure=\u00bb1_3,1_3,1_3&#8243; _builder_version=\u00bb4.18.0&#8243; _module_preset=\u00bbdefault\u00bb global_colors_info=\u00bb{}\u00bb][et_pb_column type=\u00bb1_3&#8243; _builder_version=\u00bb4.18.0&#8243; _module_preset=\u00bbdefault\u00bb global_colors_info=\u00bb{}\u00bb][et_pb_blurb use_icon=\u00bbon\u00bb font_icon=\u00bb&#xe081;||divi||400&#8243; icon_color=\u00bb#FFFFFF\u00bb icon_placement=\u00bbleft\u00bb image_icon_width=\u00bb27px\u00bb _builder_version=\u00bb4.18.0&#8243; _module_preset=\u00bbdefault\u00bb header_text_color=\u00bb#FFFFFF\u00bb body_text_color=\u00bb#FFFFFF\u00bb body_font_size=\u00bb17px\u00bb body_line_height=\u00bb1.4em\u00bb global_colors_info=\u00bb{}\u00bb]<\/p>\n<p><span>Avenida Pequeno Pr\u00edncipe, 1482, loja 03 \u2013 Campeche, Florian\u00f3polis \u2013 SC, Brazil<\/span><\/p>\n<p>[\/et_pb_blurb][\/et_pb_column][et_pb_column type=\u00bb1_3&#8243; _builder_version=\u00bb4.18.0&#8243; _module_preset=\u00bbdefault\u00bb global_colors_info=\u00bb{}\u00bb][et_pb_blurb use_icon=\u00bbon\u00bb font_icon=\u00bb&#xe076;||divi||400&#8243; icon_color=\u00bb#FFFFFF\u00bb icon_placement=\u00bbleft\u00bb image_icon_width=\u00bb27px\u00bb _builder_version=\u00bb4.18.0&#8243; _module_preset=\u00bbdefault\u00bb header_text_color=\u00bb#FFFFFF\u00bb body_text_color=\u00bb#FFFFFF\u00bb body_font_size=\u00bb17px\u00bb body_line_height=\u00bb1.4em\u00bb link_option_url=\u00bbmailto:info@escolamodernademisterios.com.br\u00bb global_colors_info=\u00bb{}\u00bb]<\/p>\n<p>info@escolamodernademisterios.com.br<\/p>\n<p>[\/et_pb_blurb][\/et_pb_column][et_pb_column type=\u00bb1_3&#8243; _builder_version=\u00bb4.18.0&#8243; _module_preset=\u00bbdefault\u00bb global_colors_info=\u00bb{}\u00bb][et_pb_blurb use_icon=\u00bbon\u00bb font_icon=\u00bb&#xe090;||divi||400&#8243; icon_color=\u00bb#FFFFFF\u00bb icon_placement=\u00bbleft\u00bb image_icon_width=\u00bb27px\u00bb _builder_version=\u00bb4.18.0&#8243; _module_preset=\u00bbdefault\u00bb header_text_color=\u00bb#FFFFFF\u00bb body_text_color=\u00bb#FFFFFF\u00bb body_font_size=\u00bb17px\u00bb body_line_height=\u00bb1.4em\u00bb body_font_tablet=\u00bb\u00bb body_font_phone=\u00bb\u00bb body_font_last_edited=\u00bbon|desktop\u00bb global_colors_info=\u00bb{}\u00bb]<\/p>\n<p><span style=\"color: #ffffff;\">+55 48 9 9163 4824<\/span><\/p>\n<p>[\/et_pb_blurb][\/et_pb_column][\/et_pb_row][\/et_pb_section]<\/p>\n","protected":false},"excerpt":{"rendered":"<p>EMPODERE A S\u00cd MISMO Este curso le brindar\u00e1 conceptos metaf\u00edsicos y antiguas ense\u00f1anzas para EMPODERAR su vida con los secretos de los sabios, que fueron mantenidos ocultos a trav\u00e9s de [&hellip;]<\/p>\n","protected":false},"author":1,"featured_media":0,"parent":0,"menu_order":0,"comment_status":"closed","ping_status":"closed","template":"","meta":{"_et_pb_use_builder":"on","_et_pb_old_content":"","_et_gb_content_width":"","footnotes":""},"class_list":["post-987496665","page","type-page","status-publish","hentry"],"yoast_head":"<!-- This site is optimized with the Yoast SEO plugin v27.2 - https:\/\/yoast.com\/product\/yoast-seo-wordpress\/ -->\n<title>Empodere A S\u00ed Mismo | Escola Moderna de Mist\u00e9rios<\/title>\n<meta name=\"robots\" content=\"noindex, follow, max-snippet:-1, max-image-preview:large, max-video-preview:-1\" \/>\n<meta property=\"og:locale\" content=\"es_ES\" \/>\n<meta property=\"og:type\" content=\"article\" \/>\n<meta property=\"og:title\" content=\"Empodere A S\u00ed Mismo | Escola Moderna de Mist\u00e9rios\" \/>\n<meta property=\"og:description\" content=\"EMPODERE A S\u00cd MISMO Este curso le brindar\u00e1 conceptos metaf\u00edsicos y antiguas ense\u00f1anzas para EMPODERAR su vida con los secretos de los sabios, que fueron mantenidos ocultos a trav\u00e9s de [&hellip;]\" \/>\n<meta property=\"og:url\" content=\"https:\/\/escolamodernademisterios.com\/es\/empodere-a-si-mismo\/\" \/>\n<meta property=\"og:site_name\" content=\"Escola Moderna de Mist\u00e9rios\" \/>\n<meta property=\"article:publisher\" content=\"https:\/\/www.facebook.com\/EscolaDeMisteriosBrasil\" \/>\n<meta property=\"article:modified_time\" content=\"2023-05-30T16:41:48+00:00\" \/>\n<meta name=\"twitter:card\" content=\"summary_large_image\" \/>\n<meta name=\"twitter:label1\" content=\"Tiempo de lectura\" \/>\n\t<meta name=\"twitter:data1\" content=\"6 minutos\" \/>\n<script type=\"application\/ld+json\" class=\"yoast-schema-graph\">{\"@context\":\"https:\/\/schema.org\",\"@graph\":[{\"@type\":\"WebPage\",\"@id\":\"https:\/\/escolamodernademisterios.com\/es\/empodere-a-si-mismo\/\",\"url\":\"https:\/\/escolamodernademisterios.com\/es\/empodere-a-si-mismo\/\",\"name\":\"Empodere A S\u00ed Mismo | Escola Moderna de Mist\u00e9rios\",\"isPartOf\":{\"@id\":\"https:\/\/escolamodernademisterios.com\/es\/#website\"},\"datePublished\":\"2022-02-19T23:50:07+00:00\",\"dateModified\":\"2023-05-30T16:41:48+00:00\",\"breadcrumb\":{\"@id\":\"https:\/\/escolamodernademisterios.com\/es\/empodere-a-si-mismo\/#breadcrumb\"},\"inLanguage\":\"es\",\"potentialAction\":[{\"@type\":\"ReadAction\",\"target\":[\"https:\/\/escolamodernademisterios.com\/es\/empodere-a-si-mismo\/\"]}]},{\"@type\":\"BreadcrumbList\",\"@id\":\"https:\/\/escolamodernademisterios.com\/es\/empodere-a-si-mismo\/#breadcrumb\",\"itemListElement\":[{\"@type\":\"ListItem\",\"position\":1,\"name\":\"In\u00edcio\",\"item\":\"https:\/\/escolamodernademisterios.com\/es\/987496733-2\/\"},{\"@type\":\"ListItem\",\"position\":2,\"name\":\"Empodere A S\u00ed Mismo\"}]},{\"@type\":\"WebSite\",\"@id\":\"https:\/\/escolamodernademisterios.com\/es\/#website\",\"url\":\"https:\/\/escolamodernademisterios.com\/es\/\",\"name\":\"Escola Moderna de Mist\u00e9rios\",\"description\":\"N\u00f3s somos uma Escola de Mist\u00e9rios que acredita no empoderamento de todos os seres humanos para viver uma vida de paz, alegria, sucesso, abund\u00e2ncia, harmonia e alinhamento com seu prop\u00f3sito individual. Acreditamos que a descoberta do potencial individual faz parte da experi\u00eancia da vida e \u00e9 parte do crescimento espiritual e f\u00edsico.\",\"publisher\":{\"@id\":\"https:\/\/escolamodernademisterios.com\/es\/#organization\"},\"potentialAction\":[{\"@type\":\"SearchAction\",\"target\":{\"@type\":\"EntryPoint\",\"urlTemplate\":\"https:\/\/escolamodernademisterios.com\/es\/?s={search_term_string}\"},\"query-input\":{\"@type\":\"PropertyValueSpecification\",\"valueRequired\":true,\"valueName\":\"search_term_string\"}}],\"inLanguage\":\"es\"},{\"@type\":\"Organization\",\"@id\":\"https:\/\/escolamodernademisterios.com\/es\/#organization\",\"name\":\"Escola Moderna de Mist\u00e9rios\",\"url\":\"https:\/\/escolamodernademisterios.com\/es\/\",\"logo\":{\"@type\":\"ImageObject\",\"inLanguage\":\"es\",\"@id\":\"https:\/\/escolamodernademisterios.com\/es\/#\/schema\/logo\/image\/\",\"url\":\"https:\/\/escolamodernademisterios.com\/wp-content\/uploads\/2023\/06\/Logo-696x696-1.png\",\"contentUrl\":\"https:\/\/escolamodernademisterios.com\/wp-content\/uploads\/2023\/06\/Logo-696x696-1.png\",\"width\":675,\"height\":696,\"caption\":\"Escola Moderna de Mist\u00e9rios\"},\"image\":{\"@id\":\"https:\/\/escolamodernademisterios.com\/es\/#\/schema\/logo\/image\/\"},\"sameAs\":[\"https:\/\/www.facebook.com\/EscolaDeMisteriosBrasil\",\"https:\/\/www.instagram.com\/escola_modernademisterios\/\"]}]}<\/script>\n<!-- \/ Yoast SEO plugin. -->","yoast_head_json":{"title":"Empodere A S\u00ed Mismo | Escola Moderna de Mist\u00e9rios","robots":{"index":"noindex","follow":"follow","max-snippet":"max-snippet:-1","max-image-preview":"max-image-preview:large","max-video-preview":"max-video-preview:-1"},"og_locale":"es_ES","og_type":"article","og_title":"Empodere A S\u00ed Mismo | Escola Moderna de Mist\u00e9rios","og_description":"EMPODERE A S\u00cd MISMO Este curso le brindar\u00e1 conceptos metaf\u00edsicos y antiguas ense\u00f1anzas para EMPODERAR su vida con los secretos de los sabios, que fueron mantenidos ocultos a trav\u00e9s de [&hellip;]","og_url":"https:\/\/escolamodernademisterios.com\/es\/empodere-a-si-mismo\/","og_site_name":"Escola Moderna de Mist\u00e9rios","article_publisher":"https:\/\/www.facebook.com\/EscolaDeMisteriosBrasil","article_modified_time":"2023-05-30T16:41:48+00:00","twitter_card":"summary_large_image","twitter_misc":{"Tiempo de lectura":"6 minutos"},"schema":{"@context":"https:\/\/schema.org","@graph":[{"@type":"WebPage","@id":"https:\/\/escolamodernademisterios.com\/es\/empodere-a-si-mismo\/","url":"https:\/\/escolamodernademisterios.com\/es\/empodere-a-si-mismo\/","name":"Empodere A S\u00ed Mismo | Escola Moderna de Mist\u00e9rios","isPartOf":{"@id":"https:\/\/escolamodernademisterios.com\/es\/#website"},"datePublished":"2022-02-19T23:50:07+00:00","dateModified":"2023-05-30T16:41:48+00:00","breadcrumb":{"@id":"https:\/\/escolamodernademisterios.com\/es\/empodere-a-si-mismo\/#breadcrumb"},"inLanguage":"es","potentialAction":[{"@type":"ReadAction","target":["https:\/\/escolamodernademisterios.com\/es\/empodere-a-si-mismo\/"]}]},{"@type":"BreadcrumbList","@id":"https:\/\/escolamodernademisterios.com\/es\/empodere-a-si-mismo\/#breadcrumb","itemListElement":[{"@type":"ListItem","position":1,"name":"In\u00edcio","item":"https:\/\/escolamodernademisterios.com\/es\/987496733-2\/"},{"@type":"ListItem","position":2,"name":"Empodere A S\u00ed Mismo"}]},{"@type":"WebSite","@id":"https:\/\/escolamodernademisterios.com\/es\/#website","url":"https:\/\/escolamodernademisterios.com\/es\/","name":"Escola Moderna de Mist\u00e9rios","description":"N\u00f3s somos uma Escola de Mist\u00e9rios que acredita no empoderamento de todos os seres humanos para viver uma vida de paz, alegria, sucesso, abund\u00e2ncia, harmonia e alinhamento com seu prop\u00f3sito individual. Acreditamos que a descoberta do potencial individual faz parte da experi\u00eancia da vida e \u00e9 parte do crescimento espiritual e f\u00edsico.","publisher":{"@id":"https:\/\/escolamodernademisterios.com\/es\/#organization"},"potentialAction":[{"@type":"SearchAction","target":{"@type":"EntryPoint","urlTemplate":"https:\/\/escolamodernademisterios.com\/es\/?s={search_term_string}"},"query-input":{"@type":"PropertyValueSpecification","valueRequired":true,"valueName":"search_term_string"}}],"inLanguage":"es"},{"@type":"Organization","@id":"https:\/\/escolamodernademisterios.com\/es\/#organization","name":"Escola Moderna de Mist\u00e9rios","url":"https:\/\/escolamodernademisterios.com\/es\/","logo":{"@type":"ImageObject","inLanguage":"es","@id":"https:\/\/escolamodernademisterios.com\/es\/#\/schema\/logo\/image\/","url":"https:\/\/escolamodernademisterios.com\/wp-content\/uploads\/2023\/06\/Logo-696x696-1.png","contentUrl":"https:\/\/escolamodernademisterios.com\/wp-content\/uploads\/2023\/06\/Logo-696x696-1.png","width":675,"height":696,"caption":"Escola Moderna de Mist\u00e9rios"},"image":{"@id":"https:\/\/escolamodernademisterios.com\/es\/#\/schema\/logo\/image\/"},"sameAs":["https:\/\/www.facebook.com\/EscolaDeMisteriosBrasil","https:\/\/www.instagram.com\/escola_modernademisterios\/"]}]}},"_links":{"self":[{"href":"https:\/\/escolamodernademisterios.com\/es\/wp-json\/wp\/v2\/pages\/987496665","targetHints":{"allow":["GET"]}}],"collection":[{"href":"https:\/\/escolamodernademisterios.com\/es\/wp-json\/wp\/v2\/pages"}],"about":[{"href":"https:\/\/escolamodernademisterios.com\/es\/wp-json\/wp\/v2\/types\/page"}],"author":[{"embeddable":true,"href":"https:\/\/escolamodernademisterios.com\/es\/wp-json\/wp\/v2\/users\/1"}],"replies":[{"embeddable":true,"href":"https:\/\/escolamodernademisterios.com\/es\/wp-json\/wp\/v2\/comments?post=987496665"}],"version-history":[{"count":6,"href":"https:\/\/escolamodernademisterios.com\/es\/wp-json\/wp\/v2\/pages\/987496665\/revisions"}],"predecessor-version":[{"id":987497100,"href":"https:\/\/escolamodernademisterios.com\/es\/wp-json\/wp\/v2\/pages\/987496665\/revisions\/987497100"}],"wp:attachment":[{"href":"https:\/\/escolamodernademisterios.com\/es\/wp-json\/wp\/v2\/media?parent=987496665"}],"curies":[{"name":"wp","href":"https:\/\/api.w.org\/{rel}","templated":true}]}}