{"id":987496668,"date":"2022-02-11T16:39:31","date_gmt":"2022-02-11T19:39:31","guid":{"rendered":"https:\/\/escolamodernademisterios.com\/academia-de-cura\/"},"modified":"2023-03-06T10:27:55","modified_gmt":"2023-03-06T13:27:55","slug":"academia-de-cura","status":"publish","type":"page","link":"https:\/\/escolamodernademisterios.com\/es\/academia-de-cura\/","title":{"rendered":"Academia de Cura"},"content":{"rendered":"<p>[et_pb_section fb_built=\u00bb1&#8243; _builder_version=\u00bb4.18.0&#8243; _module_preset=\u00bbdefault\u00bb background_image=\u00bbhttps:\/\/escolamodernademisterios.com\/wp-content\/uploads\/2022\/12\/QUEM-SOMOS-7.png\u00bb min_height=\u00bb399px\u00bb custom_margin=\u00bb15px||||false|false\u00bb custom_margin_tablet=\u00bb-150px||-150px||false|false\u00bb custom_margin_phone=\u00bb-150px||-200px||false|false\u00bb custom_margin_last_edited=\u00bbon|phone\u00bb custom_padding=\u00bb0%||68px|6px|false|false\u00bb hover_enabled=\u00bb0&#8243; background_last_edited=\u00bbon|phone\u00bb background_size_tablet=\u00bbcontain\u00bb global_colors_info=\u00bb{}\u00bb sticky_enabled=\u00bb0&#8243;][et_pb_row column_structure=\u00bb1_2,1_2&#8243; _builder_version=\u00bb4.17.0&#8243; _module_preset=\u00bbdefault\u00bb custom_padding=\u00bb288px|113px|3px|||\u00bb global_colors_info=\u00bb{}\u00bb][et_pb_column type=\u00bb1_2&#8243; _builder_version=\u00bb4.17.0&#8243; _module_preset=\u00bbdefault\u00bb global_colors_info=\u00bb{}\u00bb][\/et_pb_column][et_pb_column type=\u00bb1_2&#8243; _builder_version=\u00bb4.17.0&#8243; _module_preset=\u00bbdefault\u00bb global_colors_info=\u00bb{}\u00bb][\/et_pb_column][\/et_pb_row][et_pb_row custom_padding_last_edited=\u00bbon|phone\u00bb _builder_version=\u00bb4.18.0&#8243; _module_preset=\u00bbdefault\u00bb custom_padding=\u00bb||259px|||\u00bb custom_padding_tablet=\u00bb||221px|||\u00bb custom_padding_phone=\u00bb||100px||false|false\u00bb global_colors_info=\u00bb{}\u00bb][et_pb_column type=\u00bb4_4&#8243; _builder_version=\u00bb4.18.0&#8243; _module_preset=\u00bbdefault\u00bb global_colors_info=\u00bb{}\u00bb][\/et_pb_column][\/et_pb_row][\/et_pb_section][et_pb_section fb_built=\u00bb1&#8243; admin_label=\u00bbCountdown Section\u00bb _builder_version=\u00bb4.16&#8243; custom_margin=\u00bb1px|||||\u00bb custom_padding=\u00bb60px||100px|||\u00bb animation_style=\u00bbzoom\u00bb animation_direction=\u00bbbottom\u00bb animation_intensity_zoom=\u00bb4%\u00bb global_colors_info=\u00bb{}\u00bb][et_pb_row admin_label=\u00bbCountdown Title\u00bb _builder_version=\u00bb4.16&#8243; background_color=\u00bb#FFFFFF\u00bb background_size=\u00bbinitial\u00bb background_position=\u00bbtop_left\u00bb background_repeat=\u00bbrepeat\u00bb custom_padding=\u00bb1px|||||\u00bb global_colors_info=\u00bb{}\u00bb][et_pb_column type=\u00bb4_4&#8243; _builder_version=\u00bb4.16&#8243; custom_padding=\u00bb|||\u00bb global_colors_info=\u00bb{}\u00bb custom_padding__hover=\u00bb|||\u00bb][et_pb_text _builder_version=\u00bb4.18.0&#8243; _module_preset=\u00bbdefault\u00bb text_line_height=\u00bb1.5em\u00bb background_color=\u00bb#FFFFFF\u00bb width=\u00bb100%\u00bb custom_margin=\u00bb0px|-6px||1px|false|false\u00bb custom_padding=\u00bb|0px||0px|false|false\u00bb header_2_font_size_tablet=\u00bb\u00bb header_2_font_size_phone=\u00bb22px\u00bb header_2_font_size_last_edited=\u00bbon|phone\u00bb global_colors_info=\u00bb{}\u00bb]<\/p>\n<h2>ACADEMIA DE CURA 1<\/h2>\n<p>La Escuela Moderna de Misterios es una organizaci\u00f3n internacional que provee individuos con conocimiento a todo el mundo, herramientas y soporte para crecimiento personal y espiritual y empoderamiento. La Academia de Cura le otorga una certificaci\u00f3n intensiva de 5 d\u00edas en la que se le ofrece la t\u00e9cnica para iniciar su propio negocio espiritual o mejorar el ya existente.<\/p>\n<p>La Academia de Cura 1 lo certifica para proveer Activaci\u00f3n de Vida y la Sesi\u00f3n de equilibrio completa, tambi\u00e9n ense\u00f1a c\u00f3mo facilitar el workshop de Max Meditation System<span>\u2122<\/span>.<\/p>\n<p>H\u00e1gase un Activador de Vidas Certificado y:<\/p>\n<ul>\n<li>C\u00farese para poder sanar a otros<\/li>\n<li>Empod\u00e9rese para poder empoderar a otros<\/li>\n<li>Encuentre su prop\u00f3sito en la vida y despierte el prop\u00f3sito de otras personas a trav\u00e9s de la Activa\u00e7\u00e3o de Vida<\/li>\n<li>\u00a1Brinde cura energ\u00e9tica y sesi\u00f3n de equilibrio para sus clientes!<\/li>\n<li>\u00a1Acceda a los diversos sistemas energ\u00e9ticos de los humanos!<\/li>\n<li>\u00a1Aprenda c\u00f3mo la Luz puede curar y transformar a las personas!<\/li>\n<li>\u00a1Aprenda c\u00f3mo hacer la diferencia en el mundo!<\/li>\n<li>\u00a1&#8230; y mucho m\u00e1s!<\/li>\n<\/ul>\n<p><a href=\"mailto:%20info@mmsbrazil.com\"><strong>Comun\u00edquese con la Escuela Moderna de Misterios<\/strong><\/a> para descubrir cu\u00e1ndo se ofrecer\u00e1 la pr\u00f3xima Academia de Cura 1.<\/p>\n<p>&nbsp;<\/p>\n<p>[\/et_pb_text][et_pb_text _builder_version=\u00bb4.18.0&#8243; _module_preset=\u00bbdefault\u00bb text_line_height=\u00bb1.5em\u00bb header_2_font_size=\u00bb29px\u00bb background_color=\u00bb#FFFFFF\u00bb width=\u00bb100%\u00bb custom_margin=\u00bb0px|-6px||1px|false|false\u00bb custom_padding=\u00bb|0px||0px|false|false\u00bb header_2_font_size_tablet=\u00bb29px\u00bb header_2_font_size_phone=\u00bb23px\u00bb header_2_font_size_last_edited=\u00bbon|phone\u00bb global_colors_info=\u00bb{}\u00bb]<\/p>\n<h2>ACADEMIA DE CURA 2<\/h2>\n<ul>\n<li>Como graduado de la Academia de Cura 1, ser\u00e1 habilitado para atender el pr\u00f3ximo nivel de entrenamiento de Curador con la Academia de Cura 2. Un curso intensivo de 6 d\u00edas en el que ser\u00e1 entrenado en 10 modalidades de sanaci\u00f3n diferentes, incluyendo: &#8211; Activaci\u00f3n de Esp\u00edritu\n<p>&#8211; Lectura del 11\u00ba Codon<\/p>\n<p>&#8211; Centella de Vida<\/p>\n<p>&#8211; Sanaci\u00f3n con L\u00e1ser<\/p>\n<p>&#8211; Reflexolog\u00eda de la Espiral Dorada<\/p>\n<p>&#8211; Equilibrio de los Meridianos<\/p>\n<p>&#8211; Sanaci\u00f3n Cham\u00e1nica del Aura<\/p>\n<p>&#8211; Despertar del \u00c1rbol de la Vida<\/p>\n<p>&#8211; Despertar de los Chakras<\/p>\n<p>Despu\u00e9s de la graduaci\u00f3n, usted ser\u00e1 considerado un Sanador Certificado por la Escuela Moderna de Misterios, equipado con una multitud de modalidades de sanaci\u00f3n que le posibilitar\u00e1n ayudar a otros en su camino de progreso, por medio de sanaci\u00f3n y equilibrio de sus energ\u00edas.<\/p>\n<p><a href=\"mailto:%20info@mmsbrazil.com\"><strong>Comun\u00edquese con la Escuela Moderna de Misterios<\/strong><\/a> para descubrir cu\u00e1ndo se ofrecer\u00e1 la pr\u00f3xima Academia de Cura 2.<\/p>\n<p>&nbsp;<\/p>\n<p><strong>Todos los participantes de las Academias de Cura son introducidos al C\u00f3digo de \u00c9tica de la Escuela Moderna de Misterios y se les exige el compromiso de mantener el m\u00e1s alto nivel de profesionalismo e integridad en el trabajo que hagan. <\/strong><\/p>\n<\/li>\n<\/ul>\n<p>&nbsp;<\/p>\n<p>[\/et_pb_text][et_pb_text _builder_version=\u00bb4.18.0&#8243; _module_preset=\u00bbdefault\u00bb text_line_height=\u00bb1.5em\u00bb header_2_font_size=\u00bb23px\u00bb header_3_font_size=\u00bb29px\u00bb background_color=\u00bb#FFFFFF\u00bb width=\u00bb100%\u00bb custom_margin=\u00bb0px|-6px||1px|false|false\u00bb custom_padding=\u00bb|0px||0px|false|false\u00bb header_2_font_size_tablet=\u00bb29px\u00bb header_2_font_size_phone=\u00bb29px\u00bb header_2_font_size_last_edited=\u00bbon|tablet\u00bb header_3_font_size_tablet=\u00bb29px\u00bb header_3_font_size_phone=\u00bb23px\u00bb header_3_font_size_last_edited=\u00bbon|phone\u00bb global_colors_info=\u00bb{}\u00bb]<\/p>\n<h3><strong>EL PRIMER PASO<\/strong><\/h3>\n<p>Conozca un Gu\u00eda Certificado o un Activador de Vida de la Escuela Moderna de Misterios para una <a href=\"mailto:%20info@mmsbrazil.com\"><strong>consulta personal<\/strong><\/a>.<\/p>\n<p>Esa consulta sin obligaci\u00f3n permitir\u00e1 que usted se conecte con uno de los experimentados profesores y\/o practicantes de la Escuela Moderna de Misterios, ellos le informar\u00e1n que es lo que est\u00e1 disponible para usted. Tendr\u00e1 la oportunidad de expresarse, compartir lo que est\u00e1 buscando en la vida, espiritualmente o de otra forma, y podremos guiarlo mejor para alcanzar resultados verdaderos.<\/p>\n<p>Un flujo efectivo de progreso generalmente empieza con la sesi\u00f3n de Activaci\u00f3n de Vida, seguida del programa Empodere a S\u00ed Mismo e Iniciaci\u00f3n. Este es un m\u00e9todo t\u00edpico que ha tenido \u00e9xito durante miles de a\u00f1os en nuestro linaje, sin embargo, tenemos muchas modalidades, servicios, activaciones, talleres y clases que podemos recomendarle, todo de acuerdo con sus necesidades. Vea nuestras p\u00e1ginas de Servicios y Cursos. Si algo le llama la atenci\u00f3n, com\u00e9ntelo en su consulta para discutirlo m\u00e1s a fondo.<\/p>\n<p>[\/et_pb_text][\/et_pb_column][\/et_pb_row][\/et_pb_section][et_pb_section fb_built=\u00bb1&#8243; _builder_version=\u00bb4.18.0&#8243; _module_preset=\u00bbdefault\u00bb background_color=\u00bb#d3b779&#8243; custom_padding=\u00bb0px||0px|||\u00bb global_module=\u00bb987495444&#8243; global_colors_info=\u00bb{}\u00bb][et_pb_row column_structure=\u00bb1_3,1_3,1_3&#8243; _builder_version=\u00bb4.18.0&#8243; _module_preset=\u00bbdefault\u00bb global_colors_info=\u00bb{}\u00bb][et_pb_column type=\u00bb1_3&#8243; _builder_version=\u00bb4.18.0&#8243; _module_preset=\u00bbdefault\u00bb global_colors_info=\u00bb{}\u00bb][et_pb_blurb use_icon=\u00bbon\u00bb font_icon=\u00bb&#xe081;||divi||400&#8243; icon_color=\u00bb#FFFFFF\u00bb icon_placement=\u00bbleft\u00bb image_icon_width=\u00bb27px\u00bb _builder_version=\u00bb4.18.0&#8243; _module_preset=\u00bbdefault\u00bb header_text_color=\u00bb#FFFFFF\u00bb body_text_color=\u00bb#FFFFFF\u00bb body_font_size=\u00bb17px\u00bb body_line_height=\u00bb1.4em\u00bb global_colors_info=\u00bb{}\u00bb]<\/p>\n<p><span>Avenida Pequeno Pr\u00edncipe, 1482, loja 03 \u2013 Campeche, Florian\u00f3polis \u2013 SC, Brazil<\/span><\/p>\n<p>[\/et_pb_blurb][\/et_pb_column][et_pb_column type=\u00bb1_3&#8243; _builder_version=\u00bb4.18.0&#8243; _module_preset=\u00bbdefault\u00bb global_colors_info=\u00bb{}\u00bb][et_pb_blurb use_icon=\u00bbon\u00bb font_icon=\u00bb&#xe076;||divi||400&#8243; icon_color=\u00bb#FFFFFF\u00bb icon_placement=\u00bbleft\u00bb image_icon_width=\u00bb27px\u00bb _builder_version=\u00bb4.18.0&#8243; _module_preset=\u00bbdefault\u00bb header_text_color=\u00bb#FFFFFF\u00bb body_text_color=\u00bb#FFFFFF\u00bb body_font_size=\u00bb17px\u00bb body_line_height=\u00bb1.4em\u00bb link_option_url=\u00bbmailto:info@escolamodernademisterios.com.br\u00bb global_colors_info=\u00bb{}\u00bb]<\/p>\n<p>info@escolamodernademisterios.com.br<\/p>\n<p>[\/et_pb_blurb][\/et_pb_column][et_pb_column type=\u00bb1_3&#8243; _builder_version=\u00bb4.18.0&#8243; _module_preset=\u00bbdefault\u00bb global_colors_info=\u00bb{}\u00bb][et_pb_blurb use_icon=\u00bbon\u00bb font_icon=\u00bb&#xe090;||divi||400&#8243; icon_color=\u00bb#FFFFFF\u00bb icon_placement=\u00bbleft\u00bb image_icon_width=\u00bb27px\u00bb _builder_version=\u00bb4.18.0&#8243; _module_preset=\u00bbdefault\u00bb header_text_color=\u00bb#FFFFFF\u00bb body_text_color=\u00bb#FFFFFF\u00bb body_font_size=\u00bb17px\u00bb body_line_height=\u00bb1.4em\u00bb body_font_tablet=\u00bb\u00bb body_font_phone=\u00bb\u00bb body_font_last_edited=\u00bbon|desktop\u00bb global_colors_info=\u00bb{}\u00bb]<\/p>\n<p><span style=\"color: #ffffff;\">+55 48 9 9163 4824<\/span><\/p>\n<p>[\/et_pb_blurb][\/et_pb_column][\/et_pb_row][\/et_pb_section]<\/p>\n","protected":false},"excerpt":{"rendered":"<p>ACADEMIA DE CURA 1 La Escuela Moderna de Misterios es una organizaci\u00f3n internacional que provee individuos con conocimiento a todo el mundo, herramientas y soporte para crecimiento personal y espiritual [&hellip;]<\/p>\n","protected":false},"author":1,"featured_media":0,"parent":0,"menu_order":0,"comment_status":"closed","ping_status":"closed","template":"","meta":{"_et_pb_use_builder":"on","_et_pb_old_content":"","_et_gb_content_width":"","footnotes":""},"class_list":["post-987496668","page","type-page","status-publish","hentry"],"yoast_head":"<!-- This site is optimized with the Yoast SEO plugin v27.2 - https:\/\/yoast.com\/product\/yoast-seo-wordpress\/ -->\n<title>Academia de Cura | Escola Moderna de Mist\u00e9rios<\/title>\n<meta name=\"robots\" content=\"noindex, follow, max-snippet:-1, max-image-preview:large, max-video-preview:-1\" \/>\n<meta property=\"og:locale\" content=\"es_ES\" \/>\n<meta property=\"og:type\" content=\"article\" \/>\n<meta property=\"og:title\" content=\"Academia de Cura | Escola Moderna de Mist\u00e9rios\" \/>\n<meta property=\"og:description\" content=\"ACADEMIA DE CURA 1 La Escuela Moderna de Misterios es una organizaci\u00f3n internacional que provee individuos con conocimiento a todo el mundo, herramientas y soporte para crecimiento personal y espiritual [&hellip;]\" \/>\n<meta property=\"og:url\" content=\"https:\/\/escolamodernademisterios.com\/es\/academia-de-cura\/\" \/>\n<meta property=\"og:site_name\" content=\"Escola Moderna de Mist\u00e9rios\" \/>\n<meta property=\"article:publisher\" content=\"https:\/\/www.facebook.com\/EscolaDeMisteriosBrasil\" \/>\n<meta property=\"article:modified_time\" content=\"2023-03-06T13:27:55+00:00\" \/>\n<meta name=\"twitter:card\" content=\"summary_large_image\" \/>\n<meta name=\"twitter:label1\" content=\"Tiempo de lectura\" \/>\n\t<meta name=\"twitter:data1\" content=\"7 minutos\" \/>\n<script type=\"application\/ld+json\" class=\"yoast-schema-graph\">{\"@context\":\"https:\/\/schema.org\",\"@graph\":[{\"@type\":\"WebPage\",\"@id\":\"https:\/\/escolamodernademisterios.com\/es\/academia-de-cura\/\",\"url\":\"https:\/\/escolamodernademisterios.com\/es\/academia-de-cura\/\",\"name\":\"Academia de Cura | Escola Moderna de Mist\u00e9rios\",\"isPartOf\":{\"@id\":\"https:\/\/escolamodernademisterios.com\/es\/#website\"},\"datePublished\":\"2022-02-11T19:39:31+00:00\",\"dateModified\":\"2023-03-06T13:27:55+00:00\",\"breadcrumb\":{\"@id\":\"https:\/\/escolamodernademisterios.com\/es\/academia-de-cura\/#breadcrumb\"},\"inLanguage\":\"es\",\"potentialAction\":[{\"@type\":\"ReadAction\",\"target\":[\"https:\/\/escolamodernademisterios.com\/es\/academia-de-cura\/\"]}]},{\"@type\":\"BreadcrumbList\",\"@id\":\"https:\/\/escolamodernademisterios.com\/es\/academia-de-cura\/#breadcrumb\",\"itemListElement\":[{\"@type\":\"ListItem\",\"position\":1,\"name\":\"In\u00edcio\",\"item\":\"https:\/\/escolamodernademisterios.com\/es\/987496733-2\/\"},{\"@type\":\"ListItem\",\"position\":2,\"name\":\"Academia de Cura\"}]},{\"@type\":\"WebSite\",\"@id\":\"https:\/\/escolamodernademisterios.com\/es\/#website\",\"url\":\"https:\/\/escolamodernademisterios.com\/es\/\",\"name\":\"Escola Moderna de Mist\u00e9rios\",\"description\":\"N\u00f3s somos uma Escola de Mist\u00e9rios que acredita no empoderamento de todos os seres humanos para viver uma vida de paz, alegria, sucesso, abund\u00e2ncia, harmonia e alinhamento com seu prop\u00f3sito individual. Acreditamos que a descoberta do potencial individual faz parte da experi\u00eancia da vida e \u00e9 parte do crescimento espiritual e f\u00edsico.\",\"publisher\":{\"@id\":\"https:\/\/escolamodernademisterios.com\/es\/#organization\"},\"potentialAction\":[{\"@type\":\"SearchAction\",\"target\":{\"@type\":\"EntryPoint\",\"urlTemplate\":\"https:\/\/escolamodernademisterios.com\/es\/?s={search_term_string}\"},\"query-input\":{\"@type\":\"PropertyValueSpecification\",\"valueRequired\":true,\"valueName\":\"search_term_string\"}}],\"inLanguage\":\"es\"},{\"@type\":\"Organization\",\"@id\":\"https:\/\/escolamodernademisterios.com\/es\/#organization\",\"name\":\"Escola Moderna de Mist\u00e9rios\",\"url\":\"https:\/\/escolamodernademisterios.com\/es\/\",\"logo\":{\"@type\":\"ImageObject\",\"inLanguage\":\"es\",\"@id\":\"https:\/\/escolamodernademisterios.com\/es\/#\/schema\/logo\/image\/\",\"url\":\"https:\/\/escolamodernademisterios.com\/wp-content\/uploads\/2023\/06\/Logo-696x696-1.png\",\"contentUrl\":\"https:\/\/escolamodernademisterios.com\/wp-content\/uploads\/2023\/06\/Logo-696x696-1.png\",\"width\":675,\"height\":696,\"caption\":\"Escola Moderna de Mist\u00e9rios\"},\"image\":{\"@id\":\"https:\/\/escolamodernademisterios.com\/es\/#\/schema\/logo\/image\/\"},\"sameAs\":[\"https:\/\/www.facebook.com\/EscolaDeMisteriosBrasil\",\"https:\/\/www.instagram.com\/escola_modernademisterios\/\"]}]}<\/script>\n<!-- \/ Yoast SEO plugin. -->","yoast_head_json":{"title":"Academia de Cura | Escola Moderna de Mist\u00e9rios","robots":{"index":"noindex","follow":"follow","max-snippet":"max-snippet:-1","max-image-preview":"max-image-preview:large","max-video-preview":"max-video-preview:-1"},"og_locale":"es_ES","og_type":"article","og_title":"Academia de Cura | Escola Moderna de Mist\u00e9rios","og_description":"ACADEMIA DE CURA 1 La Escuela Moderna de Misterios es una organizaci\u00f3n internacional que provee individuos con conocimiento a todo el mundo, herramientas y soporte para crecimiento personal y espiritual [&hellip;]","og_url":"https:\/\/escolamodernademisterios.com\/es\/academia-de-cura\/","og_site_name":"Escola Moderna de Mist\u00e9rios","article_publisher":"https:\/\/www.facebook.com\/EscolaDeMisteriosBrasil","article_modified_time":"2023-03-06T13:27:55+00:00","twitter_card":"summary_large_image","twitter_misc":{"Tiempo de lectura":"7 minutos"},"schema":{"@context":"https:\/\/schema.org","@graph":[{"@type":"WebPage","@id":"https:\/\/escolamodernademisterios.com\/es\/academia-de-cura\/","url":"https:\/\/escolamodernademisterios.com\/es\/academia-de-cura\/","name":"Academia de Cura | Escola Moderna de Mist\u00e9rios","isPartOf":{"@id":"https:\/\/escolamodernademisterios.com\/es\/#website"},"datePublished":"2022-02-11T19:39:31+00:00","dateModified":"2023-03-06T13:27:55+00:00","breadcrumb":{"@id":"https:\/\/escolamodernademisterios.com\/es\/academia-de-cura\/#breadcrumb"},"inLanguage":"es","potentialAction":[{"@type":"ReadAction","target":["https:\/\/escolamodernademisterios.com\/es\/academia-de-cura\/"]}]},{"@type":"BreadcrumbList","@id":"https:\/\/escolamodernademisterios.com\/es\/academia-de-cura\/#breadcrumb","itemListElement":[{"@type":"ListItem","position":1,"name":"In\u00edcio","item":"https:\/\/escolamodernademisterios.com\/es\/987496733-2\/"},{"@type":"ListItem","position":2,"name":"Academia de Cura"}]},{"@type":"WebSite","@id":"https:\/\/escolamodernademisterios.com\/es\/#website","url":"https:\/\/escolamodernademisterios.com\/es\/","name":"Escola Moderna de Mist\u00e9rios","description":"N\u00f3s somos uma Escola de Mist\u00e9rios que acredita no empoderamento de todos os seres humanos para viver uma vida de paz, alegria, sucesso, abund\u00e2ncia, harmonia e alinhamento com seu prop\u00f3sito individual. Acreditamos que a descoberta do potencial individual faz parte da experi\u00eancia da vida e \u00e9 parte do crescimento espiritual e f\u00edsico.","publisher":{"@id":"https:\/\/escolamodernademisterios.com\/es\/#organization"},"potentialAction":[{"@type":"SearchAction","target":{"@type":"EntryPoint","urlTemplate":"https:\/\/escolamodernademisterios.com\/es\/?s={search_term_string}"},"query-input":{"@type":"PropertyValueSpecification","valueRequired":true,"valueName":"search_term_string"}}],"inLanguage":"es"},{"@type":"Organization","@id":"https:\/\/escolamodernademisterios.com\/es\/#organization","name":"Escola Moderna de Mist\u00e9rios","url":"https:\/\/escolamodernademisterios.com\/es\/","logo":{"@type":"ImageObject","inLanguage":"es","@id":"https:\/\/escolamodernademisterios.com\/es\/#\/schema\/logo\/image\/","url":"https:\/\/escolamodernademisterios.com\/wp-content\/uploads\/2023\/06\/Logo-696x696-1.png","contentUrl":"https:\/\/escolamodernademisterios.com\/wp-content\/uploads\/2023\/06\/Logo-696x696-1.png","width":675,"height":696,"caption":"Escola Moderna de Mist\u00e9rios"},"image":{"@id":"https:\/\/escolamodernademisterios.com\/es\/#\/schema\/logo\/image\/"},"sameAs":["https:\/\/www.facebook.com\/EscolaDeMisteriosBrasil","https:\/\/www.instagram.com\/escola_modernademisterios\/"]}]}},"_links":{"self":[{"href":"https:\/\/escolamodernademisterios.com\/es\/wp-json\/wp\/v2\/pages\/987496668","targetHints":{"allow":["GET"]}}],"collection":[{"href":"https:\/\/escolamodernademisterios.com\/es\/wp-json\/wp\/v2\/pages"}],"about":[{"href":"https:\/\/escolamodernademisterios.com\/es\/wp-json\/wp\/v2\/types\/page"}],"author":[{"embeddable":true,"href":"https:\/\/escolamodernademisterios.com\/es\/wp-json\/wp\/v2\/users\/1"}],"replies":[{"embeddable":true,"href":"https:\/\/escolamodernademisterios.com\/es\/wp-json\/wp\/v2\/comments?post=987496668"}],"version-history":[{"count":5,"href":"https:\/\/escolamodernademisterios.com\/es\/wp-json\/wp\/v2\/pages\/987496668\/revisions"}],"predecessor-version":[{"id":987496673,"href":"https:\/\/escolamodernademisterios.com\/es\/wp-json\/wp\/v2\/pages\/987496668\/revisions\/987496673"}],"wp:attachment":[{"href":"https:\/\/escolamodernademisterios.com\/es\/wp-json\/wp\/v2\/media?parent=987496668"}],"curies":[{"name":"wp","href":"https:\/\/api.w.org\/{rel}","templated":true}]}}