{"id":987496690,"date":"2021-02-04T16:12:48","date_gmt":"2021-02-04T19:12:48","guid":{"rendered":"https:\/\/escolamodernademisterios.com\/meditaciones\/"},"modified":"2023-03-13T11:03:36","modified_gmt":"2023-03-13T14:03:36","slug":"meditaciones","status":"publish","type":"page","link":"https:\/\/escolamodernademisterios.com\/es\/meditaciones\/","title":{"rendered":"Meditaciones"},"content":{"rendered":"<p>[et_pb_section fb_built=\u00bb1&#8243; theme_builder_area=\u00bbpost_content\u00bb specialty=\u00bbon\u00bb _builder_version=\u00bb4.19.4&#8243; _module_preset=\u00bbdefault\u00bb][et_pb_column type=\u00bb3_4&#8243; specialty_columns=\u00bb3&#8243; theme_builder_area=\u00bbpost_content\u00bb][et_pb_row_inner admin_label=\u00bbCountdown Title\u00bb _builder_version=\u00bb4.18.0&#8243; background_color=\u00bb#FFFFFF\u00bb background_size=\u00bbinitial\u00bb background_position=\u00bbtop_left\u00bb background_repeat=\u00bbrepeat\u00bb custom_margin=\u00bb0px|auto||auto|false|false\u00bb custom_padding=\u00bb57px||0px||false|false\u00bb global_colors_info=\u00bb{}\u00bb theme_builder_area=\u00bbpost_content\u00bb][et_pb_column_inner _builder_version=\u00bb4.16&#8243; custom_padding=\u00bb|||\u00bb global_colors_info=\u00bb{}\u00bb custom_padding__hover=\u00bb|||\u00bb saved_specialty_column_type=\u00bb3_4&#8243; theme_builder_area=\u00bbpost_content\u00bb][et_pb_text _builder_version=\u00bb4.18.0&#8243; _module_preset=\u00bbdefault\u00bb text_line_height=\u00bb1.5em\u00bb background_color=\u00bb#FFFFFF\u00bb width=\u00bb100%\u00bb custom_margin=\u00bb0px|-6px||1px|false|false\u00bb custom_padding=\u00bb|1px||0px|false|false\u00bb global_colors_info=\u00bb{}\u00bb theme_builder_area=\u00bbpost_content\u00bb]<\/p>\n<h2>MEDITACI\u00d3N<\/h2>\n<p>El h\u00e1bito de meditar es reconocido universalmente como una de las mejores cosas que usted puede hacer para auxiliar su salud mental, emocional e incluso f\u00edsica. Son muchos los beneficios de la meditaci\u00f3n y la Escuela Moderna de Misterios tiene muchos m\u00e9todos profundos y eficaces de meditaci\u00f3n para alcanzar paz y relajamiento, as\u00ed como, para aumentar el poder mental superando patrones mentales negativos.<\/p>\n<p>Para el iniciante, las t\u00e9cnicas ser\u00e1n tan eficaces que lo sorprender\u00e1n con la facilidad para alcanzar el estado meditativo deseado. Para aquellos que tienen m\u00e1s experiencia nuestros sistemas pueden profundizar la pr\u00e1ctica ya existente.<\/p>\n<p>La meditaci\u00f3n puede traerle la paz ante el caos y llevarlo a reconquistar el verdadero control de su mente. Ese estado mental desorganizado le imposibilita vivir una vida mejor.<\/p>\n<p>A continuaci\u00f3n encontrar\u00e1 algunas de las t\u00e9cnicas disponibles a trav\u00e9s de la tradici\u00f3n de la Escuela Moderna de Misterios.<\/p>\n<p>[\/et_pb_text][et_pb_divider color=\u00bb#c6aa8a\u00bb _builder_version=\u00bb4.18.0&#8243; _module_preset=\u00bbdefault\u00bb global_colors_info=\u00bb{}\u00bb theme_builder_area=\u00bbpost_content\u00bb][\/et_pb_divider][\/et_pb_column_inner][\/et_pb_row_inner][et_pb_row_inner _builder_version=\u00bb4.19.4&#8243; _module_preset=\u00bbdefault\u00bb theme_builder_area=\u00bbpost_content\u00bb][et_pb_column_inner saved_specialty_column_type=\u00bb3_4&#8243; _builder_version=\u00bb4.19.4&#8243; _module_preset=\u00bbdefault\u00bb theme_builder_area=\u00bbpost_content\u00bb][et_pb_image src=\u00bbhttps:\/\/escolamodernademisterios.com\/wp-content\/uploads\/2022\/04\/brazil-website-4.png\u00bb title_text=\u00bbbrazil website 4&#8243; _builder_version=\u00bb4.19.4&#8243; _module_preset=\u00bbdefault\u00bb max_width_tablet=\u00bb30%\u00bb max_width_phone=\u00bb50%\u00bb max_width_last_edited=\u00bbon|phone\u00bb module_alignment=\u00bbleft\u00bb custom_margin=\u00bb|-33px||||\u00bb custom_padding=\u00bb|0px||||\u00bb hover_enabled=\u00bb0&#8243; module_alignment_tablet=\u00bbcenter\u00bb module_alignment_phone=\u00bbcenter\u00bb module_alignment_last_edited=\u00bbon|phone\u00bb global_colors_info=\u00bb{}\u00bb theme_builder_area=\u00bbpost_content\u00bb width=\u00bb20%\u00bb sticky_enabled=\u00bb0&#8243;][\/et_pb_image][et_pb_text _builder_version=\u00bb4.18.0&#8243; _module_preset=\u00bbdefault\u00bb text_line_height=\u00bb1.5em\u00bb background_color=\u00bb#FFFFFF\u00bb width=\u00bb100%\u00bb custom_margin=\u00bb0px|-6px||1px|false|false\u00bb custom_padding=\u00bb|0px||0px|false|false\u00bb header_3_text_align_tablet=\u00bbcenter\u00bb header_3_text_align_phone=\u00bbcenter\u00bb header_3_text_align_last_edited=\u00bbon|tablet\u00bb global_colors_info=\u00bb{}\u00bb theme_builder_area=\u00bbpost_content\u00bb]<\/p>\n<h3>MAX SISTEMA DE MEDITACI\u00d3N<strong>\u2122<\/strong><\/h3>\n<p>\u00a1Un m\u00e9todo simple y efectivo para cultivar la tranquilidad mental!<\/p>\n<p>La Max Sistema de Meditaci\u00f3n fue desarrollada por el Fundador de la Escuela Moderna de Misterios despu\u00e9s que, durante los \u00faltimos 35 a\u00f1os, viaj\u00f3 por el mundo estudiando los fen\u00f3menos de la mente humana. Una mezcla complementaria de m\u00e9todos antiguos que aprendi\u00f3 con profesores preeminentes en India y Tibet. Ese sistema fue desarrollado para ense\u00f1ar verdaderamente c\u00f3mo conseguir los mejores resultados en la pr\u00e1ctica meditativa.<\/p>\n<p>J\u00fantese a nosotros para mezclar las t\u00e9cnicas ancestrales de yoga, uniendo t\u00e9cnicas modernas de la psicolog\u00eda y del PNL, haciendo este sistema m\u00e1s eficaz para reducir el estr\u00e9s, aumentar su energ\u00eda, vitalidad, bienestar y mucho m\u00e1s.<\/p>\n<p>La meditaci\u00f3n es reconocida universalmente por sus diversos beneficios para la salud. La Max Sistema de Meditaci\u00f3n TM proporciona esos beneficios porque permite:<\/p>\n<ul>\n<li>trabajar con un profesional entrenado que lo guiar\u00e1 a trav\u00e9s del proceso con facilidad.<\/li>\n<li>ahondar en el relajamiento a trav\u00e9s de un proceso organizado para aliviar su mente.<\/li>\n<li>trabajar directamente con los componentes f\u00edsicos, mentales y emocionales de su inquietud mental.<\/li>\n<li>aumentar la percepci\u00f3n y la conexi\u00f3n espiritual reduciendo los pensamientos negativos de la mente.<\/li>\n<\/ul>\n<p>\u00a1Con un <strong>profesional certificado<\/strong> gui\u00e1ndolo a trav\u00e9s del proceso, la meditaci\u00f3n no ser\u00e1 algo frustrante y desafiante! \u00a1El profesional lo guiar\u00e1 a trav\u00e9s de la jornada para mantener una mente m\u00e1s tranquila!<\/p>\n<p><strong>Pinche aqu\u00ed para ingresar a los pr\u00f3ximos eventos de Max Sistema de Meditaci\u00f3n \u2122<\/strong> de su localidad.<\/p>\n<p>&nbsp;<\/p>\n<p>[\/et_pb_text][et_pb_image src=\u00bbhttps:\/\/escolamodernademisterios.com\/wp-content\/uploads\/2022\/04\/know-thyself-brazil.png\u00bb title_text=\u00bbknow thyself &#8211; brazil\u00bb _builder_version=\u00bb4.19.4&#8243; _module_preset=\u00bbdefault\u00bb max_width_tablet=\u00bb30%\u00bb max_width_phone=\u00bb50%\u00bb max_width_last_edited=\u00bbon|phone\u00bb module_alignment=\u00bbleft\u00bb custom_margin=\u00bb|-33px||||\u00bb custom_padding=\u00bb|0px||||\u00bb hover_enabled=\u00bb0&#8243; module_alignment_tablet=\u00bbcenter\u00bb module_alignment_phone=\u00bbcenter\u00bb module_alignment_last_edited=\u00bbon|phone\u00bb global_colors_info=\u00bb{}\u00bb theme_builder_area=\u00bbpost_content\u00bb width=\u00bb20%\u00bb sticky_enabled=\u00bb0&#8243;][\/et_pb_image][et_pb_text _builder_version=\u00bb4.18.0&#8243; _module_preset=\u00bbdefault\u00bb text_line_height=\u00bb1.5em\u00bb background_color=\u00bb#FFFFFF\u00bb width=\u00bb100%\u00bb custom_margin=\u00bb0px|-6px||1px|false|false\u00bb custom_padding=\u00bb|0px||0px|false|false\u00bb header_text_align_tablet=\u00bbcenter\u00bb header_text_align_phone=\u00bbcenter\u00bb header_text_align_last_edited=\u00bbon|phone\u00bb header_3_text_align_tablet=\u00bbcenter\u00bb header_3_text_align_phone=\u00bbcenter\u00bb header_3_text_align_last_edited=\u00bbon|phone\u00bb global_colors_info=\u00bb{}\u00bb theme_builder_area=\u00bbpost_content\u00bb]<\/p>\n<h3>MEDITACI\u00d3N EN EL SANTUARIO<\/h3>\n<p>\u00a1Un m\u00e9todo de confianza para conectarse a la sabidur\u00eda de su alma!<\/p>\n<p>La meditaci\u00f3n en el Santuario de confianza es un m\u00e9todo confiable para f\u00e1cilmente y con seguridad aumentar la conciencia para alcanzar el reino de su propio santuario espiritual. Conozca su Yo Superior y reciba orientaciones claras. Esta es una t\u00e9cnica simple y eficaz para ingresar a las dimensiones elevadas de su realidad y conectarse con su esp\u00edritu y sabidur\u00eda interior.<\/p>\n<p>En esta clase usted podr\u00e1 seguir una serie de pasos que abrir\u00e1n y expandir\u00e1n sus Chacras y, con facilidad, lo elevar\u00e1n a trav\u00e9s de las dimensiones de la realidad. Este m\u00e9todo es una pr\u00e1ctica fundamental que puede ser usada diariamente o con la frecuencia necesaria. En el practicante experimentado o principiante este m\u00e9todo profundizar\u00e1 la reflexi\u00f3n personal y permitir\u00e1 acceder a un intenso sentido de conexi\u00f3n con el conocimiento del alma y del esp\u00edritu que cada practicante tiene dentro de s\u00ed.<\/p>\n<p>Encuentre su propio santuario espiritual o un local seguro para conectarse con los reinos espirituales.<\/p>\n<p>Encuentre su Yo Superior (su m\u00e1s alta y mejor versi\u00f3n)<\/p>\n<p>Aumente su conexi\u00f3n espiritual<\/p>\n<p>Obtenga clareza e informaci\u00f3n personal<\/p>\n<p>Reciba mensajes y orientaci\u00f3n para guiarse a trav\u00e9s de la vida en su jornada personal.<\/p>\n<p>\u00a1Y mucho m\u00e1s!<\/p>\n<p>Guiado por un profesor certificado usted podr\u00e1 llevar esta t\u00e9cnica a su casa para acceder a la sabidur\u00eda de su Yo Superior cuando lo necesite. \u00a1Partiendo del entendimiento superior que posee su Yo Superior, usted podr\u00e1 acelerar su sanaci\u00f3n, su crecimiento y su comprensi\u00f3n de la vida!<\/p>\n<p><strong>Encuentra un profesor de Meditaci\u00f3n en Santuario<\/strong><sup> <\/sup>en tu zona.<\/p>\n<p>&nbsp;<\/p>\n<p>[\/et_pb_text][\/et_pb_column_inner][\/et_pb_row_inner][\/et_pb_column][et_pb_column type=\u00bb1_4&#8243; theme_builder_area=\u00bbpost_content\u00bb][et_pb_sidebar orientation=\u00bbright\u00bb disabled_on=\u00bbon|on|off\u00bb _builder_version=\u00bb4.18.0&#8243; _module_preset=\u00bbdefault\u00bb header_font_size=\u00bb20px\u00bb width=\u00bb113.5%\u00bb custom_margin=\u00bb|-60px||3px||\u00bb custom_padding=\u00bb|0px||||\u00bb global_colors_info=\u00bb{}\u00bb theme_builder_area=\u00bbpost_content\u00bb][\/et_pb_sidebar][\/et_pb_column][\/et_pb_section][et_pb_section fb_built=\u00bb1&#8243; _builder_version=\u00bb4.18.0&#8243; _module_preset=\u00bbdefault\u00bb background_color=\u00bb#d3b779&#8243; custom_padding=\u00bb0px||0px|||\u00bb global_module=\u00bb987495444&#8243; saved_tabs=\u00bball\u00bb global_colors_info=\u00bb{}\u00bb][et_pb_row column_structure=\u00bb1_3,1_3,1_3&#8243; _builder_version=\u00bb4.18.0&#8243; _module_preset=\u00bbdefault\u00bb global_colors_info=\u00bb{}\u00bb][et_pb_column type=\u00bb1_3&#8243; _builder_version=\u00bb4.18.0&#8243; _module_preset=\u00bbdefault\u00bb global_colors_info=\u00bb{}\u00bb][et_pb_blurb use_icon=\u00bbon\u00bb font_icon=\u00bb&#xe081;||divi||400&#8243; icon_color=\u00bb#FFFFFF\u00bb icon_placement=\u00bbleft\u00bb image_icon_width=\u00bb27px\u00bb _builder_version=\u00bb4.19.4&#8243; _module_preset=\u00bbdefault\u00bb header_text_color=\u00bb#FFFFFF\u00bb body_text_color=\u00bb#FFFFFF\u00bb body_font_size=\u00bb17px\u00bb body_line_height=\u00bb1.4em\u00bb global_colors_info=\u00bb{}\u00bb]<\/p>\n<p><span>Avenida Pequeno Pr\u00edncipe, 1482, loja 03 \u2013 Campeche, Florian\u00f3polis \u2013 SC, Brasil<\/span><\/p>\n<p>[\/et_pb_blurb][\/et_pb_column][et_pb_column type=\u00bb1_3&#8243; _builder_version=\u00bb4.18.0&#8243; _module_preset=\u00bbdefault\u00bb global_colors_info=\u00bb{}\u00bb][et_pb_blurb use_icon=\u00bbon\u00bb font_icon=\u00bb&#xe076;||divi||400&#8243; icon_color=\u00bb#FFFFFF\u00bb icon_placement=\u00bbleft\u00bb image_icon_width=\u00bb27px\u00bb _builder_version=\u00bb4.18.0&#8243; _module_preset=\u00bbdefault\u00bb header_text_color=\u00bb#FFFFFF\u00bb body_text_color=\u00bb#FFFFFF\u00bb body_font_size=\u00bb17px\u00bb body_line_height=\u00bb1.4em\u00bb link_option_url=\u00bbmailto:info@escolamodernademisterios.com.br\u00bb global_colors_info=\u00bb{}\u00bb]<\/p>\n<p>info@escolamodernademisterios.com.br<\/p>\n<p>[\/et_pb_blurb][\/et_pb_column][et_pb_column type=\u00bb1_3&#8243; _builder_version=\u00bb4.18.0&#8243; _module_preset=\u00bbdefault\u00bb global_colors_info=\u00bb{}\u00bb][et_pb_blurb use_icon=\u00bbon\u00bb font_icon=\u00bb&#xe090;||divi||400&#8243; icon_color=\u00bb#FFFFFF\u00bb icon_placement=\u00bbleft\u00bb image_icon_width=\u00bb27px\u00bb _builder_version=\u00bb4.18.0&#8243; _module_preset=\u00bbdefault\u00bb header_text_color=\u00bb#FFFFFF\u00bb body_text_color=\u00bb#FFFFFF\u00bb body_font_size=\u00bb17px\u00bb body_line_height=\u00bb1.4em\u00bb body_font_tablet=\u00bb\u00bb body_font_phone=\u00bb\u00bb body_font_last_edited=\u00bbon|desktop\u00bb global_colors_info=\u00bb{}\u00bb]<\/p>\n<p><span style=\"color: #ffffff;\">+55 48 9 9163 4824<\/span><\/p>\n<p>[\/et_pb_blurb][\/et_pb_column][\/et_pb_row][\/et_pb_section]<\/p>\n","protected":false},"excerpt":{"rendered":"<p>MEDITACI\u00d3N El h\u00e1bito de meditar es reconocido universalmente como una de las mejores cosas que usted puede hacer para auxiliar su salud mental, emocional e incluso f\u00edsica. Son muchos los [&hellip;]<\/p>\n","protected":false},"author":1,"featured_media":0,"parent":0,"menu_order":0,"comment_status":"closed","ping_status":"closed","template":"","meta":{"_et_pb_use_builder":"on","_et_pb_old_content":"","_et_gb_content_width":"","footnotes":""},"class_list":["post-987496690","page","type-page","status-publish","hentry"],"yoast_head":"<!-- This site is optimized with the Yoast SEO plugin v27.2 - https:\/\/yoast.com\/product\/yoast-seo-wordpress\/ -->\n<title>Meditaciones | Escola Moderna de Mist\u00e9rios<\/title>\n<meta name=\"robots\" content=\"noindex, follow, max-snippet:-1, max-image-preview:large, max-video-preview:-1\" \/>\n<meta property=\"og:locale\" content=\"es_ES\" \/>\n<meta property=\"og:type\" content=\"article\" \/>\n<meta property=\"og:title\" content=\"Meditaciones | Escola Moderna de Mist\u00e9rios\" \/>\n<meta property=\"og:description\" content=\"MEDITACI\u00d3N El h\u00e1bito de meditar es reconocido universalmente como una de las mejores cosas que usted puede hacer para auxiliar su salud mental, emocional e incluso f\u00edsica. Son muchos los [&hellip;]\" \/>\n<meta property=\"og:url\" content=\"https:\/\/escolamodernademisterios.com\/es\/meditaciones\/\" \/>\n<meta property=\"og:site_name\" content=\"Escola Moderna de Mist\u00e9rios\" \/>\n<meta property=\"article:publisher\" content=\"https:\/\/www.facebook.com\/EscolaDeMisteriosBrasil\" \/>\n<meta property=\"article:modified_time\" content=\"2023-03-13T14:03:36+00:00\" \/>\n<meta name=\"twitter:card\" content=\"summary_large_image\" \/>\n<meta name=\"twitter:label1\" content=\"Tiempo de lectura\" \/>\n\t<meta name=\"twitter:data1\" content=\"8 minutos\" \/>\n<script type=\"application\/ld+json\" class=\"yoast-schema-graph\">{\"@context\":\"https:\/\/schema.org\",\"@graph\":[{\"@type\":\"WebPage\",\"@id\":\"https:\/\/escolamodernademisterios.com\/es\/meditaciones\/\",\"url\":\"https:\/\/escolamodernademisterios.com\/es\/meditaciones\/\",\"name\":\"Meditaciones | Escola Moderna de Mist\u00e9rios\",\"isPartOf\":{\"@id\":\"https:\/\/escolamodernademisterios.com\/es\/#website\"},\"datePublished\":\"2021-02-04T19:12:48+00:00\",\"dateModified\":\"2023-03-13T14:03:36+00:00\",\"breadcrumb\":{\"@id\":\"https:\/\/escolamodernademisterios.com\/es\/meditaciones\/#breadcrumb\"},\"inLanguage\":\"es\",\"potentialAction\":[{\"@type\":\"ReadAction\",\"target\":[\"https:\/\/escolamodernademisterios.com\/es\/meditaciones\/\"]}]},{\"@type\":\"BreadcrumbList\",\"@id\":\"https:\/\/escolamodernademisterios.com\/es\/meditaciones\/#breadcrumb\",\"itemListElement\":[{\"@type\":\"ListItem\",\"position\":1,\"name\":\"In\u00edcio\",\"item\":\"https:\/\/escolamodernademisterios.com\/es\/987496733-2\/\"},{\"@type\":\"ListItem\",\"position\":2,\"name\":\"Meditaciones\"}]},{\"@type\":\"WebSite\",\"@id\":\"https:\/\/escolamodernademisterios.com\/es\/#website\",\"url\":\"https:\/\/escolamodernademisterios.com\/es\/\",\"name\":\"Escola Moderna de Mist\u00e9rios\",\"description\":\"N\u00f3s somos uma Escola de Mist\u00e9rios que acredita no empoderamento de todos os seres humanos para viver uma vida de paz, alegria, sucesso, abund\u00e2ncia, harmonia e alinhamento com seu prop\u00f3sito individual. Acreditamos que a descoberta do potencial individual faz parte da experi\u00eancia da vida e \u00e9 parte do crescimento espiritual e f\u00edsico.\",\"publisher\":{\"@id\":\"https:\/\/escolamodernademisterios.com\/es\/#organization\"},\"potentialAction\":[{\"@type\":\"SearchAction\",\"target\":{\"@type\":\"EntryPoint\",\"urlTemplate\":\"https:\/\/escolamodernademisterios.com\/es\/?s={search_term_string}\"},\"query-input\":{\"@type\":\"PropertyValueSpecification\",\"valueRequired\":true,\"valueName\":\"search_term_string\"}}],\"inLanguage\":\"es\"},{\"@type\":\"Organization\",\"@id\":\"https:\/\/escolamodernademisterios.com\/es\/#organization\",\"name\":\"Escola Moderna de Mist\u00e9rios\",\"url\":\"https:\/\/escolamodernademisterios.com\/es\/\",\"logo\":{\"@type\":\"ImageObject\",\"inLanguage\":\"es\",\"@id\":\"https:\/\/escolamodernademisterios.com\/es\/#\/schema\/logo\/image\/\",\"url\":\"https:\/\/escolamodernademisterios.com\/wp-content\/uploads\/2023\/06\/Logo-696x696-1.png\",\"contentUrl\":\"https:\/\/escolamodernademisterios.com\/wp-content\/uploads\/2023\/06\/Logo-696x696-1.png\",\"width\":675,\"height\":696,\"caption\":\"Escola Moderna de Mist\u00e9rios\"},\"image\":{\"@id\":\"https:\/\/escolamodernademisterios.com\/es\/#\/schema\/logo\/image\/\"},\"sameAs\":[\"https:\/\/www.facebook.com\/EscolaDeMisteriosBrasil\",\"https:\/\/www.instagram.com\/escola_modernademisterios\/\"]}]}<\/script>\n<!-- \/ Yoast SEO plugin. -->","yoast_head_json":{"title":"Meditaciones | Escola Moderna de Mist\u00e9rios","robots":{"index":"noindex","follow":"follow","max-snippet":"max-snippet:-1","max-image-preview":"max-image-preview:large","max-video-preview":"max-video-preview:-1"},"og_locale":"es_ES","og_type":"article","og_title":"Meditaciones | Escola Moderna de Mist\u00e9rios","og_description":"MEDITACI\u00d3N El h\u00e1bito de meditar es reconocido universalmente como una de las mejores cosas que usted puede hacer para auxiliar su salud mental, emocional e incluso f\u00edsica. Son muchos los [&hellip;]","og_url":"https:\/\/escolamodernademisterios.com\/es\/meditaciones\/","og_site_name":"Escola Moderna de Mist\u00e9rios","article_publisher":"https:\/\/www.facebook.com\/EscolaDeMisteriosBrasil","article_modified_time":"2023-03-13T14:03:36+00:00","twitter_card":"summary_large_image","twitter_misc":{"Tiempo de lectura":"8 minutos"},"schema":{"@context":"https:\/\/schema.org","@graph":[{"@type":"WebPage","@id":"https:\/\/escolamodernademisterios.com\/es\/meditaciones\/","url":"https:\/\/escolamodernademisterios.com\/es\/meditaciones\/","name":"Meditaciones | Escola Moderna de Mist\u00e9rios","isPartOf":{"@id":"https:\/\/escolamodernademisterios.com\/es\/#website"},"datePublished":"2021-02-04T19:12:48+00:00","dateModified":"2023-03-13T14:03:36+00:00","breadcrumb":{"@id":"https:\/\/escolamodernademisterios.com\/es\/meditaciones\/#breadcrumb"},"inLanguage":"es","potentialAction":[{"@type":"ReadAction","target":["https:\/\/escolamodernademisterios.com\/es\/meditaciones\/"]}]},{"@type":"BreadcrumbList","@id":"https:\/\/escolamodernademisterios.com\/es\/meditaciones\/#breadcrumb","itemListElement":[{"@type":"ListItem","position":1,"name":"In\u00edcio","item":"https:\/\/escolamodernademisterios.com\/es\/987496733-2\/"},{"@type":"ListItem","position":2,"name":"Meditaciones"}]},{"@type":"WebSite","@id":"https:\/\/escolamodernademisterios.com\/es\/#website","url":"https:\/\/escolamodernademisterios.com\/es\/","name":"Escola Moderna de Mist\u00e9rios","description":"N\u00f3s somos uma Escola de Mist\u00e9rios que acredita no empoderamento de todos os seres humanos para viver uma vida de paz, alegria, sucesso, abund\u00e2ncia, harmonia e alinhamento com seu prop\u00f3sito individual. Acreditamos que a descoberta do potencial individual faz parte da experi\u00eancia da vida e \u00e9 parte do crescimento espiritual e f\u00edsico.","publisher":{"@id":"https:\/\/escolamodernademisterios.com\/es\/#organization"},"potentialAction":[{"@type":"SearchAction","target":{"@type":"EntryPoint","urlTemplate":"https:\/\/escolamodernademisterios.com\/es\/?s={search_term_string}"},"query-input":{"@type":"PropertyValueSpecification","valueRequired":true,"valueName":"search_term_string"}}],"inLanguage":"es"},{"@type":"Organization","@id":"https:\/\/escolamodernademisterios.com\/es\/#organization","name":"Escola Moderna de Mist\u00e9rios","url":"https:\/\/escolamodernademisterios.com\/es\/","logo":{"@type":"ImageObject","inLanguage":"es","@id":"https:\/\/escolamodernademisterios.com\/es\/#\/schema\/logo\/image\/","url":"https:\/\/escolamodernademisterios.com\/wp-content\/uploads\/2023\/06\/Logo-696x696-1.png","contentUrl":"https:\/\/escolamodernademisterios.com\/wp-content\/uploads\/2023\/06\/Logo-696x696-1.png","width":675,"height":696,"caption":"Escola Moderna de Mist\u00e9rios"},"image":{"@id":"https:\/\/escolamodernademisterios.com\/es\/#\/schema\/logo\/image\/"},"sameAs":["https:\/\/www.facebook.com\/EscolaDeMisteriosBrasil","https:\/\/www.instagram.com\/escola_modernademisterios\/"]}]}},"_links":{"self":[{"href":"https:\/\/escolamodernademisterios.com\/es\/wp-json\/wp\/v2\/pages\/987496690","targetHints":{"allow":["GET"]}}],"collection":[{"href":"https:\/\/escolamodernademisterios.com\/es\/wp-json\/wp\/v2\/pages"}],"about":[{"href":"https:\/\/escolamodernademisterios.com\/es\/wp-json\/wp\/v2\/types\/page"}],"author":[{"embeddable":true,"href":"https:\/\/escolamodernademisterios.com\/es\/wp-json\/wp\/v2\/users\/1"}],"replies":[{"embeddable":true,"href":"https:\/\/escolamodernademisterios.com\/es\/wp-json\/wp\/v2\/comments?post=987496690"}],"version-history":[{"count":2,"href":"https:\/\/escolamodernademisterios.com\/es\/wp-json\/wp\/v2\/pages\/987496690\/revisions"}],"predecessor-version":[{"id":987496692,"href":"https:\/\/escolamodernademisterios.com\/es\/wp-json\/wp\/v2\/pages\/987496690\/revisions\/987496692"}],"wp:attachment":[{"href":"https:\/\/escolamodernademisterios.com\/es\/wp-json\/wp\/v2\/media?parent=987496690"}],"curies":[{"name":"wp","href":"https:\/\/api.w.org\/{rel}","templated":true}]}}