{"id":987496702,"date":"2022-02-11T16:43:35","date_gmt":"2022-02-11T19:43:35","guid":{"rendered":"https:\/\/escolamodernademisterios.com\/magia-elemental\/"},"modified":"2023-03-14T12:29:29","modified_gmt":"2023-03-14T15:29:29","slug":"magia-elemental","status":"publish","type":"page","link":"https:\/\/escolamodernademisterios.com\/es\/magia-elemental\/","title":{"rendered":"Magia elemental"},"content":{"rendered":"<p>[et_pb_section fb_built=\u00bb1&#8243; theme_builder_area=\u00bbpost_content\u00bb specialty=\u00bbon\u00bb _builder_version=\u00bb4.19.4&#8243; _module_preset=\u00bbdefault\u00bb][et_pb_column type=\u00bb3_4&#8243; specialty_columns=\u00bb3&#8243; theme_builder_area=\u00bbpost_content\u00bb][et_pb_row_inner _builder_version=\u00bb4.19.4&#8243; _module_preset=\u00bbdefault\u00bb theme_builder_area=\u00bbpost_content\u00bb][et_pb_column_inner saved_specialty_column_type=\u00bb3_4&#8243; _builder_version=\u00bb4.19.4&#8243; _module_preset=\u00bbdefault\u00bb theme_builder_area=\u00bbpost_content\u00bb][et_pb_image src=\u00bbhttps:\/\/escolamodernademisterios.com\/wp-content\/uploads\/2022\/12\/Brazil-Website_dragon.png\u00bb title_text=\u00bbMalasia Sitio web_dragon\u00bb _builder_version=\u00bb4.19.4&#8243; _module_preset=\u00bbdefault\u00bb width=\u00bb20%\u00bb max_width_tablet=\u00bb30%\u00bb max_width_phone=\u00bb50%\u00bb max_width_last_edited=\u00bbon|tablet\u00bb module_alignment=\u00bbleft\u00bb custom_margin=\u00bb|241px||||\u00bb custom_padding=\u00bb|0px||||\u00bb hover_enabled=\u00bb0&#8243; module_alignment_tablet=\u00bbcenter\u00bb module_alignment_phone=\u00bbcenter\u00bb module_alignment_last_edited=\u00bbon|phone\u00bb global_colors_info=\u00bb{}\u00bb theme_builder_area=\u00bbpost_content\u00bb sticky_enabled=\u00bb0&#8243;][\/et_pb_image][et_pb_text _builder_version=\u00bb4.18.0&#8243; _module_preset=\u00bbdefault\u00bb text_line_height=\u00bb1.5em\u00bb background_color=\u00bb#FFFFFF\u00bb width=\u00bb100%\u00bb custom_margin=\u00bb0px|-6px||1px|false|false\u00bb custom_padding=\u00bb|0px|23px|0px|false|false\u00bb header_3_text_align_tablet=\u00bbcenter\u00bb header_3_text_align_phone=\u00bbcenter\u00bb header_3_text_align_last_edited=\u00bbon|phone\u00bb global_colors_info=\u00bb{}\u00bb theme_builder_area=\u00bbpost_content\u00bb]<\/p>\n<h3>MAGIA DRAG\u00d3N<\/h3>\n<p>Los seres m\u00e1s antiguos del planeta y que llevan ayudando a la humanidad desde la noche de los tiempos. No hay comparaci\u00f3n para la sabidur\u00eda de los dragones ni para el gigantesco abanico de consejos que pueden ofrecer para la evoluci\u00f3n de la humanidad. En esta clase aprender\u00e1s los secretos de los dragones y c\u00f3mo acceder a su magia en tu vida cotidiana.<\/p>\n<p>Si quieres explorar la realidad de los dragones, la vida y la historia, as\u00ed como invitar a un drag\u00f3n a tu vida, de los muchos clanes que sustentan la existencia humana, en el curso de Magia de Drag\u00f3n recibir\u00e1s los verdaderos misterios y ense\u00f1anzas de nuestro Linaje sobre los dragones.<\/p>\n<p><strong><a href=\"https:\/\/escolamodernademisterios.com\/contate-nos\/\">P\u00f3ngase en contacto con la Escuela Moderna de Misterio<\/a> para saber cu\u00e1ndo se impartir\u00e1 la pr\u00f3xima clase de Magia del Drag\u00f3n.<\/strong><\/p>\n<p>[\/et_pb_text][et_pb_image src=\u00bbhttps:\/\/escolamodernademisterios.com\/wp-content\/uploads\/2023\/01\/fairy.jpg\u00bb title_text=\u00bbhada\u00bb _builder_version=\u00bb4.19.4&#8243; _module_preset=\u00bbdefault\u00bb max_width_tablet=\u00bb30%\u00bb max_width_phone=\u00bb50%\u00bb max_width_last_edited=\u00bbon|tablet\u00bb module_alignment=\u00bbleft\u00bb hover_enabled=\u00bb0&#8243; module_alignment_tablet=\u00bbcenter\u00bb module_alignment_phone=\u00bbcenter\u00bb module_alignment_last_edited=\u00bbon|phone\u00bb global_colors_info=\u00bb{}\u00bb theme_builder_area=\u00bbpost_content\u00bb width=\u00bb20%\u00bb sticky_enabled=\u00bb0&#8243; custom_margin=\u00bb39px|||||\u00bb][\/et_pb_image][et_pb_text _builder_version=\u00bb4.18.0&#8243; _module_preset=\u00bbdefault\u00bb text_line_height=\u00bb1.5em\u00bb background_color=\u00bb#FFFFFF\u00bb width=\u00bb100%\u00bb custom_margin=\u00bb0px|-6px||1px|false|false\u00bb custom_padding=\u00bb|0px|29px|0px|false|false\u00bb header_3_text_align_tablet=\u00bbcenter\u00bb header_3_text_align_phone=\u00bbcenter\u00bb header_3_text_align_last_edited=\u00bbon|phone\u00bb global_colors_info=\u00bb{}\u00bb theme_builder_area=\u00bbpost_content\u00bb]<\/p>\n<h3>LA MAGIA DE LOS ELFOS Y LAS HADAS<\/h3>\n<p>Hay mucho folclore y leyendas sobre hadas y duendes, \u00a1y gran parte de ellas son ciertas! Estos seres bellos y m\u00e1gicos comparten nuestro planeta al otro lado del velo y tienen una gran alegr\u00eda y sabidur\u00eda que compartir con nosotros. En esta clase recibir\u00e1s rituales y formas de conectar con nuestros hermanos y hermanas elementales, acceder a tu fuente de Luz y traer este elevado sentido de maravilla y belleza a tu vida.<\/p>\n<p>En esta clase te invitamos a aprender la cultura, la lengua, la historia y la magia pr\u00e1ctica de los elfos y las hadas. Aprende a trav\u00e9s de las antiguas ense\u00f1anzas de la Escuela de Misterios c\u00f3mo cultivar una relaci\u00f3n de confianza y respeto mutuo con estos incre\u00edbles aliados y c\u00f3mo hablar su idioma y atraer su energ\u00eda a tu vida.<\/p>\n<p><strong><a href=\"https:\/\/escolamodernademisterios.com\/contate-nos\/\">P\u00f3ngase en contacto con la Escuela Moderna de Misterio<\/a> para saber cu\u00e1ndo se impartir\u00e1 el pr\u00f3ximo curso de Magia de Duendes y Hadas.<\/strong><\/p>\n<p>[\/et_pb_text][et_pb_image src=\u00bbhttps:\/\/escolamodernademisterios.com\/wp-content\/uploads\/2022\/12\/Brazil-Website_mermaid.png\u00bb title_text=\u00bbReino Unido Website_mermaid\u00bb _builder_version=\u00bb4.19.4&#8243; _module_preset=\u00bbdefault\u00bb max_width_tablet=\u00bb30%\u00bb max_width_phone=\u00bb50%\u00bb max_width_last_edited=\u00bbon|tablet\u00bb module_alignment=\u00bbleft\u00bb hover_enabled=\u00bb0&#8243; module_alignment_tablet=\u00bbcenter\u00bb module_alignment_phone=\u00bbcenter\u00bb module_alignment_last_edited=\u00bbon|phone\u00bb global_colors_info=\u00bb{}\u00bb theme_builder_area=\u00bbpost_content\u00bb width=\u00bb20%\u00bb sticky_enabled=\u00bb0&#8243;][\/et_pb_image][et_pb_text _builder_version=\u00bb4.18.0&#8243; _module_preset=\u00bbdefault\u00bb text_line_height=\u00bb1.5em\u00bb background_color=\u00bb#FFFFFF\u00bb width=\u00bb100%\u00bb custom_margin=\u00bb0px|-6px||1px|false|false\u00bb custom_padding=\u00bb|0px|46px|0px|false|false\u00bb header_3_text_align_tablet=\u00bbcenter\u00bb header_3_text_align_phone=\u00bbcenter\u00bb header_3_text_align_last_edited=\u00bbon|phone\u00bb global_colors_info=\u00bb{}\u00bb theme_builder_area=\u00bbpost_content\u00bb]<\/p>\n<h3>MAGIA DE SIRENAS<\/h3>\n<p>La Magia de la Sirena en s\u00ed ayuda a los humanos en su vida diaria espec\u00edficamente en el aspecto de abrir sus corazones, fluir m\u00e1s abundancia y vivir una vida llena de pasi\u00f3n. Las Sirenas conectan literalmente con el magma de las profundidades de la tierra e infunden a la rejilla magn\u00e9tica de la tierra pasi\u00f3n y bondad por todos los seres.<\/p>\n<p>En esta clase aprender\u00e1s c\u00f3mo conectar con esta energ\u00eda y hacerla fluir en tu vida, y c\u00f3mo utilizarla para tener \u00e9xito. A medida que trabajes con meditaciones y ceremonias, introducir\u00e1s grandes dosis de energ\u00eda creativa en tu vida, una energ\u00eda necesaria para la abundancia en el mundo f\u00edsico.<\/p>\n<p><strong><a href=\"https:\/\/escolamodernademisterios.com\/contate-nos\/\">P\u00f3ngase en contacto con la Escuela Moderna de Misterio<\/a> para saber cu\u00e1ndo se impartir\u00e1 la pr\u00f3xima clase de Magia de Sirenas.<\/strong><\/p>\n<p>[\/et_pb_text][et_pb_image src=\u00bbhttps:\/\/escolamodernademisterios.com\/wp-content\/uploads\/2022\/12\/Brazil-Website_air.png\u00bb title_text=\u00bbReino Unido Website_air\u00bb _builder_version=\u00bb4.19.4&#8243; _module_preset=\u00bbdefault\u00bb max_width_tablet=\u00bb30%\u00bb max_width_phone=\u00bb50%\u00bb max_width_last_edited=\u00bbon|phone\u00bb module_alignment=\u00bbleft\u00bb hover_enabled=\u00bb0&#8243; module_alignment_tablet=\u00bbcenter\u00bb module_alignment_phone=\u00bbcenter\u00bb module_alignment_last_edited=\u00bbon|tablet\u00bb global_colors_info=\u00bb{}\u00bb theme_builder_area=\u00bbpost_content\u00bb width=\u00bb20%\u00bb sticky_enabled=\u00bb0&#8243;][\/et_pb_image][et_pb_text _builder_version=\u00bb4.18.0&#8243; _module_preset=\u00bbdefault\u00bb text_line_height=\u00bb1.5em\u00bb background_color=\u00bb#FFFFFF\u00bb width=\u00bb100%\u00bb custom_margin=\u00bb0px|-6px||1px|false|false\u00bb custom_padding=\u00bb|0px|44px|0px|false|false\u00bb header_3_text_align_tablet=\u00bbcenter\u00bb header_3_text_align_phone=\u00bbcenter\u00bb header_3_text_align_last_edited=\u00bbon|phone\u00bb global_colors_info=\u00bb{}\u00bb theme_builder_area=\u00bbpost_content\u00bb]<\/p>\n<h3>LA MAGIA DE LAS S\u00cdLFIDES<\/h3>\n<p>Igual que la tierra tiene a las hadas, el aire tiene a las s\u00edlfides. Los silfos son seres poderosos y podemos aprender a conectar y trabajar con ellos para crear impulso y aprender a fluir en nuestra vida cotidiana. El poder de estos seres es enorme y extremadamente importante para los humanos, su prop\u00f3sito es comunicar todos los patrones a la densidad f\u00edsica.<\/p>\n<p>En esta clase aprender\u00e1s c\u00f3mo estos seres del aire pueden ayudarnos a aclarar nuestra mente, permiti\u00e9ndonos trabajar con fuerzas superiores, practicar\u00e1s su forma \u00fanica de comunicaci\u00f3n y c\u00f3mo activar un S\u00edlfide para que te asista en tu vida diaria. Les encanta bailar y t\u00fa bailar\u00e1s con ellos en tu realidad, uniendo todas las fuerzas a tu alrededor.<\/p>\n<p><strong><a href=\"https:\/\/escolamodernademisterios.com\/contate-nos\/\">P\u00f3ngase en contacto con la Escuela Moderna de Misterios<\/a> para saber cu\u00e1ndo se impartir\u00e1 la pr\u00f3xima clase de Magia S\u00edlfide.<\/strong><\/p>\n<p>[\/et_pb_text][et_pb_image src=\u00bbhttps:\/\/escolamodernademisterios.com\/wp-content\/uploads\/2022\/12\/Brazil-Website_unicorn.png\u00bb title_text=\u00bbReino Unido Website_unicorn\u00bb _builder_version=\u00bb4.19.4&#8243; _module_preset=\u00bbdefault\u00bb max_width_tablet=\u00bb30%\u00bb max_width_phone=\u00bb50%\u00bb max_width_last_edited=\u00bbon|phone\u00bb module_alignment=\u00bbleft\u00bb hover_enabled=\u00bb0&#8243; module_alignment_tablet=\u00bbcenter\u00bb module_alignment_phone=\u00bbcenter\u00bb module_alignment_last_edited=\u00bbon|tablet\u00bb global_colors_info=\u00bb{}\u00bb theme_builder_area=\u00bbpost_content\u00bb width=\u00bb20%\u00bb sticky_enabled=\u00bb0&#8243;][\/et_pb_image][et_pb_text _builder_version=\u00bb4.18.0&#8243; _module_preset=\u00bbdefault\u00bb text_line_height=\u00bb1.5em\u00bb background_color=\u00bb#FFFFFF\u00bb width=\u00bb100%\u00bb custom_margin=\u00bb0px|-6px||1px|false|false\u00bb custom_padding=\u00bb|0px||0px|false|false\u00bb header_3_text_align_tablet=\u00bbcenter\u00bb header_3_text_align_phone=\u00bbcenter\u00bb header_3_text_align_last_edited=\u00bbon|phone\u00bb global_colors_info=\u00bb{}\u00bb theme_builder_area=\u00bbpost_content\u00bb]<\/p>\n<h3>MAGIA DEL UNICORNIO<\/h3>\n<p>Los Unicornios est\u00e1n aqu\u00ed como parte de nuestra existencia creando Luz para los humanos y pueden ayudarnos en las dificultades de nuestras vidas. Sus cuernos tienen el poder de separar la ignorancia y traer la verdad y la luz a las situaciones, son seres importantes capaces de ayudarnos en la evoluci\u00f3n y unificaci\u00f3n necesarias para el Nuevo Paradigma. Los unicornios son el puente entre nosotros y las dem\u00e1s razas de seres m\u00e1gicos.<\/p>\n<p>En esta clase aprender\u00e1s la historia de estos maravillosos seres, c\u00f3mo funciona su magia y c\u00f3mo utilizarla en tu vida para unir tu mundo en paz y amor aceptando la nueva energ\u00eda con gracia y belleza, tambi\u00e9n aprender\u00e1s palabras m\u00e1gicas de un antiguo texto sobre los unicornios y experimentar\u00e1s el poder del cuerno de los unicornios.<\/p>\n<p><strong><a href=\"https:\/\/escolamodernademisterios.com\/contate-nos\/\">P\u00f3ngase en contacto con la Escuela Moderna de Misterio<\/a> para saber cu\u00e1ndo se impartir\u00e1 la pr\u00f3xima clase de Magia de Unicornio.<\/strong><\/p>\n<p>[\/et_pb_text][\/et_pb_column_inner][\/et_pb_row_inner][\/et_pb_column][et_pb_column type=\u00bb1_4&#8243; theme_builder_area=\u00bbpost_content\u00bb][et_pb_sidebar orientation=\u00bbright\u00bb disabled_on=\u00bbon|on|off\u00bb _builder_version=\u00bb4.19.4&#8243; _module_preset=\u00bbdefault\u00bb header_font_size=\u00bb17px\u00bb custom_margin=\u00bb|-40px|0px|-7px||\u00bb global_colors_info=\u00bb{}\u00bb theme_builder_area=\u00bbpost_content\u00bb][\/et_pb_sidebar][\/et_pb_column][\/et_pb_section][et_pb_section fb_built=\u00bb1&#8243; _builder_version=\u00bb4.18.0&#8243; _module_preset=\u00bbdefault\u00bb background_color=\u00bb#d3b779&#8243; custom_padding=\u00bb0px||0px|||\u00bb global_module=\u00bb987495444&#8243; saved_tabs=\u00bball\u00bb global_colors_info=\u00bb{}\u00bb][et_pb_row column_structure=\u00bb1_3,1_3,1_3&#8243; _builder_version=\u00bb4.18.0&#8243; _module_preset=\u00bbdefault\u00bb global_colors_info=\u00bb{}\u00bb][et_pb_column type=\u00bb1_3&#8243; _builder_version=\u00bb4.18.0&#8243; _module_preset=\u00bbdefault\u00bb global_colors_info=\u00bb{}\u00bb][et_pb_blurb use_icon=\u00bbon\u00bb font_icon=\u00bb&#xe081;||divi||400&#8243; icon_color=\u00bb#FFFFFF\u00bb icon_placement=\u00bbleft\u00bb image_icon_width=\u00bb27px\u00bb _builder_version=\u00bb4.19.4&#8243; _module_preset=\u00bbdefault\u00bb header_text_color=\u00bb#FFFFFF\u00bb body_text_color=\u00bb#FFFFFF\u00bb body_font_size=\u00bb17px\u00bb body_line_height=\u00bb1.4em\u00bb global_colors_info=\u00bb{}\u00bb]<\/p>\n<p><span>Avenida Pequeno Pr\u00edncipe, 1482, loja 03 \u2013 Campeche, Florian\u00f3polis \u2013 SC, Brasil<\/span><\/p>\n<p>[\/et_pb_blurb][\/et_pb_column][et_pb_column type=\u00bb1_3&#8243; _builder_version=\u00bb4.18.0&#8243; _module_preset=\u00bbdefault\u00bb global_colors_info=\u00bb{}\u00bb][et_pb_blurb use_icon=\u00bbon\u00bb font_icon=\u00bb&#xe076;||divi||400&#8243; icon_color=\u00bb#FFFFFF\u00bb icon_placement=\u00bbleft\u00bb image_icon_width=\u00bb27px\u00bb _builder_version=\u00bb4.18.0&#8243; _module_preset=\u00bbdefault\u00bb header_text_color=\u00bb#FFFFFF\u00bb body_text_color=\u00bb#FFFFFF\u00bb body_font_size=\u00bb17px\u00bb body_line_height=\u00bb1.4em\u00bb link_option_url=\u00bbmailto:info@escolamodernademisterios.com.br\u00bb global_colors_info=\u00bb{}\u00bb]<\/p>\n<p>info@escolamodernademisterios.com.br<\/p>\n<p>[\/et_pb_blurb][\/et_pb_column][et_pb_column type=\u00bb1_3&#8243; _builder_version=\u00bb4.18.0&#8243; _module_preset=\u00bbdefault\u00bb global_colors_info=\u00bb{}\u00bb][et_pb_blurb use_icon=\u00bbon\u00bb font_icon=\u00bb&#xe090;||divi||400&#8243; icon_color=\u00bb#FFFFFF\u00bb icon_placement=\u00bbleft\u00bb image_icon_width=\u00bb27px\u00bb _builder_version=\u00bb4.18.0&#8243; _module_preset=\u00bbdefault\u00bb header_text_color=\u00bb#FFFFFF\u00bb body_text_color=\u00bb#FFFFFF\u00bb body_font_size=\u00bb17px\u00bb body_line_height=\u00bb1.4em\u00bb body_font_tablet=\u00bb\u00bb body_font_phone=\u00bb\u00bb body_font_last_edited=\u00bbon|desktop\u00bb global_colors_info=\u00bb{}\u00bb]<\/p>\n<p><span style=\"color: #ffffff;\">+55 48 9 9163 4824<\/span><\/p>\n<p>[\/et_pb_blurb][\/et_pb_column][\/et_pb_row][\/et_pb_section]<\/p>\n","protected":false},"excerpt":{"rendered":"<p>MAGIA DRAG\u00d3N Los seres m\u00e1s antiguos del planeta y que llevan ayudando a la humanidad desde la noche de los tiempos. No hay comparaci\u00f3n para la sabidur\u00eda de los dragones [&hellip;]<\/p>\n","protected":false},"author":1,"featured_media":0,"parent":0,"menu_order":0,"comment_status":"closed","ping_status":"closed","template":"","meta":{"_et_pb_use_builder":"on","_et_pb_old_content":"","_et_gb_content_width":"","footnotes":""},"class_list":["post-987496702","page","type-page","status-publish","hentry"],"yoast_head":"<!-- This site is optimized with the Yoast SEO plugin v27.2 - https:\/\/yoast.com\/product\/yoast-seo-wordpress\/ -->\n<title>Magia elemental | Escola Moderna de Mist\u00e9rios<\/title>\n<meta name=\"robots\" content=\"noindex, follow, max-snippet:-1, max-image-preview:large, max-video-preview:-1\" \/>\n<meta property=\"og:locale\" content=\"es_ES\" \/>\n<meta property=\"og:type\" content=\"article\" \/>\n<meta property=\"og:title\" content=\"Magia elemental | Escola Moderna de Mist\u00e9rios\" \/>\n<meta property=\"og:description\" content=\"MAGIA DRAG\u00d3N Los seres m\u00e1s antiguos del planeta y que llevan ayudando a la humanidad desde la noche de los tiempos. No hay comparaci\u00f3n para la sabidur\u00eda de los dragones [&hellip;]\" \/>\n<meta property=\"og:url\" content=\"https:\/\/escolamodernademisterios.com\/es\/magia-elemental\/\" \/>\n<meta property=\"og:site_name\" content=\"Escola Moderna de Mist\u00e9rios\" \/>\n<meta property=\"article:publisher\" content=\"https:\/\/www.facebook.com\/EscolaDeMisteriosBrasil\" \/>\n<meta property=\"article:modified_time\" content=\"2023-03-14T15:29:29+00:00\" \/>\n<meta name=\"twitter:card\" content=\"summary_large_image\" \/>\n<meta name=\"twitter:label1\" content=\"Tiempo de lectura\" \/>\n\t<meta name=\"twitter:data1\" content=\"9 minutos\" \/>\n<script type=\"application\/ld+json\" class=\"yoast-schema-graph\">{\"@context\":\"https:\/\/schema.org\",\"@graph\":[{\"@type\":\"WebPage\",\"@id\":\"https:\/\/escolamodernademisterios.com\/es\/magia-elemental\/\",\"url\":\"https:\/\/escolamodernademisterios.com\/es\/magia-elemental\/\",\"name\":\"Magia elemental | Escola Moderna de Mist\u00e9rios\",\"isPartOf\":{\"@id\":\"https:\/\/escolamodernademisterios.com\/es\/#website\"},\"datePublished\":\"2022-02-11T19:43:35+00:00\",\"dateModified\":\"2023-03-14T15:29:29+00:00\",\"breadcrumb\":{\"@id\":\"https:\/\/escolamodernademisterios.com\/es\/magia-elemental\/#breadcrumb\"},\"inLanguage\":\"es\",\"potentialAction\":[{\"@type\":\"ReadAction\",\"target\":[\"https:\/\/escolamodernademisterios.com\/es\/magia-elemental\/\"]}]},{\"@type\":\"BreadcrumbList\",\"@id\":\"https:\/\/escolamodernademisterios.com\/es\/magia-elemental\/#breadcrumb\",\"itemListElement\":[{\"@type\":\"ListItem\",\"position\":1,\"name\":\"In\u00edcio\",\"item\":\"https:\/\/escolamodernademisterios.com\/es\/987496733-2\/\"},{\"@type\":\"ListItem\",\"position\":2,\"name\":\"Magia elemental\"}]},{\"@type\":\"WebSite\",\"@id\":\"https:\/\/escolamodernademisterios.com\/es\/#website\",\"url\":\"https:\/\/escolamodernademisterios.com\/es\/\",\"name\":\"Escola Moderna de Mist\u00e9rios\",\"description\":\"N\u00f3s somos uma Escola de Mist\u00e9rios que acredita no empoderamento de todos os seres humanos para viver uma vida de paz, alegria, sucesso, abund\u00e2ncia, harmonia e alinhamento com seu prop\u00f3sito individual. Acreditamos que a descoberta do potencial individual faz parte da experi\u00eancia da vida e \u00e9 parte do crescimento espiritual e f\u00edsico.\",\"publisher\":{\"@id\":\"https:\/\/escolamodernademisterios.com\/es\/#organization\"},\"potentialAction\":[{\"@type\":\"SearchAction\",\"target\":{\"@type\":\"EntryPoint\",\"urlTemplate\":\"https:\/\/escolamodernademisterios.com\/es\/?s={search_term_string}\"},\"query-input\":{\"@type\":\"PropertyValueSpecification\",\"valueRequired\":true,\"valueName\":\"search_term_string\"}}],\"inLanguage\":\"es\"},{\"@type\":\"Organization\",\"@id\":\"https:\/\/escolamodernademisterios.com\/es\/#organization\",\"name\":\"Escola Moderna de Mist\u00e9rios\",\"url\":\"https:\/\/escolamodernademisterios.com\/es\/\",\"logo\":{\"@type\":\"ImageObject\",\"inLanguage\":\"es\",\"@id\":\"https:\/\/escolamodernademisterios.com\/es\/#\/schema\/logo\/image\/\",\"url\":\"https:\/\/escolamodernademisterios.com\/wp-content\/uploads\/2023\/06\/Logo-696x696-1.png\",\"contentUrl\":\"https:\/\/escolamodernademisterios.com\/wp-content\/uploads\/2023\/06\/Logo-696x696-1.png\",\"width\":675,\"height\":696,\"caption\":\"Escola Moderna de Mist\u00e9rios\"},\"image\":{\"@id\":\"https:\/\/escolamodernademisterios.com\/es\/#\/schema\/logo\/image\/\"},\"sameAs\":[\"https:\/\/www.facebook.com\/EscolaDeMisteriosBrasil\",\"https:\/\/www.instagram.com\/escola_modernademisterios\/\"]}]}<\/script>\n<!-- \/ Yoast SEO plugin. -->","yoast_head_json":{"title":"Magia elemental | Escola Moderna de Mist\u00e9rios","robots":{"index":"noindex","follow":"follow","max-snippet":"max-snippet:-1","max-image-preview":"max-image-preview:large","max-video-preview":"max-video-preview:-1"},"og_locale":"es_ES","og_type":"article","og_title":"Magia elemental | Escola Moderna de Mist\u00e9rios","og_description":"MAGIA DRAG\u00d3N Los seres m\u00e1s antiguos del planeta y que llevan ayudando a la humanidad desde la noche de los tiempos. No hay comparaci\u00f3n para la sabidur\u00eda de los dragones [&hellip;]","og_url":"https:\/\/escolamodernademisterios.com\/es\/magia-elemental\/","og_site_name":"Escola Moderna de Mist\u00e9rios","article_publisher":"https:\/\/www.facebook.com\/EscolaDeMisteriosBrasil","article_modified_time":"2023-03-14T15:29:29+00:00","twitter_card":"summary_large_image","twitter_misc":{"Tiempo de lectura":"9 minutos"},"schema":{"@context":"https:\/\/schema.org","@graph":[{"@type":"WebPage","@id":"https:\/\/escolamodernademisterios.com\/es\/magia-elemental\/","url":"https:\/\/escolamodernademisterios.com\/es\/magia-elemental\/","name":"Magia elemental | Escola Moderna de Mist\u00e9rios","isPartOf":{"@id":"https:\/\/escolamodernademisterios.com\/es\/#website"},"datePublished":"2022-02-11T19:43:35+00:00","dateModified":"2023-03-14T15:29:29+00:00","breadcrumb":{"@id":"https:\/\/escolamodernademisterios.com\/es\/magia-elemental\/#breadcrumb"},"inLanguage":"es","potentialAction":[{"@type":"ReadAction","target":["https:\/\/escolamodernademisterios.com\/es\/magia-elemental\/"]}]},{"@type":"BreadcrumbList","@id":"https:\/\/escolamodernademisterios.com\/es\/magia-elemental\/#breadcrumb","itemListElement":[{"@type":"ListItem","position":1,"name":"In\u00edcio","item":"https:\/\/escolamodernademisterios.com\/es\/987496733-2\/"},{"@type":"ListItem","position":2,"name":"Magia elemental"}]},{"@type":"WebSite","@id":"https:\/\/escolamodernademisterios.com\/es\/#website","url":"https:\/\/escolamodernademisterios.com\/es\/","name":"Escola Moderna de Mist\u00e9rios","description":"N\u00f3s somos uma Escola de Mist\u00e9rios que acredita no empoderamento de todos os seres humanos para viver uma vida de paz, alegria, sucesso, abund\u00e2ncia, harmonia e alinhamento com seu prop\u00f3sito individual. Acreditamos que a descoberta do potencial individual faz parte da experi\u00eancia da vida e \u00e9 parte do crescimento espiritual e f\u00edsico.","publisher":{"@id":"https:\/\/escolamodernademisterios.com\/es\/#organization"},"potentialAction":[{"@type":"SearchAction","target":{"@type":"EntryPoint","urlTemplate":"https:\/\/escolamodernademisterios.com\/es\/?s={search_term_string}"},"query-input":{"@type":"PropertyValueSpecification","valueRequired":true,"valueName":"search_term_string"}}],"inLanguage":"es"},{"@type":"Organization","@id":"https:\/\/escolamodernademisterios.com\/es\/#organization","name":"Escola Moderna de Mist\u00e9rios","url":"https:\/\/escolamodernademisterios.com\/es\/","logo":{"@type":"ImageObject","inLanguage":"es","@id":"https:\/\/escolamodernademisterios.com\/es\/#\/schema\/logo\/image\/","url":"https:\/\/escolamodernademisterios.com\/wp-content\/uploads\/2023\/06\/Logo-696x696-1.png","contentUrl":"https:\/\/escolamodernademisterios.com\/wp-content\/uploads\/2023\/06\/Logo-696x696-1.png","width":675,"height":696,"caption":"Escola Moderna de Mist\u00e9rios"},"image":{"@id":"https:\/\/escolamodernademisterios.com\/es\/#\/schema\/logo\/image\/"},"sameAs":["https:\/\/www.facebook.com\/EscolaDeMisteriosBrasil","https:\/\/www.instagram.com\/escola_modernademisterios\/"]}]}},"_links":{"self":[{"href":"https:\/\/escolamodernademisterios.com\/es\/wp-json\/wp\/v2\/pages\/987496702","targetHints":{"allow":["GET"]}}],"collection":[{"href":"https:\/\/escolamodernademisterios.com\/es\/wp-json\/wp\/v2\/pages"}],"about":[{"href":"https:\/\/escolamodernademisterios.com\/es\/wp-json\/wp\/v2\/types\/page"}],"author":[{"embeddable":true,"href":"https:\/\/escolamodernademisterios.com\/es\/wp-json\/wp\/v2\/users\/1"}],"replies":[{"embeddable":true,"href":"https:\/\/escolamodernademisterios.com\/es\/wp-json\/wp\/v2\/comments?post=987496702"}],"version-history":[{"count":2,"href":"https:\/\/escolamodernademisterios.com\/es\/wp-json\/wp\/v2\/pages\/987496702\/revisions"}],"predecessor-version":[{"id":987496704,"href":"https:\/\/escolamodernademisterios.com\/es\/wp-json\/wp\/v2\/pages\/987496702\/revisions\/987496704"}],"wp:attachment":[{"href":"https:\/\/escolamodernademisterios.com\/es\/wp-json\/wp\/v2\/media?parent=987496702"}],"curies":[{"name":"wp","href":"https:\/\/api.w.org\/{rel}","templated":true}]}}