{"id":987496708,"date":"2021-02-02T11:37:12","date_gmt":"2021-02-02T14:37:12","guid":{"rendered":"https:\/\/escolamodernademisterios.com\/rayo-fundamental-de-la-iluminacion-nivel-1\/"},"modified":"2023-03-14T12:34:57","modified_gmt":"2023-03-14T15:34:57","slug":"rayo-fundamental-de-la-iluminacion-nivel-1","status":"publish","type":"page","link":"https:\/\/escolamodernademisterios.com\/es\/rayo-fundamental-de-la-iluminacion-nivel-1\/","title":{"rendered":"Rayo Fundamental de la Iluminaci\u00f3n\u2122 &#8211; Nivel 1"},"content":{"rendered":"<p>[et_pb_section fb_built=\u00bb1&#8243; theme_builder_area=\u00bbpost_content\u00bb specialty=\u00bbon\u00bb _builder_version=\u00bb4.19.4&#8243; _module_preset=\u00bbdefault\u00bb][et_pb_column type=\u00bb3_4&#8243; specialty_columns=\u00bb3&#8243; theme_builder_area=\u00bbpost_content\u00bb][et_pb_row_inner _builder_version=\u00bb4.19.4&#8243; _module_preset=\u00bbdefault\u00bb theme_builder_area=\u00bbpost_content\u00bb][et_pb_column_inner saved_specialty_column_type=\u00bb3_4&#8243; _builder_version=\u00bb4.19.4&#8243; _module_preset=\u00bbdefault\u00bb theme_builder_area=\u00bbpost_content\u00bb][et_pb_text _builder_version=\u00bb4.18.0&#8243; _module_preset=\u00bbdefault\u00bb text_line_height=\u00bb1.5em\u00bb background_color=\u00bb#FFFFFF\u00bb width=\u00bb100%\u00bb custom_margin=\u00bb0px|-6px||1px|false|false\u00bb custom_padding=\u00bb|0px||0px|false|false\u00bb global_colors_info=\u00bb{}\u00bb theme_builder_area=\u00bbpost_content\u00bb]<\/p>\n<h2>RAYO ENS\u00d3FICO<\/h2>\n<p>El Rayo de Luz es el m\u00e1s alto, lleno de luz y poderoso rayo de energ\u00eda y es usado en la modalidad de Ense\u00f1anzas de Reiki en la tradici\u00f3n de las Escuelas de Misterios Modernas. Tienen las cualidades de la pureza, la claridad y la concentraci\u00f3n dirigida. Este rayo tiene el poder de limpiar y sanar patrones y pensamientos negativos. Es el 1er rayo de la creaci\u00f3n; es puro, y va directo al grano y penetra hasta el coraz\u00f3n del problema para activar los c\u00f3digos de la divinidad dentro de ti.<\/p>\n<p>[\/et_pb_text][et_pb_divider color=\u00bb#c6aa8a\u00bb _builder_version=\u00bb4.18.0&#8243; _module_preset=\u00bbdefault\u00bb global_colors_info=\u00bb{}\u00bb theme_builder_area=\u00bbpost_content\u00bb][\/et_pb_divider][et_pb_image src=\u00bbhttps:\/\/escolamodernademisterios.com\/wp-content\/uploads\/2022\/04\/healers-academy_brazil.png\u00bb title_text=\u00bbhealers academy_brazil\u00bb _builder_version=\u00bb4.19.4&#8243; _module_preset=\u00bbdefault\u00bb max_width_tablet=\u00bb30%\u00bb max_width_phone=\u00bb50%\u00bb max_width_last_edited=\u00bbon|phone\u00bb module_alignment=\u00bbleft\u00bb hover_enabled=\u00bb0&#8243; module_alignment_tablet=\u00bbcenter\u00bb module_alignment_phone=\u00bbcenter\u00bb module_alignment_last_edited=\u00bbon|tablet\u00bb global_colors_info=\u00bb{}\u00bb theme_builder_area=\u00bbpost_content\u00bb width=\u00bb20%\u00bb sticky_enabled=\u00bb0&#8243;][\/et_pb_image][et_pb_text _builder_version=\u00bb4.18.0&#8243; _module_preset=\u00bbdefault\u00bb text_line_height=\u00bb1.5em\u00bb background_color=\u00bb#FFFFFF\u00bb width=\u00bb100%\u00bb custom_margin=\u00bb0px|-6px||1px|false|false\u00bb custom_padding=\u00bb|0px||0px|false|false\u00bb global_colors_info=\u00bb{}\u00bb theme_builder_area=\u00bbpost_content\u00bb]<\/p>\n<h3>RADIO ENS\u00d3FICO FUNDAMENTAL<\/h3>\n<p>En este curso te convertir\u00e1s en practicante de la modalidad sanadora de Reiki Ens\u00f3fico. El Rayo de Ense\u00f1anza es una poderosa sanaci\u00f3n que ayuda en muchos niveles de nuestro ser, cuerpo f\u00edsico, mente y alma. Utiliza el rayo m\u00e1s puro y poderoso que proviene de Ensof, la fuente infinita y todopoderosa.<\/p>\n<p>En este curso de 2 d\u00edas aprender\u00e1s los fundamentos de esta antigua modalidad y c\u00f3mo canalizar y sostener el rayo de la Ense\u00f1anza para realizar sanaciones con las manos a otras personas. As\u00ed como ense\u00f1anzas metaf\u00edsicas de nuestro camino espiritual, nuestra conexi\u00f3n con Dios, nuestra creaci\u00f3n en este mundo. Ambos d\u00edas recibir\u00e1s ajustes en tu aura para abrir el camino a la canalizaci\u00f3n del Rayo Ensof.<\/p>\n<p>En esta formaci\u00f3n aprender\u00e1s:<\/p>\n<ul>\n<li>El linaje de esta cura y su historia<\/li>\n<li>La importancia de lo bueno y lo bello<\/li>\n<li>T\u00e9cnicas y ejercicios para lograr la quietud mental<\/li>\n<li>Masaje circulatorio para ayudar a los clientes en las sesiones<\/li>\n<\/ul>\n<p>&nbsp;<\/p>\n<p>Beneficios de la Curaci\u00f3n del Rayo de Amor:<\/p>\n<ul>\n<li>Realineaci\u00f3n de cuerpo, alma y esp\u00edritu<\/li>\n<li>Liberaci\u00f3n de viejas heridas que a\u00fan causan sufrimiento<\/li>\n<li>Mayor claridad y conciencia<\/li>\n<li>Liberaci\u00f3n del estr\u00e9s<\/li>\n<li>Alivio del dolor<\/li>\n<li>Mejor circulaci\u00f3n<\/li>\n<li>Curaci\u00f3n mental y emocional<\/li>\n<li>Curaci\u00f3n de lo f\u00edsico<\/li>\n<\/ul>\n<p><strong><a href=\"https:\/\/escolamodernademisterios.com\/contate-nos\/\">P\u00f3ngase en contacto con la Escuela Moderna de Misterios<\/a> para saber cu\u00e1ndo se impartir\u00e1 este curso.<\/strong><\/p>\n<p>[\/et_pb_text][et_pb_image src=\u00bbhttps:\/\/escolamodernademisterios.com\/wp-content\/uploads\/2023\/01\/Brazil-WebsiTE_ENSOFIC-RAY.jpg\u00bb title_text=\u00bbReino Unido WebsiTE_ENSOFIC RAY\u00bb _builder_version=\u00bb4.19.4&#8243; _module_preset=\u00bbdefault\u00bb max_width_tablet=\u00bb30%\u00bb max_width_phone=\u00bb50%\u00bb max_width_last_edited=\u00bbon|phone\u00bb module_alignment=\u00bbleft\u00bb hover_enabled=\u00bb0&#8243; module_alignment_tablet=\u00bbcenter\u00bb module_alignment_phone=\u00bbcenter\u00bb module_alignment_last_edited=\u00bbon|tablet\u00bb global_colors_info=\u00bb{}\u00bb theme_builder_area=\u00bbpost_content\u00bb width=\u00bb20%\u00bb sticky_enabled=\u00bb0&#8243;][\/et_pb_image][et_pb_text _builder_version=\u00bb4.18.0&#8243; _module_preset=\u00bbdefault\u00bb text_line_height=\u00bb1.5em\u00bb background_color=\u00bb#FFFFFF\u00bb width=\u00bb100%\u00bb custom_margin=\u00bb0px|-6px||1px|false|false\u00bb custom_padding=\u00bb|0px||0px|false|false\u00bb global_colors_info=\u00bb{}\u00bb theme_builder_area=\u00bbpost_content\u00bb]<\/p>\n<h3>RADIO INTERMEDIO ENS\u00d3FICO<\/h3>\n<p>En este curso te convertir\u00e1s en practicante de la modalidad sanadora de Reiki Ens\u00f3fico. El Rayo de Ense\u00f1anza es una poderosa sanaci\u00f3n que ayuda en muchos niveles de nuestro ser, cuerpo f\u00edsico, mente y alma. Utiliza el rayo m\u00e1s puro y poderoso que proviene de Ensof, la fuente infinita y todopoderosa.<\/p>\n<p>En este curso de 2 d\u00edas aprender\u00e1s los fundamentos de esta antigua modalidad y c\u00f3mo canalizar y sostener el rayo de la Ense\u00f1anza para realizar sanaciones con las manos a otras personas. As\u00ed como ense\u00f1anzas metaf\u00edsicas sobre nuestro camino espiritual, nuestra conexi\u00f3n con Dios, nuestra creaci\u00f3n en este mundo. Ambos d\u00edas recibir\u00e1s ajustes en tu aura para abrir el camino a la canalizaci\u00f3n del Rayo Ensof.<\/p>\n<p>En esta formaci\u00f3n aprender\u00e1s:<\/p>\n<ul>\n<li>El linaje de esta cura y su historia<\/li>\n<li>La importancia de lo bueno y lo bello<\/li>\n<li>T\u00e9cnicas y ejercicios para lograr la quietud mental<\/li>\n<li>Masaje circulatorio para ayudar a los clientes en las sesiones<\/li>\n<\/ul>\n<p>&nbsp;<\/p>\n<p>Beneficios de la Curaci\u00f3n del Rayo de Amor:<\/p>\n<ul>\n<li>Realineaci\u00f3n de cuerpo, alma y esp\u00edritu<\/li>\n<li>Liberaci\u00f3n de viejas heridas que a\u00fan causan sufrimiento<\/li>\n<li>Mayor claridad y conciencia<\/li>\n<li>Liberaci\u00f3n del estr\u00e9s<\/li>\n<li>Alivio del dolor<\/li>\n<li>Mejor circulaci\u00f3n<\/li>\n<li>Curaci\u00f3n mental y emocional<\/li>\n<li>Curaci\u00f3n de lo f\u00edsico<\/li>\n<\/ul>\n<p><strong><a href=\"https:\/\/escolamodernademisterios.com\/contate-nos\/\">P\u00f3ngase en contacto con la Escuela Moderna de Misterios<\/a> para saber cu\u00e1ndo se impartir\u00e1 este curso.<\/strong><\/p>\n<p>[\/et_pb_text][\/et_pb_column_inner][\/et_pb_row_inner][\/et_pb_column][et_pb_column type=\u00bb1_4&#8243; theme_builder_area=\u00bbpost_content\u00bb][et_pb_sidebar orientation=\u00bbright\u00bb _builder_version=\u00bb4.18.0&#8243; _module_preset=\u00bbdefault\u00bb header_font_size=\u00bb17px\u00bb custom_margin=\u00bb|-40px||-7px||\u00bb global_colors_info=\u00bb{}\u00bb theme_builder_area=\u00bbpost_content\u00bb][\/et_pb_sidebar][\/et_pb_column][\/et_pb_section][et_pb_section fb_built=\u00bb1&#8243; _builder_version=\u00bb4.18.0&#8243; _module_preset=\u00bbdefault\u00bb background_color=\u00bb#d3b779&#8243; custom_padding=\u00bb0px||0px|||\u00bb global_module=\u00bb987495444&#8243; saved_tabs=\u00bball\u00bb global_colors_info=\u00bb{}\u00bb][et_pb_row column_structure=\u00bb1_3,1_3,1_3&#8243; _builder_version=\u00bb4.18.0&#8243; _module_preset=\u00bbdefault\u00bb global_colors_info=\u00bb{}\u00bb][et_pb_column type=\u00bb1_3&#8243; _builder_version=\u00bb4.18.0&#8243; _module_preset=\u00bbdefault\u00bb global_colors_info=\u00bb{}\u00bb][et_pb_blurb use_icon=\u00bbon\u00bb font_icon=\u00bb&#xe081;||divi||400&#8243; icon_color=\u00bb#FFFFFF\u00bb icon_placement=\u00bbleft\u00bb image_icon_width=\u00bb27px\u00bb _builder_version=\u00bb4.19.4&#8243; _module_preset=\u00bbdefault\u00bb header_text_color=\u00bb#FFFFFF\u00bb body_text_color=\u00bb#FFFFFF\u00bb body_font_size=\u00bb17px\u00bb body_line_height=\u00bb1.4em\u00bb global_colors_info=\u00bb{}\u00bb]<\/p>\n<p><span>Avenida Pequeno Pr\u00edncipe, 1482, loja 03 \u2013 Campeche, Florian\u00f3polis \u2013 SC, Brasil<\/span><\/p>\n<p>[\/et_pb_blurb][\/et_pb_column][et_pb_column type=\u00bb1_3&#8243; _builder_version=\u00bb4.18.0&#8243; _module_preset=\u00bbdefault\u00bb global_colors_info=\u00bb{}\u00bb][et_pb_blurb use_icon=\u00bbon\u00bb font_icon=\u00bb&#xe076;||divi||400&#8243; icon_color=\u00bb#FFFFFF\u00bb icon_placement=\u00bbleft\u00bb image_icon_width=\u00bb27px\u00bb _builder_version=\u00bb4.18.0&#8243; _module_preset=\u00bbdefault\u00bb header_text_color=\u00bb#FFFFFF\u00bb body_text_color=\u00bb#FFFFFF\u00bb body_font_size=\u00bb17px\u00bb body_line_height=\u00bb1.4em\u00bb link_option_url=\u00bbmailto:info@escolamodernademisterios.com.br\u00bb global_colors_info=\u00bb{}\u00bb]<\/p>\n<p>info@escolamodernademisterios.com.br<\/p>\n<p>[\/et_pb_blurb][\/et_pb_column][et_pb_column type=\u00bb1_3&#8243; _builder_version=\u00bb4.18.0&#8243; _module_preset=\u00bbdefault\u00bb global_colors_info=\u00bb{}\u00bb][et_pb_blurb use_icon=\u00bbon\u00bb font_icon=\u00bb&#xe090;||divi||400&#8243; icon_color=\u00bb#FFFFFF\u00bb icon_placement=\u00bbleft\u00bb image_icon_width=\u00bb27px\u00bb _builder_version=\u00bb4.18.0&#8243; _module_preset=\u00bbdefault\u00bb header_text_color=\u00bb#FFFFFF\u00bb body_text_color=\u00bb#FFFFFF\u00bb body_font_size=\u00bb17px\u00bb body_line_height=\u00bb1.4em\u00bb body_font_tablet=\u00bb\u00bb body_font_phone=\u00bb\u00bb body_font_last_edited=\u00bbon|desktop\u00bb global_colors_info=\u00bb{}\u00bb]<\/p>\n<p><span style=\"color: #ffffff;\">+55 48 9 9163 4824<\/span><\/p>\n<p>[\/et_pb_blurb][\/et_pb_column][\/et_pb_row][\/et_pb_section]<\/p>\n","protected":false},"excerpt":{"rendered":"<p>RAYO ENS\u00d3FICO El Rayo de Luz es el m\u00e1s alto, lleno de luz y poderoso rayo de energ\u00eda y es usado en la modalidad de Ense\u00f1anzas de Reiki en la [&hellip;]<\/p>\n","protected":false},"author":1,"featured_media":0,"parent":0,"menu_order":0,"comment_status":"closed","ping_status":"closed","template":"","meta":{"_et_pb_use_builder":"on","_et_pb_old_content":"","_et_gb_content_width":"","footnotes":""},"class_list":["post-987496708","page","type-page","status-publish","hentry"],"yoast_head":"<!-- This site is optimized with the Yoast SEO plugin v27.2 - https:\/\/yoast.com\/product\/yoast-seo-wordpress\/ -->\n<title>Rayo Fundamental de la Iluminaci\u00f3n\u2122 - Nivel 1 | Escola Moderna de Mist\u00e9rios<\/title>\n<meta name=\"robots\" content=\"noindex, follow, max-snippet:-1, max-image-preview:large, max-video-preview:-1\" \/>\n<meta property=\"og:locale\" content=\"es_ES\" \/>\n<meta property=\"og:type\" content=\"article\" \/>\n<meta property=\"og:title\" content=\"Rayo Fundamental de la Iluminaci\u00f3n\u2122 - Nivel 1 | Escola Moderna de Mist\u00e9rios\" \/>\n<meta property=\"og:description\" content=\"RAYO ENS\u00d3FICO El Rayo de Luz es el m\u00e1s alto, lleno de luz y poderoso rayo de energ\u00eda y es usado en la modalidad de Ense\u00f1anzas de Reiki en la [&hellip;]\" \/>\n<meta property=\"og:url\" content=\"https:\/\/escolamodernademisterios.com\/es\/rayo-fundamental-de-la-iluminacion-nivel-1\/\" \/>\n<meta property=\"og:site_name\" content=\"Escola Moderna de Mist\u00e9rios\" \/>\n<meta property=\"article:publisher\" content=\"https:\/\/www.facebook.com\/EscolaDeMisteriosBrasil\" \/>\n<meta property=\"article:modified_time\" content=\"2023-03-14T15:34:57+00:00\" \/>\n<meta name=\"twitter:card\" content=\"summary_large_image\" \/>\n<meta name=\"twitter:label1\" content=\"Tiempo de lectura\" \/>\n\t<meta name=\"twitter:data1\" content=\"6 minutos\" \/>\n<script type=\"application\/ld+json\" class=\"yoast-schema-graph\">{\"@context\":\"https:\/\/schema.org\",\"@graph\":[{\"@type\":\"WebPage\",\"@id\":\"https:\/\/escolamodernademisterios.com\/es\/rayo-fundamental-de-la-iluminacion-nivel-1\/\",\"url\":\"https:\/\/escolamodernademisterios.com\/es\/rayo-fundamental-de-la-iluminacion-nivel-1\/\",\"name\":\"Rayo Fundamental de la Iluminaci\u00f3n\u2122 - Nivel 1 | Escola Moderna de Mist\u00e9rios\",\"isPartOf\":{\"@id\":\"https:\/\/escolamodernademisterios.com\/es\/#website\"},\"datePublished\":\"2021-02-02T14:37:12+00:00\",\"dateModified\":\"2023-03-14T15:34:57+00:00\",\"breadcrumb\":{\"@id\":\"https:\/\/escolamodernademisterios.com\/es\/rayo-fundamental-de-la-iluminacion-nivel-1\/#breadcrumb\"},\"inLanguage\":\"es\",\"potentialAction\":[{\"@type\":\"ReadAction\",\"target\":[\"https:\/\/escolamodernademisterios.com\/es\/rayo-fundamental-de-la-iluminacion-nivel-1\/\"]}]},{\"@type\":\"BreadcrumbList\",\"@id\":\"https:\/\/escolamodernademisterios.com\/es\/rayo-fundamental-de-la-iluminacion-nivel-1\/#breadcrumb\",\"itemListElement\":[{\"@type\":\"ListItem\",\"position\":1,\"name\":\"In\u00edcio\",\"item\":\"https:\/\/escolamodernademisterios.com\/es\/987496733-2\/\"},{\"@type\":\"ListItem\",\"position\":2,\"name\":\"Rayo Fundamental de la Iluminaci\u00f3n\u2122 &#8211; Nivel 1\"}]},{\"@type\":\"WebSite\",\"@id\":\"https:\/\/escolamodernademisterios.com\/es\/#website\",\"url\":\"https:\/\/escolamodernademisterios.com\/es\/\",\"name\":\"Escola Moderna de Mist\u00e9rios\",\"description\":\"N\u00f3s somos uma Escola de Mist\u00e9rios que acredita no empoderamento de todos os seres humanos para viver uma vida de paz, alegria, sucesso, abund\u00e2ncia, harmonia e alinhamento com seu prop\u00f3sito individual. Acreditamos que a descoberta do potencial individual faz parte da experi\u00eancia da vida e \u00e9 parte do crescimento espiritual e f\u00edsico.\",\"publisher\":{\"@id\":\"https:\/\/escolamodernademisterios.com\/es\/#organization\"},\"potentialAction\":[{\"@type\":\"SearchAction\",\"target\":{\"@type\":\"EntryPoint\",\"urlTemplate\":\"https:\/\/escolamodernademisterios.com\/es\/?s={search_term_string}\"},\"query-input\":{\"@type\":\"PropertyValueSpecification\",\"valueRequired\":true,\"valueName\":\"search_term_string\"}}],\"inLanguage\":\"es\"},{\"@type\":\"Organization\",\"@id\":\"https:\/\/escolamodernademisterios.com\/es\/#organization\",\"name\":\"Escola Moderna de Mist\u00e9rios\",\"url\":\"https:\/\/escolamodernademisterios.com\/es\/\",\"logo\":{\"@type\":\"ImageObject\",\"inLanguage\":\"es\",\"@id\":\"https:\/\/escolamodernademisterios.com\/es\/#\/schema\/logo\/image\/\",\"url\":\"https:\/\/escolamodernademisterios.com\/wp-content\/uploads\/2023\/06\/Logo-696x696-1.png\",\"contentUrl\":\"https:\/\/escolamodernademisterios.com\/wp-content\/uploads\/2023\/06\/Logo-696x696-1.png\",\"width\":675,\"height\":696,\"caption\":\"Escola Moderna de Mist\u00e9rios\"},\"image\":{\"@id\":\"https:\/\/escolamodernademisterios.com\/es\/#\/schema\/logo\/image\/\"},\"sameAs\":[\"https:\/\/www.facebook.com\/EscolaDeMisteriosBrasil\",\"https:\/\/www.instagram.com\/escola_modernademisterios\/\"]}]}<\/script>\n<!-- \/ Yoast SEO plugin. -->","yoast_head_json":{"title":"Rayo Fundamental de la Iluminaci\u00f3n\u2122 - Nivel 1 | Escola Moderna de Mist\u00e9rios","robots":{"index":"noindex","follow":"follow","max-snippet":"max-snippet:-1","max-image-preview":"max-image-preview:large","max-video-preview":"max-video-preview:-1"},"og_locale":"es_ES","og_type":"article","og_title":"Rayo Fundamental de la Iluminaci\u00f3n\u2122 - Nivel 1 | Escola Moderna de Mist\u00e9rios","og_description":"RAYO ENS\u00d3FICO El Rayo de Luz es el m\u00e1s alto, lleno de luz y poderoso rayo de energ\u00eda y es usado en la modalidad de Ense\u00f1anzas de Reiki en la [&hellip;]","og_url":"https:\/\/escolamodernademisterios.com\/es\/rayo-fundamental-de-la-iluminacion-nivel-1\/","og_site_name":"Escola Moderna de Mist\u00e9rios","article_publisher":"https:\/\/www.facebook.com\/EscolaDeMisteriosBrasil","article_modified_time":"2023-03-14T15:34:57+00:00","twitter_card":"summary_large_image","twitter_misc":{"Tiempo de lectura":"6 minutos"},"schema":{"@context":"https:\/\/schema.org","@graph":[{"@type":"WebPage","@id":"https:\/\/escolamodernademisterios.com\/es\/rayo-fundamental-de-la-iluminacion-nivel-1\/","url":"https:\/\/escolamodernademisterios.com\/es\/rayo-fundamental-de-la-iluminacion-nivel-1\/","name":"Rayo Fundamental de la Iluminaci\u00f3n\u2122 - Nivel 1 | Escola Moderna de Mist\u00e9rios","isPartOf":{"@id":"https:\/\/escolamodernademisterios.com\/es\/#website"},"datePublished":"2021-02-02T14:37:12+00:00","dateModified":"2023-03-14T15:34:57+00:00","breadcrumb":{"@id":"https:\/\/escolamodernademisterios.com\/es\/rayo-fundamental-de-la-iluminacion-nivel-1\/#breadcrumb"},"inLanguage":"es","potentialAction":[{"@type":"ReadAction","target":["https:\/\/escolamodernademisterios.com\/es\/rayo-fundamental-de-la-iluminacion-nivel-1\/"]}]},{"@type":"BreadcrumbList","@id":"https:\/\/escolamodernademisterios.com\/es\/rayo-fundamental-de-la-iluminacion-nivel-1\/#breadcrumb","itemListElement":[{"@type":"ListItem","position":1,"name":"In\u00edcio","item":"https:\/\/escolamodernademisterios.com\/es\/987496733-2\/"},{"@type":"ListItem","position":2,"name":"Rayo Fundamental de la Iluminaci\u00f3n\u2122 &#8211; Nivel 1"}]},{"@type":"WebSite","@id":"https:\/\/escolamodernademisterios.com\/es\/#website","url":"https:\/\/escolamodernademisterios.com\/es\/","name":"Escola Moderna de Mist\u00e9rios","description":"N\u00f3s somos uma Escola de Mist\u00e9rios que acredita no empoderamento de todos os seres humanos para viver uma vida de paz, alegria, sucesso, abund\u00e2ncia, harmonia e alinhamento com seu prop\u00f3sito individual. Acreditamos que a descoberta do potencial individual faz parte da experi\u00eancia da vida e \u00e9 parte do crescimento espiritual e f\u00edsico.","publisher":{"@id":"https:\/\/escolamodernademisterios.com\/es\/#organization"},"potentialAction":[{"@type":"SearchAction","target":{"@type":"EntryPoint","urlTemplate":"https:\/\/escolamodernademisterios.com\/es\/?s={search_term_string}"},"query-input":{"@type":"PropertyValueSpecification","valueRequired":true,"valueName":"search_term_string"}}],"inLanguage":"es"},{"@type":"Organization","@id":"https:\/\/escolamodernademisterios.com\/es\/#organization","name":"Escola Moderna de Mist\u00e9rios","url":"https:\/\/escolamodernademisterios.com\/es\/","logo":{"@type":"ImageObject","inLanguage":"es","@id":"https:\/\/escolamodernademisterios.com\/es\/#\/schema\/logo\/image\/","url":"https:\/\/escolamodernademisterios.com\/wp-content\/uploads\/2023\/06\/Logo-696x696-1.png","contentUrl":"https:\/\/escolamodernademisterios.com\/wp-content\/uploads\/2023\/06\/Logo-696x696-1.png","width":675,"height":696,"caption":"Escola Moderna de Mist\u00e9rios"},"image":{"@id":"https:\/\/escolamodernademisterios.com\/es\/#\/schema\/logo\/image\/"},"sameAs":["https:\/\/www.facebook.com\/EscolaDeMisteriosBrasil","https:\/\/www.instagram.com\/escola_modernademisterios\/"]}]}},"_links":{"self":[{"href":"https:\/\/escolamodernademisterios.com\/es\/wp-json\/wp\/v2\/pages\/987496708","targetHints":{"allow":["GET"]}}],"collection":[{"href":"https:\/\/escolamodernademisterios.com\/es\/wp-json\/wp\/v2\/pages"}],"about":[{"href":"https:\/\/escolamodernademisterios.com\/es\/wp-json\/wp\/v2\/types\/page"}],"author":[{"embeddable":true,"href":"https:\/\/escolamodernademisterios.com\/es\/wp-json\/wp\/v2\/users\/1"}],"replies":[{"embeddable":true,"href":"https:\/\/escolamodernademisterios.com\/es\/wp-json\/wp\/v2\/comments?post=987496708"}],"version-history":[{"count":2,"href":"https:\/\/escolamodernademisterios.com\/es\/wp-json\/wp\/v2\/pages\/987496708\/revisions"}],"predecessor-version":[{"id":987496710,"href":"https:\/\/escolamodernademisterios.com\/es\/wp-json\/wp\/v2\/pages\/987496708\/revisions\/987496710"}],"wp:attachment":[{"href":"https:\/\/escolamodernademisterios.com\/es\/wp-json\/wp\/v2\/media?parent=987496708"}],"curies":[{"name":"wp","href":"https:\/\/api.w.org\/{rel}","templated":true}]}}