{"id":987497121,"date":"2022-10-28T00:19:31","date_gmt":"2022-10-28T03:19:31","guid":{"rendered":"https:\/\/escolamodernademisterios.com\/wicca\/"},"modified":"2023-05-30T14:29:18","modified_gmt":"2023-05-30T17:29:18","slug":"wicca","status":"publish","type":"page","link":"https:\/\/escolamodernademisterios.com\/es\/wicca\/","title":{"rendered":"Wicca"},"content":{"rendered":"<p>[et_pb_section fb_built=\u00bb1&#8243; theme_builder_area=\u00bbpost_content\u00bb specialty=\u00bbon\u00bb _builder_version=\u00bb4.19.4&#8243; _module_preset=\u00bbdefault\u00bb][et_pb_column type=\u00bb3_4&#8243; specialty_columns=\u00bb3&#8243; theme_builder_area=\u00bbpost_content\u00bb][et_pb_row_inner _builder_version=\u00bb4.19.4&#8243; _module_preset=\u00bbdefault\u00bb theme_builder_area=\u00bbpost_content\u00bb][et_pb_column_inner saved_specialty_column_type=\u00bb3_4&#8243; _builder_version=\u00bb4.19.4&#8243; _module_preset=\u00bbdefault\u00bb theme_builder_area=\u00bbpost_content\u00bb][et_pb_text _builder_version=\u00bb4.18.0&#8243; _module_preset=\u00bbdefault\u00bb text_line_height=\u00bb1.5em\u00bb background_color=\u00bb#FFFFFF\u00bb width=\u00bb100%\u00bb custom_margin=\u00bb0px|-6px||1px|false|false\u00bb custom_padding=\u00bb|0px||0px|false|false\u00bb global_colors_info=\u00bb{}\u00bb theme_builder_area=\u00bbpost_content\u00bb]<\/p>\n<h2>\u00a1LA MAGIA DE LA VIDA A TRAV\u00c9S DE LA WICCA!<\/h2>\n<p>Existe gran cantidad de conceptos err\u00f3neos en torno al t\u00e9rmino \u00abWicca\u00bb o \u00abBrujer\u00eda\u00bb \u2013 una forma innata de magia que existe en todas las culturas del mundo. \u00a1Lo invitamos a conocer m\u00e1s sobre esta poderosa magia! Es realmente algo con lo que todos pueden conectarse de alguna manera, despu\u00e9s de todo se trata de la experiencia m\u00e1gica de la vida, los ciclos de la tierra, las plantas, los animales, el sol, la luna y nosotros los humanos.<\/p>\n<p>\u00a1La magia es transformaci\u00f3n y las ense\u00f1anzas del linaje de la Escuela Moderna de los Misterios de Wicca ofrecen la pr\u00e1ctica y el conocimiento vivenciado que pueden ayudarle a manifestar y cambiar su vida! En esta clase hablaremos de:<\/p>\n<ul>\n<li>\u00bfQu\u00e9 es la Wicca?<\/li>\n<li>\u00bfQu\u00e9 es la Rueda del A\u00f1o?<\/li>\n<li>Ciclos de la Luna<\/li>\n<li>Los 4 elementos<\/li>\n<li>Herramientas m\u00e1gicas<\/li>\n<li>Ritual y ceremonia<\/li>\n<li>\u00a1Mucho m\u00e1s!<\/li>\n<\/ul>\n<p><a href=\"https:\/\/escolamodernademisterios.com\/contate-nos\/\">\u00a1Comun\u00edquese con la escuela Moderna de Misterios para averiguar cu\u00e1ndo se ofrecer\u00e1 esta clase!<\/a><\/p>\n<p>[\/et_pb_text][et_pb_divider color=\u00bb#c6aa8a\u00bb _builder_version=\u00bb4.18.0&#8243; _module_preset=\u00bbdefault\u00bb global_colors_info=\u00bb{}\u00bb theme_builder_area=\u00bbpost_content\u00bb][\/et_pb_divider][et_pb_image src=\u00bbhttps:\/\/escolamodernademisterios.com\/wp-content\/uploads\/2022\/12\/Brazil-Website_earth.png\u00bb title_text=\u00bbBrazil Website_earth\u00bb _builder_version=\u00bb4.19.4&#8243; _module_preset=\u00bbdefault\u00bb max_width_tablet=\u00bb30%\u00bb max_width_phone=\u00bb50%\u00bb max_width_last_edited=\u00bbon|phone\u00bb hover_enabled=\u00bb0&#8243; module_alignment_tablet=\u00bbcenter\u00bb module_alignment_phone=\u00bbcenter\u00bb module_alignment_last_edited=\u00bbon|tablet\u00bb global_colors_info=\u00bb{}\u00bb theme_builder_area=\u00bbpost_content\u00bb width=\u00bb20%\u00bb sticky_enabled=\u00bb0&#8243;][\/et_pb_image][et_pb_text _builder_version=\u00bb4.18.0&#8243; _module_preset=\u00bbdefault\u00bb text_line_height=\u00bb1.5em\u00bb background_color=\u00bb#FFFFFF\u00bb width=\u00bb100%\u00bb custom_margin=\u00bb0px|-6px||1px|false|false\u00bb custom_padding=\u00bb|0px|0px|0px|false|false\u00bb header_3_text_align_tablet=\u00bbcenter\u00bb header_3_text_align_phone=\u00bbcenter\u00bb header_3_text_align_last_edited=\u00bbon|phone\u00bb global_colors_info=\u00bb{}\u00bb theme_builder_area=\u00bbpost_content\u00bb]<\/p>\n<h3>SERIE DEL DESPERTAR DE GAIA<\/h3>\n<p>\u00a1Una serie de 5 partes sobre Magia Elemental!<\/p>\n<p>\u00a1Con\u00e9ctese con el Elemento de la Tierra para crear estabilidad, manifestaci\u00f3n y abundancia en su vida!<\/p>\n<p>\u00a1Trabajando con los poderes creativos de esta pr\u00e1ctica ancestral usted tambi\u00e9n puede aprender a trabajar con la magia de las hierbas y los cristales, canalizando estos dones de la tierra y dirigiendo su energ\u00eda hacia sus metas y deseos!<\/p>\n<p>En esta clase adquirir\u00e1:<\/p>\n<ul>\n<li>Mayor conexi\u00f3n con la energ\u00eda de la Tierra<\/li>\n<li>Comprensi\u00f3n sobre el manejo de las hierbas y de la comunicaci\u00f3n<\/li>\n<li>Conexi\u00f3n m\u00e1s profunda con la Madre Tierra y la diosa Lilith<\/li>\n<li>\u25cf La ense\u00f1anza oficial de muchas recetas de hechizos antiguos para la sanaci\u00f3n, la abundancia, la alegr\u00eda, el amor y m\u00e1s<\/li>\n<li>Varios amuletos m\u00e1gicos completos para que se los lleve a casa para su uso personal<\/li>\n<li>Conocimiento sobre sus habilidades m\u00e1gicas naturales<\/li>\n<\/ul>\n<p>[\/et_pb_text][et_pb_image src=\u00bbhttps:\/\/escolamodernademisterios.com\/wp-content\/uploads\/2023\/01\/wicca-water.jpg\u00bb title_text=\u00bbwicca water\u00bb _builder_version=\u00bb4.19.4&#8243; _module_preset=\u00bbdefault\u00bb max_width_tablet=\u00bb30%\u00bb max_width_phone=\u00bb50%\u00bb max_width_last_edited=\u00bbon|phone\u00bb hover_enabled=\u00bb0&#8243; module_alignment_tablet=\u00bbcenter\u00bb module_alignment_phone=\u00bbcenter\u00bb module_alignment_last_edited=\u00bbon|tablet\u00bb global_colors_info=\u00bb{}\u00bb theme_builder_area=\u00bbpost_content\u00bb width=\u00bb20%\u00bb sticky_enabled=\u00bb0&#8243;][\/et_pb_image][et_pb_text _builder_version=\u00bb4.18.0&#8243; _module_preset=\u00bbdefault\u00bb text_line_height=\u00bb1.5em\u00bb background_color=\u00bb#FFFFFF\u00bb width=\u00bb100%\u00bb custom_margin=\u00bb0px|-6px||1px|false|false\u00bb custom_padding=\u00bb|0px|0px|0px|false|false\u00bb header_3_text_align_tablet=\u00bbcenter\u00bb header_3_text_align_phone=\u00bbcenter\u00bb header_3_text_align_last_edited=\u00bbon|tablet\u00bb global_colors_info=\u00bb{}\u00bb theme_builder_area=\u00bbpost_content\u00bb]<\/p>\n<h3>DESPERTARES DEL AGUA<\/h3>\n<p>\u00a1Despierte el elemento Agua en su vida para limpiar las emociones y aprovechar el flujo Universal!<\/p>\n<p>\u00a1El poder del agua puede traer sanaci\u00f3n, limpieza, discernimiento y fluidez para su vida! Trabajando con esta antigua pr\u00e1ctica de la tradici\u00f3n Wicca, \u00a1usted tambi\u00e9n podr\u00e1 canalizar el potencial m\u00e1gico del agua para lograr sus metas y deseos!<\/p>\n<p>En esta clase adquirir\u00e1:<\/p>\n<ul>\n<li>Mayor conexi\u00f3n con la energ\u00eda del Agua<\/li>\n<li>Recetas de ba\u00f1os de sales m\u00e1gicos<\/li>\n<li>Conciencia m\u00e1s profunda sobre la naturaleza m\u00e1gica del agua<\/li>\n<li>Conocimiento sobre c\u00f3mo el agua est\u00e1 influenciada por las energ\u00edas lunares, solares, de la tierra, del aire y del fuego.<\/li>\n<li>Esencias de aguas completas, pulverizadores de sala y Sales de Ba\u00f1o M\u00e1gicas para uso personal<\/li>\n<li>Conocimiento sobre sus habilidades m\u00e1gicas naturales<\/li>\n<\/ul>\n<p>[\/et_pb_text][et_pb_image src=\u00bbhttps:\/\/escolamodernademisterios.com\/wp-content\/uploads\/2022\/12\/Brazil-Website_air.png\u00bb title_text=\u00bbReino Unido Website_air\u00bb _builder_version=\u00bb4.19.4&#8243; _module_preset=\u00bbdefault\u00bb max_width_tablet=\u00bb30%\u00bb max_width_phone=\u00bb50%\u00bb max_width_last_edited=\u00bbon|phone\u00bb hover_enabled=\u00bb0&#8243; module_alignment_tablet=\u00bbcenter\u00bb module_alignment_phone=\u00bbcenter\u00bb module_alignment_last_edited=\u00bbon|tablet\u00bb global_colors_info=\u00bb{}\u00bb theme_builder_area=\u00bbpost_content\u00bb width=\u00bb20%\u00bb sticky_enabled=\u00bb0&#8243;][\/et_pb_image][et_pb_text _builder_version=\u00bb4.18.0&#8243; _module_preset=\u00bbdefault\u00bb text_line_height=\u00bb1.5em\u00bb background_color=\u00bb#FFFFFF\u00bb width=\u00bb100%\u00bb custom_margin=\u00bb0px|-6px||1px|false|false\u00bb custom_padding=\u00bb|0px||0px|false|false\u00bb header_3_text_align_tablet=\u00bbcenter\u00bb header_3_text_align_phone=\u00bbcenter\u00bb header_3_text_align_last_edited=\u00bbon|tablet\u00bb global_colors_info=\u00bb{}\u00bb theme_builder_area=\u00bbpost_content\u00bb]<\/p>\n<h3>DESPERTAR DEL AIRE<\/h3>\n<p>\u00a1Despierte el elemento aire en su vida y aumente su conciencia!<\/p>\n<p>El poder del Aire es reconocido como un elemento que aumenta el \u00e1nimo y la frecuencia vibratoria a trav\u00e9s de los inciensos, los poderes de la defumaci\u00f3n y los aromas. Los Aceites Esenciales encierran los misterios de la tierra en su dulce fragancia y nos ayudan a desbloquear las energ\u00edas ps\u00edquicas de nuestro interior. Mientras que la quema de hierbas y resinas caracter\u00edsticas en forma de humo es una forma potente y antigua de purificarse y curarse.<\/p>\n<p>Descubre m\u00e1s sobre el trabajo con aceites esenciales, hierbas y resinas en la tradici\u00f3n Wicca y crea magia a\u00e9rea en tu vida.<\/p>\n<p>&nbsp;<\/p>\n<p>En esta clase ganar\u00e1s:<\/p>\n<ul>\n<li>Conocimientos de aceites esenciales, hierbas y reinas<\/li>\n<li>Historia y aplicaci\u00f3n de las unciones y ceremonias de ahumado<\/li>\n<li>Recetas de mezclas de aceites esenciales<\/li>\n<li>C\u00f3mo convertir aceite y hierbas en potentes varitas de incienso<\/li>\n<li>As\u00ed como aceites esenciales m\u00e1gicos para llevar a casa para su uso personal<\/li>\n<\/ul>\n<p>[\/et_pb_text][et_pb_image src=\u00bbhttps:\/\/escolamodernademisterios.com\/wp-content\/uploads\/2022\/12\/Brazil-Website_fire.png\u00bb title_text=\u00bbBrazil Website_fire\u00bb _builder_version=\u00bb4.19.4&#8243; _module_preset=\u00bbdefault\u00bb max_width_tablet=\u00bb30%\u00bb max_width_phone=\u00bb50%\u00bb max_width_last_edited=\u00bbon|phone\u00bb hover_enabled=\u00bb0&#8243; module_alignment_tablet=\u00bbcenter\u00bb module_alignment_phone=\u00bbcenter\u00bb module_alignment_last_edited=\u00bbon|tablet\u00bb global_colors_info=\u00bb{}\u00bb theme_builder_area=\u00bbpost_content\u00bb width=\u00bb20%\u00bb sticky_enabled=\u00bb0&#8243;][\/et_pb_image][et_pb_text _builder_version=\u00bb4.18.0&#8243; _module_preset=\u00bbdefault\u00bb text_line_height=\u00bb1.5em\u00bb background_color=\u00bb#FFFFFF\u00bb width=\u00bb100%\u00bb custom_margin=\u00bb0px|-6px||1px|false|false\u00bb custom_padding=\u00bb|0px|0px|0px|false|false\u00bb header_3_text_align_tablet=\u00bbcenter\u00bb header_3_text_align_phone=\u00bbcenter\u00bb header_3_text_align_last_edited=\u00bbon|tablet\u00bb global_colors_info=\u00bb{}\u00bb theme_builder_area=\u00bbpost_content\u00bb]<\/p>\n<h3>DESPERTAR DEL FUEGO<\/h3>\n<p>\u00a1Despierta el elemento fuego y enciende tu pasi\u00f3n!<\/p>\n<p>El fuego ha sido parte integrante de las ceremonias espirituales desde sus or\u00edgenes. Se considera el elemento terrestre de mayor vibraci\u00f3n y su presencia en nuestras vidas es vital para nuestra pasi\u00f3n, motivaci\u00f3n y creatividad.<\/p>\n<p>Ya sea trabajando con las cualidades energ\u00e9ticas del fuego o con la propia llama a trav\u00e9s de las velas, \u00a1acoradr el elemento del fuego en tu vida seguro que hace arder tu coraz\u00f3n!<\/p>\n<p>En esta clase ganar\u00e1s:<\/p>\n<ul>\n<li>La historia del trabajo con fuego en la pr\u00e1ctica de la magia<\/li>\n<li>Comprender el verdadero potencial de la llama<\/li>\n<li>La combinaci\u00f3n de los dem\u00e1s elementos con el fuego<\/li>\n<li>C\u00f3mo formular intenciones y declaraciones claras<\/li>\n<li>C\u00f3mo hacer magia con velas<\/li>\n<li>\u00a1C\u00f3mo manifestar tus metas, sue\u00f1os y deseos!<\/li>\n<\/ul>\n<p>[\/et_pb_text][et_pb_image src=\u00bbhttps:\/\/escolamodernademisterios.com\/wp-content\/uploads\/2022\/12\/Brazil-Website_wicca.png\u00bb title_text=\u00bbBrazil Website_wicca\u00bb _builder_version=\u00bb4.19.4&#8243; _module_preset=\u00bbdefault\u00bb max_width_tablet=\u00bb30%\u00bb max_width_phone=\u00bb50%\u00bb max_width_last_edited=\u00bbon|phone\u00bb hover_enabled=\u00bb0&#8243; module_alignment_tablet=\u00bbcenter\u00bb module_alignment_phone=\u00bbcenter\u00bb module_alignment_last_edited=\u00bbon|tablet\u00bb global_colors_info=\u00bb{}\u00bb theme_builder_area=\u00bbpost_content\u00bb width=\u00bb20%\u00bb sticky_enabled=\u00bb0&#8243;][\/et_pb_image][et_pb_text _builder_version=\u00bb4.18.0&#8243; _module_preset=\u00bbdefault\u00bb text_line_height=\u00bb1.5em\u00bb background_color=\u00bb#FFFFFF\u00bb width=\u00bb100%\u00bb custom_margin=\u00bb0px|-6px||1px|false|false\u00bb custom_padding=\u00bb|0px||0px|false|false\u00bb header_3_text_align_tablet=\u00bbcenter\u00bb header_3_text_align_phone=\u00bbcenter\u00bb header_3_text_align_last_edited=\u00bbon|tablet\u00bb global_colors_info=\u00bb{}\u00bb theme_builder_area=\u00bbpost_content\u00bb]<\/p>\n<h3>DESPERTAR DEL ESP\u00cdRITU<\/h3>\n<p>La fuente de todo, la esencia sagrada de la vida, \u00a1el verdadero poder de la creaci\u00f3n!<\/p>\n<p>El Despertar del Esp\u00edritu es la culminaci\u00f3n del trabajo con los elementos, a\u00f1adiendo el 5\u00ba y m\u00e1s vital elemento. En este curo se le ense\u00f1ar\u00e1 el sagrado arte de trabajar con el sill\u00f3n. Esta clase es ideal para aquellos que planean continuar sus estudios m\u00e1gicos como practicantes en solitario o que planean unirse a un Coven y progresar a trav\u00e9s de las iniciaciones de Sacerdote\/Sacerdotisa.<\/p>\n<p>Prerrequisito: Haber completado los cursos del Despertar de la Tierra, el Agua, el Fuego y el Aire.<\/p>\n<p>INICIACI\u00d3N SACERDOTE\/SACERDOTISA WICCA<\/p>\n<p>NIVELES 1-6<\/p>\n<p>WICCA ALTO SACERDOCIO \/ ALTA SACERDOTISA INICIACI\u00d3N<\/p>\n<p>NIVELES 7-13<\/p>\n<p>Para quienes desean llevar sus habilidades m\u00e1gicas al siguiente nivel y servir a los dem\u00e1s mediante rituales y ceremonias.<\/p>\n<p>Es un prerrequisito terminar toda la Serie Gaia Awakenings y ser un miembro activo del Coven Wicca de EMM. <a href=\"https:\/\/escolamodernademisterios.com\/contate-nos\/\">Para obtener m\u00e1s informaci\u00f3n, comun\u00edquese con la Escuela Moderna de Misterios.<\/a> <\/p>\n<p><strong><a href=\"https:\/\/escolamodernademisterios.com\/contate-nos\/\">Comun\u00edquese con la Escuela Moderna de Misterios para obtener m\u00e1s informaci\u00f3n sobre cu\u00e1ndo se ofrecer\u00e1n estas clases.<\/a><\/strong><\/p>\n<p>&nbsp;<\/p>\n<p>[\/et_pb_text][\/et_pb_column_inner][\/et_pb_row_inner][\/et_pb_column][et_pb_column type=\u00bb1_4&#8243; theme_builder_area=\u00bbpost_content\u00bb][et_pb_sidebar orientation=\u00bbright\u00bb disabled_on=\u00bbon|on|off\u00bb _builder_version=\u00bb4.18.0&#8243; _module_preset=\u00bbdefault\u00bb header_font_size=\u00bb17px\u00bb custom_margin=\u00bb|-40px||-4px||\u00bb global_colors_info=\u00bb{}\u00bb theme_builder_area=\u00bbpost_content\u00bb][\/et_pb_sidebar][\/et_pb_column][\/et_pb_section][et_pb_section fb_built=\u00bb1&#8243; _builder_version=\u00bb4.18.0&#8243; _module_preset=\u00bbdefault\u00bb background_color=\u00bb#d3b779&#8243; custom_padding=\u00bb0px||0px|||\u00bb global_module=\u00bb987495444&#8243; saved_tabs=\u00bball\u00bb global_colors_info=\u00bb{}\u00bb][et_pb_row column_structure=\u00bb1_3,1_3,1_3&#8243; _builder_version=\u00bb4.18.0&#8243; _module_preset=\u00bbdefault\u00bb global_colors_info=\u00bb{}\u00bb][et_pb_column type=\u00bb1_3&#8243; _builder_version=\u00bb4.18.0&#8243; _module_preset=\u00bbdefault\u00bb global_colors_info=\u00bb{}\u00bb][et_pb_blurb use_icon=\u00bbon\u00bb font_icon=\u00bb&#xe081;||divi||400&#8243; icon_color=\u00bb#FFFFFF\u00bb icon_placement=\u00bbleft\u00bb image_icon_width=\u00bb27px\u00bb _builder_version=\u00bb4.19.4&#8243; _module_preset=\u00bbdefault\u00bb header_text_color=\u00bb#FFFFFF\u00bb body_text_color=\u00bb#FFFFFF\u00bb body_font_size=\u00bb17px\u00bb body_line_height=\u00bb1.4em\u00bb global_colors_info=\u00bb{}\u00bb]<\/p>\n<p><span>Avenida Pequeno Pr\u00edncipe, 1482, loja 03 \u2013 Campeche, Florian\u00f3polis \u2013 SC, Brasil<\/span><\/p>\n<p>[\/et_pb_blurb][\/et_pb_column][et_pb_column type=\u00bb1_3&#8243; _builder_version=\u00bb4.18.0&#8243; _module_preset=\u00bbdefault\u00bb global_colors_info=\u00bb{}\u00bb][et_pb_blurb use_icon=\u00bbon\u00bb font_icon=\u00bb&#xe076;||divi||400&#8243; icon_color=\u00bb#FFFFFF\u00bb icon_placement=\u00bbleft\u00bb image_icon_width=\u00bb27px\u00bb _builder_version=\u00bb4.18.0&#8243; _module_preset=\u00bbdefault\u00bb header_text_color=\u00bb#FFFFFF\u00bb body_text_color=\u00bb#FFFFFF\u00bb body_font_size=\u00bb17px\u00bb body_line_height=\u00bb1.4em\u00bb link_option_url=\u00bbmailto:info@escolamodernademisterios.com.br\u00bb global_colors_info=\u00bb{}\u00bb]<\/p>\n<p>info@escolamodernademisterios.com.br<\/p>\n<p>[\/et_pb_blurb][\/et_pb_column][et_pb_column type=\u00bb1_3&#8243; _builder_version=\u00bb4.18.0&#8243; _module_preset=\u00bbdefault\u00bb global_colors_info=\u00bb{}\u00bb][et_pb_blurb use_icon=\u00bbon\u00bb font_icon=\u00bb&#xe090;||divi||400&#8243; icon_color=\u00bb#FFFFFF\u00bb icon_placement=\u00bbleft\u00bb image_icon_width=\u00bb27px\u00bb _builder_version=\u00bb4.18.0&#8243; _module_preset=\u00bbdefault\u00bb header_text_color=\u00bb#FFFFFF\u00bb body_text_color=\u00bb#FFFFFF\u00bb body_font_size=\u00bb17px\u00bb body_line_height=\u00bb1.4em\u00bb body_font_tablet=\u00bb\u00bb body_font_phone=\u00bb\u00bb body_font_last_edited=\u00bbon|desktop\u00bb global_colors_info=\u00bb{}\u00bb]<\/p>\n<p><span style=\"color: #ffffff;\">+55 48 9 9163 4824<\/span><\/p>\n<p>[\/et_pb_blurb][\/et_pb_column][\/et_pb_row][\/et_pb_section]<\/p>\n","protected":false},"excerpt":{"rendered":"<p>\u00a1LA MAGIA DE LA VIDA A TRAV\u00c9S DE LA WICCA! Existe gran cantidad de conceptos err\u00f3neos en torno al t\u00e9rmino \u00abWicca\u00bb o \u00abBrujer\u00eda\u00bb \u2013 una forma innata de magia que [&hellip;]<\/p>\n","protected":false},"author":1,"featured_media":0,"parent":0,"menu_order":0,"comment_status":"closed","ping_status":"closed","template":"","meta":{"_et_pb_use_builder":"on","_et_pb_old_content":"","_et_gb_content_width":"","footnotes":""},"class_list":["post-987497121","page","type-page","status-publish","hentry"],"yoast_head":"<!-- This site is optimized with the Yoast SEO plugin v27.2 - https:\/\/yoast.com\/product\/yoast-seo-wordpress\/ -->\n<title>Wicca | Escola Moderna de Mist\u00e9rios<\/title>\n<meta name=\"robots\" content=\"noindex, follow, max-snippet:-1, max-image-preview:large, max-video-preview:-1\" \/>\n<meta property=\"og:locale\" content=\"es_ES\" \/>\n<meta property=\"og:type\" content=\"article\" \/>\n<meta property=\"og:title\" content=\"Wicca | Escola Moderna de Mist\u00e9rios\" \/>\n<meta property=\"og:description\" content=\"\u00a1LA MAGIA DE LA VIDA A TRAV\u00c9S DE LA WICCA! Existe gran cantidad de conceptos err\u00f3neos en torno al t\u00e9rmino &quot;Wicca&quot; o &quot;Brujer\u00eda&quot; \u2013 una forma innata de magia que [&hellip;]\" \/>\n<meta property=\"og:url\" content=\"https:\/\/escolamodernademisterios.com\/es\/wicca\/\" \/>\n<meta property=\"og:site_name\" content=\"Escola Moderna de Mist\u00e9rios\" \/>\n<meta property=\"article:publisher\" content=\"https:\/\/www.facebook.com\/EscolaDeMisteriosBrasil\" \/>\n<meta property=\"article:modified_time\" content=\"2023-05-30T17:29:18+00:00\" \/>\n<meta name=\"twitter:card\" content=\"summary_large_image\" \/>\n<meta name=\"twitter:label1\" content=\"Tiempo de lectura\" \/>\n\t<meta name=\"twitter:data1\" content=\"10 minutos\" \/>\n<script type=\"application\/ld+json\" class=\"yoast-schema-graph\">{\"@context\":\"https:\/\/schema.org\",\"@graph\":[{\"@type\":\"WebPage\",\"@id\":\"https:\/\/escolamodernademisterios.com\/es\/wicca\/\",\"url\":\"https:\/\/escolamodernademisterios.com\/es\/wicca\/\",\"name\":\"Wicca | Escola Moderna de Mist\u00e9rios\",\"isPartOf\":{\"@id\":\"https:\/\/escolamodernademisterios.com\/es\/#website\"},\"datePublished\":\"2022-10-28T03:19:31+00:00\",\"dateModified\":\"2023-05-30T17:29:18+00:00\",\"breadcrumb\":{\"@id\":\"https:\/\/escolamodernademisterios.com\/es\/wicca\/#breadcrumb\"},\"inLanguage\":\"es\",\"potentialAction\":[{\"@type\":\"ReadAction\",\"target\":[\"https:\/\/escolamodernademisterios.com\/es\/wicca\/\"]}]},{\"@type\":\"BreadcrumbList\",\"@id\":\"https:\/\/escolamodernademisterios.com\/es\/wicca\/#breadcrumb\",\"itemListElement\":[{\"@type\":\"ListItem\",\"position\":1,\"name\":\"In\u00edcio\",\"item\":\"https:\/\/escolamodernademisterios.com\/es\/987496733-2\/\"},{\"@type\":\"ListItem\",\"position\":2,\"name\":\"Wicca\"}]},{\"@type\":\"WebSite\",\"@id\":\"https:\/\/escolamodernademisterios.com\/es\/#website\",\"url\":\"https:\/\/escolamodernademisterios.com\/es\/\",\"name\":\"Escola Moderna de Mist\u00e9rios\",\"description\":\"N\u00f3s somos uma Escola de Mist\u00e9rios que acredita no empoderamento de todos os seres humanos para viver uma vida de paz, alegria, sucesso, abund\u00e2ncia, harmonia e alinhamento com seu prop\u00f3sito individual. Acreditamos que a descoberta do potencial individual faz parte da experi\u00eancia da vida e \u00e9 parte do crescimento espiritual e f\u00edsico.\",\"publisher\":{\"@id\":\"https:\/\/escolamodernademisterios.com\/es\/#organization\"},\"potentialAction\":[{\"@type\":\"SearchAction\",\"target\":{\"@type\":\"EntryPoint\",\"urlTemplate\":\"https:\/\/escolamodernademisterios.com\/es\/?s={search_term_string}\"},\"query-input\":{\"@type\":\"PropertyValueSpecification\",\"valueRequired\":true,\"valueName\":\"search_term_string\"}}],\"inLanguage\":\"es\"},{\"@type\":\"Organization\",\"@id\":\"https:\/\/escolamodernademisterios.com\/es\/#organization\",\"name\":\"Escola Moderna de Mist\u00e9rios\",\"url\":\"https:\/\/escolamodernademisterios.com\/es\/\",\"logo\":{\"@type\":\"ImageObject\",\"inLanguage\":\"es\",\"@id\":\"https:\/\/escolamodernademisterios.com\/es\/#\/schema\/logo\/image\/\",\"url\":\"https:\/\/escolamodernademisterios.com\/wp-content\/uploads\/2023\/06\/Logo-696x696-1.png\",\"contentUrl\":\"https:\/\/escolamodernademisterios.com\/wp-content\/uploads\/2023\/06\/Logo-696x696-1.png\",\"width\":675,\"height\":696,\"caption\":\"Escola Moderna de Mist\u00e9rios\"},\"image\":{\"@id\":\"https:\/\/escolamodernademisterios.com\/es\/#\/schema\/logo\/image\/\"},\"sameAs\":[\"https:\/\/www.facebook.com\/EscolaDeMisteriosBrasil\",\"https:\/\/www.instagram.com\/escola_modernademisterios\/\"]}]}<\/script>\n<!-- \/ Yoast SEO plugin. -->","yoast_head_json":{"title":"Wicca | Escola Moderna de Mist\u00e9rios","robots":{"index":"noindex","follow":"follow","max-snippet":"max-snippet:-1","max-image-preview":"max-image-preview:large","max-video-preview":"max-video-preview:-1"},"og_locale":"es_ES","og_type":"article","og_title":"Wicca | Escola Moderna de Mist\u00e9rios","og_description":"\u00a1LA MAGIA DE LA VIDA A TRAV\u00c9S DE LA WICCA! Existe gran cantidad de conceptos err\u00f3neos en torno al t\u00e9rmino \"Wicca\" o \"Brujer\u00eda\" \u2013 una forma innata de magia que [&hellip;]","og_url":"https:\/\/escolamodernademisterios.com\/es\/wicca\/","og_site_name":"Escola Moderna de Mist\u00e9rios","article_publisher":"https:\/\/www.facebook.com\/EscolaDeMisteriosBrasil","article_modified_time":"2023-05-30T17:29:18+00:00","twitter_card":"summary_large_image","twitter_misc":{"Tiempo de lectura":"10 minutos"},"schema":{"@context":"https:\/\/schema.org","@graph":[{"@type":"WebPage","@id":"https:\/\/escolamodernademisterios.com\/es\/wicca\/","url":"https:\/\/escolamodernademisterios.com\/es\/wicca\/","name":"Wicca | Escola Moderna de Mist\u00e9rios","isPartOf":{"@id":"https:\/\/escolamodernademisterios.com\/es\/#website"},"datePublished":"2022-10-28T03:19:31+00:00","dateModified":"2023-05-30T17:29:18+00:00","breadcrumb":{"@id":"https:\/\/escolamodernademisterios.com\/es\/wicca\/#breadcrumb"},"inLanguage":"es","potentialAction":[{"@type":"ReadAction","target":["https:\/\/escolamodernademisterios.com\/es\/wicca\/"]}]},{"@type":"BreadcrumbList","@id":"https:\/\/escolamodernademisterios.com\/es\/wicca\/#breadcrumb","itemListElement":[{"@type":"ListItem","position":1,"name":"In\u00edcio","item":"https:\/\/escolamodernademisterios.com\/es\/987496733-2\/"},{"@type":"ListItem","position":2,"name":"Wicca"}]},{"@type":"WebSite","@id":"https:\/\/escolamodernademisterios.com\/es\/#website","url":"https:\/\/escolamodernademisterios.com\/es\/","name":"Escola Moderna de Mist\u00e9rios","description":"N\u00f3s somos uma Escola de Mist\u00e9rios que acredita no empoderamento de todos os seres humanos para viver uma vida de paz, alegria, sucesso, abund\u00e2ncia, harmonia e alinhamento com seu prop\u00f3sito individual. Acreditamos que a descoberta do potencial individual faz parte da experi\u00eancia da vida e \u00e9 parte do crescimento espiritual e f\u00edsico.","publisher":{"@id":"https:\/\/escolamodernademisterios.com\/es\/#organization"},"potentialAction":[{"@type":"SearchAction","target":{"@type":"EntryPoint","urlTemplate":"https:\/\/escolamodernademisterios.com\/es\/?s={search_term_string}"},"query-input":{"@type":"PropertyValueSpecification","valueRequired":true,"valueName":"search_term_string"}}],"inLanguage":"es"},{"@type":"Organization","@id":"https:\/\/escolamodernademisterios.com\/es\/#organization","name":"Escola Moderna de Mist\u00e9rios","url":"https:\/\/escolamodernademisterios.com\/es\/","logo":{"@type":"ImageObject","inLanguage":"es","@id":"https:\/\/escolamodernademisterios.com\/es\/#\/schema\/logo\/image\/","url":"https:\/\/escolamodernademisterios.com\/wp-content\/uploads\/2023\/06\/Logo-696x696-1.png","contentUrl":"https:\/\/escolamodernademisterios.com\/wp-content\/uploads\/2023\/06\/Logo-696x696-1.png","width":675,"height":696,"caption":"Escola Moderna de Mist\u00e9rios"},"image":{"@id":"https:\/\/escolamodernademisterios.com\/es\/#\/schema\/logo\/image\/"},"sameAs":["https:\/\/www.facebook.com\/EscolaDeMisteriosBrasil","https:\/\/www.instagram.com\/escola_modernademisterios\/"]}]}},"_links":{"self":[{"href":"https:\/\/escolamodernademisterios.com\/es\/wp-json\/wp\/v2\/pages\/987497121","targetHints":{"allow":["GET"]}}],"collection":[{"href":"https:\/\/escolamodernademisterios.com\/es\/wp-json\/wp\/v2\/pages"}],"about":[{"href":"https:\/\/escolamodernademisterios.com\/es\/wp-json\/wp\/v2\/types\/page"}],"author":[{"embeddable":true,"href":"https:\/\/escolamodernademisterios.com\/es\/wp-json\/wp\/v2\/users\/1"}],"replies":[{"embeddable":true,"href":"https:\/\/escolamodernademisterios.com\/es\/wp-json\/wp\/v2\/comments?post=987497121"}],"version-history":[{"count":2,"href":"https:\/\/escolamodernademisterios.com\/es\/wp-json\/wp\/v2\/pages\/987497121\/revisions"}],"predecessor-version":[{"id":987497123,"href":"https:\/\/escolamodernademisterios.com\/es\/wp-json\/wp\/v2\/pages\/987497121\/revisions\/987497123"}],"wp:attachment":[{"href":"https:\/\/escolamodernademisterios.com\/es\/wp-json\/wp\/v2\/media?parent=987497121"}],"curies":[{"name":"wp","href":"https:\/\/api.w.org\/{rel}","templated":true}]}}